{"id":903,"date":"2023-08-03T09:37:27","date_gmt":"2023-08-03T06:37:27","guid":{"rendered":"https:\/\/uronline.lv\/?page_id=903"},"modified":"2025-06-10T13:45:13","modified_gmt":"2025-06-10T10:45:13","slug":"%d0%b8%d0%b7%d0%bc%d0%b5%d0%bd%d0%b5%d0%bd%d0%b8%d0%b5-%d0%bd%d0%b0%d0%b7%d0%b2%d0%b0%d0%bd%d0%b8%d1%8f-%d0%ba%d0%be%d0%bc%d0%bf%d0%b0%d0%bd%d0%b8%d0%b8-%d1%81-%d0%be%d0%b3%d1%80%d0%b0%d0%bd%d0%b8","status":"publish","type":"page","link":"https:\/\/uronline.lv\/ru\/%d0%b8%d0%b7%d0%bc%d0%b5%d0%bd%d0%b5%d0%bd%d0%b8%d0%b5-%d0%bd%d0%b0%d0%b7%d0%b2%d0%b0%d0%bd%d0%b8%d1%8f-%d0%ba%d0%be%d0%bc%d0%bf%d0%b0%d0%bd%d0%b8%d0%b8-%d1%81-%d0%be%d0%b3%d1%80%d0%b0%d0%bd%d0%b8\/","title":{"rendered":"\u0418\u0437\u043c\u0435\u043d\u0435\u043d\u0438\u0435 \u043d\u0430\u0437\u0432\u0430\u043d\u0438\u044f \u043a\u043e\u043c\u043f\u0430\u043d\u0438\u0438 \u0441 \u043e\u0433\u0440\u0430\u043d\u0438\u0447\u0435\u043d\u043d\u043e\u0439 \u043e\u0442\u0432\u0435\u0442\u0441\u0442\u0432\u0435\u043d\u043d\u043e\u0441\u0442\u044c\u044e"},"content":{"rendered":"<div data-elementor-type=\"wp-page\" data-elementor-id=\"903\" class=\"elementor elementor-903\" data-elementor-post-type=\"page\">\n\t\t\t\t<div data-particle_enable=\"false\" data-particle-mobile-disabled=\"false\" class=\"elementor-element elementor-element-371bbe1 e-flex e-con-boxed e-con e-parent\" data-id=\"371bbe1\" data-element_type=\"container\" data-e-type=\"container\">\n\t\t\t\t\t<div class=\"e-con-inner\">\n\t\t\t\t<div class=\"elementor-element elementor-element-4caa2965 elementor-widget elementor-widget-spacer\" data-id=\"4caa2965\" data-element_type=\"widget\" data-e-type=\"widget\" data-widget_type=\"spacer.default\">\n\t\t\t\t<div class=\"elementor-widget-container\">\n\t\t\t\t\t\t\t<div class=\"elementor-spacer\">\n\t\t\t<div class=\"elementor-spacer-inner\"><\/div>\n\t\t<\/div>\n\t\t\t\t\t\t<\/div>\n\t\t\t\t<\/div>\n\t\t\t\t\t<\/div>\n\t\t\t\t<\/div>\n\t\t<div data-particle_enable=\"false\" data-particle-mobile-disabled=\"false\" class=\"elementor-element elementor-element-5effabd0 e-flex e-con-boxed e-con e-parent\" data-id=\"5effabd0\" data-element_type=\"container\" data-e-type=\"container\">\n\t\t\t\t\t<div class=\"e-con-inner\">\n\t\t\t\t<div class=\"elementor-element elementor-element-620fc30c elementor-widget elementor-widget-heading\" data-id=\"620fc30c\" data-element_type=\"widget\" data-e-type=\"widget\" data-widget_type=\"heading.default\">\n\t\t\t\t<div class=\"elementor-widget-container\">\n\t\t\t\t\t<h2 class=\"elementor-heading-title elementor-size-default\">\u0424\u043e\u0440\u043c\u0430 \u0434\u043b\u044f \u0438\u0437\u043c\u0435\u043d\u0435\u043d\u0438\u044f \u043d\u0430\u0437\u0432\u0430\u043d\u0438\u044f \u043a\u043e\u043c\u043f\u0430\u043d\u0438\u0438 \u0441 \u043e\u0433\u0440\u0430\u043d\u0438\u0447\u0435\u043d\u043d\u043e\u0439 \u043e\u0442\u0432\u0435\u0442\u0441\u0442\u0432\u0435\u043d\u043d\u043e\u0441\u0442\u044c\u044e<\/h2>\t\t\t\t<\/div>\n\t\t\t\t<\/div>\n\t\t\t\t\t<\/div>\n\t\t\t\t<\/div>\n\t\t<div data-particle_enable=\"false\" data-particle-mobile-disabled=\"false\" class=\"elementor-element elementor-element-45782872 e-flex e-con-boxed e-con e-parent\" data-id=\"45782872\" data-element_type=\"container\" data-e-type=\"container\">\n\t\t\t\t\t<div class=\"e-con-inner\">\n\t\t\t\t<div class=\"elementor-element elementor-element-7ce53f6b elementor-widget elementor-widget-text-editor\" data-id=\"7ce53f6b\" data-element_type=\"widget\" data-e-type=\"widget\" data-widget_type=\"text-editor.default\">\n\t\t\t\t<div class=\"elementor-widget-container\">\n\t\t\t\t\t\t\t\t\t<p><strong>\u041d\u0430 uronline.lv \u043c\u044b \u043f\u043e\u043d\u0438\u043c\u0430\u0435\u043c \u0432\u0430\u0436\u043d\u043e\u0441\u0442\u044c \u0434\u043e\u0432\u0435\u0440\u0438\u044f \u0438 \u043f\u0440\u043e\u0437\u0440\u0430\u0447\u043d\u043e\u0441\u0442\u0438 \u0432 \u043b\u044e\u0431\u044b\u0445 \u0434\u0435\u043b\u043e\u0432\u044b\u0445 \u043e\u0442\u043d\u043e\u0448\u0435\u043d\u0438\u044f\u0445. \u041c\u044b \u0445\u043e\u0442\u0438\u043c \u0437\u0430\u0432\u0435\u0440\u0438\u0442\u044c \u0432\u0430\u0441, \u0447\u0442\u043e \u043a \u0432\u0430\u0448\u0438\u043c \u0434\u0430\u043d\u043d\u044b\u043c \u043c\u044b \u043e\u0442\u043d\u043e\u0441\u0438\u043c\u0441\u044f \u0441 \u043c\u0430\u043a\u0441\u0438\u043c\u0430\u043b\u044c\u043d\u043e\u0439 \u043e\u0441\u0442\u043e\u0440\u043e\u0436\u043d\u043e\u0441\u0442\u044c\u044e \u0438 \u043a\u043e\u043d\u0444\u0438\u0434\u0435\u043d\u0446\u0438\u0430\u043b\u044c\u043d\u043e\u0441\u0442\u044c\u044e. \u0417\u0430\u0449\u0438\u0442\u0430 \u0432\u0430\u0448\u0435\u0439 \u043b\u0438\u0447\u043d\u043e\u0439 \u0438\u043d\u0444\u043e\u0440\u043c\u0430\u0446\u0438\u0438 \u044f\u0432\u043b\u044f\u0435\u0442\u0441\u044f \u043d\u0430\u0448\u0438\u043c \u0433\u043b\u0430\u0432\u043d\u044b\u043c \u043f\u0440\u0438\u043e\u0440\u0438\u0442\u0435\u0442\u043e\u043c, \u0438 \u043c\u044b \u043f\u0440\u0438\u0434\u0435\u0440\u0436\u0438\u0432\u0430\u0435\u043c\u0441\u044f \u0441\u0442\u0440\u043e\u0433\u0438\u0445 \u043c\u0435\u0440 \u043f\u043e \u0437\u0430\u0449\u0438\u0442\u0435 \u0434\u0430\u043d\u043d\u044b\u0445.<\/strong><\/p>\t\t\t\t\t\t\t\t<\/div>\n\t\t\t\t<\/div>\n\t\t\t\t\t<\/div>\n\t\t\t\t<\/div>\n\t\t<div data-particle_enable=\"false\" data-particle-mobile-disabled=\"false\" class=\"elementor-element elementor-element-40579b38 e-flex e-con-boxed e-con e-parent\" data-id=\"40579b38\" data-element_type=\"container\" data-e-type=\"container\">\n\t\t\t\t\t<div class=\"e-con-inner\">\n\t\t\t\t<div class=\"elementor-element elementor-element-4ba3425c elementor-widget elementor-widget-text-editor\" data-id=\"4ba3425c\" data-element_type=\"widget\" data-e-type=\"widget\" data-widget_type=\"text-editor.default\">\n\t\t\t\t<div class=\"elementor-widget-container\">\n\t\t\t\t\t\t\t\t\t<p><strong>\u041f\u043e\u0436\u0430\u043b\u0443\u0439\u0441\u0442\u0430, \u0437\u0430\u043f\u043e\u043b\u043d\u0438\u0442\u0435 \u0444\u043e\u0440\u043c\u0443 \u0434\u043e \u0438\u043b\u0438 \u043f\u043e\u0441\u043b\u0435 \u043e\u043f\u043b\u0430\u0442\u044b!<\/strong><\/p>\t\t\t\t\t\t\t\t<\/div>\n\t\t\t\t<\/div>\n\t\t\t\t<div class=\"elementor-element elementor-element-6b927971 elementor-widget elementor-widget-text-editor\" data-id=\"6b927971\" data-element_type=\"widget\" data-e-type=\"widget\" data-widget_type=\"text-editor.default\">\n\t\t\t\t<div class=\"elementor-widget-container\">\n\t\t\t\t\t\t\t\t\t<p><strong>\u0417\u0430\u043f\u043e\u043b\u043d\u0435\u043d\u0438\u0435 \u0444\u043e\u0440\u043c\u044b \u0437\u0430\u043d\u0438\u043c\u0430\u0435\u0442 \u043d\u0435 \u0431\u043e\u043b\u0435\u0435 1 \u043c\u0438\u043d\u0443\u0442\u044b.<\/strong><\/p>\t\t\t\t\t\t\t\t<\/div>\n\t\t\t\t<\/div>\n\t\t\t\t\t<\/div>\n\t\t\t\t<\/div>\n\t\t<div data-particle_enable=\"false\" data-particle-mobile-disabled=\"false\" class=\"elementor-element elementor-element-4ff37d2 e-flex e-con-boxed e-con e-parent\" data-id=\"4ff37d2\" data-element_type=\"container\" data-e-type=\"container\">\n\t\t\t\t\t<div class=\"e-con-inner\">\n\t\t\t\t<div class=\"elementor-element elementor-element-64570aa8 elementor-button-align-stretch elementor-widget elementor-widget-form\" data-id=\"64570aa8\" data-element_type=\"widget\" data-e-type=\"widget\" data-settings=\"{&quot;step_next_label&quot;:&quot;Tal\\u0101k&quot;,&quot;step_previous_label&quot;:&quot;Atpaka\\u013c&quot;,&quot;step_type&quot;:&quot;number&quot;,&quot;button_width&quot;:&quot;100&quot;,&quot;step_icon_shape&quot;:&quot;circle&quot;}\" data-widget_type=\"form.default\">\n\t\t\t\t<div class=\"elementor-widget-container\">\n\t\t\t\t\t\t\t<form class=\"elementor-form\" method=\"post\" name=\"New Form\" aria-label=\"\u041d\u043e\u0432\u0430\u044f \u0444\u043e\u0440\u043c\u0430\" action=\"\">\n\t\t\t<input type=\"hidden\" name=\"post_id\" value=\"903\"\/>\n\t\t\t<input type=\"hidden\" name=\"form_id\" value=\"64570aa8\"\/>\n\t\t\t<input type=\"hidden\" name=\"referer_title\" value=\"UR Online Uz\u0146\u0113mumu Re\u0123istra pakalpojumi\" \/>\n\n\t\t\t\n\t\t\t<div class=\"elementor-form-fields-wrapper elementor-labels-above\">\n\t\t\t\t\t\t\t\t<div class=\"elementor-field-type-step elementor-field-group elementor-column elementor-field-group-field_270da63 elementor-col-100\">\n\t\t\t\t\t\t\t<div class=\"e-field-step elementor-hidden\" data-label=\"\" data-previousbutton=\"\" data-nextbutton=\"\" data-iconurl=\"\" data-iconlibrary=\"fas fa-star\" data-icon=\"\" ><\/div>\n\n\t\t\t\t\t\t<\/div>\n\t\t\t\t\t\t\t\t<div class=\"elementor-field-type-email elementor-field-group elementor-column elementor-field-group-field_d75df8c elementor-col-50 elementor-field-required elementor-mark-required\">\n\t\t\t\t\t\t\t\t\t\t\t\t<label for=\"form-field-field_d75df8c\" class=\"elementor-field-label\">\n\t\t\t\t\t\t\t\t\u0412\u0430\u0448 e-mail\t\t\t\t\t\t\t<\/label>\n\t\t\t\t\t\t\t\t\t\t\t\t\t\t<input size=\"1\" type=\"email\" name=\"form_fields[field_d75df8c]\" id=\"form-field-field_d75df8c\" class=\"elementor-field elementor-size-sm  elementor-field-textual\" placeholder=\"\u042d\u043b\u0435\u043a\u0442\u0440\u043e\u043d\u043d\u0430\u044f \u043f\u043e\u0447\u0442\u0430\" required=\"required\">\n\t\t\t\t\t\t\t\t\t\t\t<\/div>\n\t\t\t\t\t\t\t\t<div class=\"elementor-field-type-step elementor-field-group elementor-column elementor-field-group-field_eea94e6 elementor-col-100\">\n\t\t\t\t\t\t\t<div class=\"e-field-step elementor-hidden\" data-label=\"&gt;&gt;&gt; Juridisk\u0101 adreses\" data-previousbutton=\"\" data-nextbutton=\"\" data-iconurl=\"\" data-iconlibrary=\"fas fa-arrow-right\" data-icon=\"\" ><\/div>\n\n\t\t\t\t\t\t<\/div>\n\t\t\t\t\t\t\t\t<div class=\"elementor-field-type-text elementor-field-group elementor-column elementor-field-group-field_2e1e672 elementor-col-50 elementor-field-required elementor-mark-required\">\n\t\t\t\t\t\t\t\t\t\t\t\t<label for=\"form-field-field_2e1e672\" class=\"elementor-field-label\">\n\t\t\t\t\t\t\t\t\u0421\u0443\u0449\u0435\u0441\u0442\u0432\u0443\u044e\u0449\u0435\u0435 \u043d\u0430\u0437\u0432\u0430\u043d\u0438\u0435 \u0438\u043b\u0438 \u0440\u0435\u0433\u0438\u0441\u0442\u0440\u0430\u0446\u0438\u043e\u043d\u043d\u044b\u0439 \u043d\u043e\u043c\u0435\u0440 SIA\t\t\t\t\t\t\t<\/label>\n\t\t\t\t\t\t\t\t\t\t\t\t\t\t<input size=\"1\" type=\"text\" name=\"form_fields[field_2e1e672]\" id=\"form-field-field_2e1e672\" class=\"elementor-field elementor-size-sm  elementor-field-textual\" placeholder=\"\u041d\u0430\u0437\u0432\u0430\u043d\u0438\u0435 \u0438\u043b\u0438 \u0440\u0435\u0433\u0438\u0441\u0442\u0440\u0430\u0446\u0438\u043e\u043d\u043d\u044b\u0439 \u043d\u043e\u043c\u0435\u0440 SIA\" required=\"required\">\n\t\t\t\t\t\t\t\t\t\t\t<\/div>\n\t\t\t\t\t\t\t\t<div class=\"elementor-field-type-step elementor-field-group elementor-column elementor-field-group-field_20ecf68 elementor-col-100\">\n\t\t\t\t\t\t\t<div class=\"e-field-step elementor-hidden\" data-label=\"\" data-previousbutton=\"\" data-nextbutton=\"\" data-iconurl=\"\" data-iconlibrary=\"fas fa-star\" data-icon=\"\" ><\/div>\n\n\t\t\t\t\t\t<\/div>\n\t\t\t\t\t\t\t\t<div class=\"elementor-field-type-text elementor-field-group elementor-column elementor-field-group-name elementor-col-50 elementor-field-required elementor-mark-required\">\n\t\t\t\t\t\t\t\t\t\t\t\t<label for=\"form-field-name\" class=\"elementor-field-label\">\n\t\t\t\t\t\t\t\t\u041d\u043e\u0432\u043e\u0435 \u043d\u0430\u0437\u0432\u0430\u043d\u0438\u0435 \u0434\u043b\u044f \u043a\u043e\u043c\u043f\u0430\u043d\u0438\u0438 \u0441 \u043e\u0433\u0440\u0430\u043d\u0438\u0447\u0435\u043d\u043d\u043e\u0439 \u043e\u0442\u0432\u0435\u0442\u0441\u0442\u0432\u0435\u043d\u043d\u043e\u0441\u0442\u044c\u044e\t\t\t\t\t\t\t<\/label>\n\t\t\t\t\t\t\t\t\t\t\t\t\t\t<input size=\"1\" type=\"text\" name=\"form_fields[name]\" id=\"form-field-name\" class=\"elementor-field elementor-size-sm  elementor-field-textual\" placeholder=\"\u0418\u043c\u044f\" required=\"required\">\n\t\t\t\t\t\t\t\t\t\t\t<\/div>\n\t\t\t\t\t\t\t\t<div class=\"elementor-field-type-html elementor-field-group elementor-column elementor-field-group-field_2b1be01 elementor-col-100\">\n\t\t\t\t\t<p><b>\u041d\u0435 \u0432\u043e\u043b\u043d\u0443\u0439\u0442\u0435\u0441\u044c, \u043c\u044b \u043f\u0440\u043e\u0432\u0435\u0440\u0438\u043c \u0432\u044b\u0431\u0440\u0430\u043d\u043d\u043e\u0435 \u0432\u0430\u043c\u0438 \u0438\u043c\u044f \u043d\u0430 \u0441\u043e\u043e\u0442\u0432\u0435\u0442\u0441\u0442\u0432\u0438\u0435 \u0442\u0440\u0435\u0431\u043e\u0432\u0430\u043d\u0438\u044f\u043c \u0420\u0435\u0435\u0441\u0442\u0440\u0430 \u043a\u043e\u043c\u043f\u0430\u043d\u0438\u0439!<\/b>\t\t\t\t<\/div>\n\t\t\t\t\t\t\t\t<div class=\"elementor-field-type-step elementor-field-group elementor-column elementor-field-group-field_e386011 elementor-col-100\">\n\t\t\t\t\t\t\t<div class=\"e-field-step elementor-hidden\" data-label=\"\" data-previousbutton=\"\" data-nextbutton=\"\" data-iconurl=\"\" data-iconlibrary=\"fas fa-star\" data-icon=\"\" ><\/div>\n\n\t\t\t\t\t\t<\/div>\n\t\t\t\t\t\t\t\t<div class=\"elementor-field-type-textarea elementor-field-group elementor-column elementor-field-group-field_b84157e elementor-col-100\">\n\t\t\t\t\t\t\t\t\t\t\t\t<label for=\"form-field-field_b84157e\" class=\"elementor-field-label\">\n\t\t\t\t\t\t\t\t\u0414\u043e\u043f\u043e\u043b\u043d\u0438\u0442\u0435\u043b\u044c\u043d\u0430\u044f \u0438\u043d\u0444\u043e\u0440\u043c\u0430\u0446\u0438\u044f \u0438\u043b\u0438 \u043a\u043e\u043c\u043c\u0435\u043d\u0442\u0430\u0440\u0438\u0438\t\t\t\t\t\t\t<\/label>\n\t\t\t\t\t\t<textarea class=\"elementor-field-textual elementor-field  elementor-size-sm\" name=\"form_fields[field_b84157e]\" id=\"form-field-field_b84157e\" rows=\"4\"><\/textarea>\t\t\t\t<\/div>\n\t\t\t\t\t\t\t\t<div class=\"elementor-field-group elementor-column elementor-field-type-submit elementor-col-100 e-form__buttons\">\n\t\t\t\t\t<button class=\"elementor-button elementor-size-sm\" type=\"submit\">\n\t\t\t\t\t\t<span class=\"elementor-button-content-wrapper\">\n\t\t\t\t\t\t\t\t\t\t\t\t\t\t\t\t\t\t\t\t\t\t<span class=\"elementor-button-text\">\u041e\u0442\u043f\u0440\u0430\u0432\u0438\u0442\u044c \u0432<\/span>\n\t\t\t\t\t\t\t\t\t\t\t\t\t<\/span>\n\t\t\t\t\t<\/button>\n\t\t\t\t<\/div>\n\t\t\t<\/div>\n\t\t<input type=\"hidden\" name=\"trp-form-language\" value=\"ru\"\/><\/form>\n\t\t\t\t\t\t<\/div>\n\t\t\t\t<\/div>\n\t\t\t\t\t<\/div>\n\t\t\t\t<\/div>\n\t\t\t\t<\/div>","protected":false},"excerpt":{"rendered":"<p>\u0424\u043e\u0440\u043c\u0430 \u0434\u043b\u044f \u0441\u043c\u0435\u043d\u044b \u043d\u0430\u0437\u0432\u0430\u043d\u0438\u044f \u041e\u041e\u041e \u043d\u0430 uronline.lv \u041c\u044b \u043f\u043e\u043d\u0438\u043c\u0430\u0435\u043c \u0432\u0430\u0436\u043d\u043e\u0441\u0442\u044c \u0434\u043e\u0432\u0435\u0440\u0438\u044f \u0438 \u043f\u0440\u043e\u0437\u0440\u0430\u0447\u043d\u043e\u0441\u0442\u0438 \u0432 \u043b\u044e\u0431\u044b\u0445 \u0434\u0435\u043b\u043e\u0432\u044b\u0445 \u043e\u0442\u043d\u043e\u0448\u0435\u043d\u0438\u044f\u0445. \u041c\u044b \u0445\u043e\u0442\u0438\u043c \u0437\u0430\u0432\u0435\u0440\u0438\u0442\u044c \u0432\u0430\u0441, \u0447\u0442\u043e \u043a \u0432\u0430\u0448\u0438\u043c \u0434\u0430\u043d\u043d\u044b\u043c \u043c\u044b \u043e\u0442\u043d\u043e\u0441\u0438\u043c\u0441\u044f \u0441 \u043c\u0430\u043a\u0441\u0438\u043c\u0430\u043b\u044c\u043d\u043e\u0439 \u043e\u0441\u0442\u043e\u0440\u043e\u0436\u043d\u043e\u0441\u0442\u044c\u044e \u0438 \u043a\u043e\u043d\u0444\u0438\u0434\u0435\u043d\u0446\u0438\u0430\u043b\u044c\u043d\u043e\u0441\u0442\u044c\u044e. \u0417\u0430\u0449\u0438\u0442\u0430 \u0432\u0430\u0448\u0435\u0439 \u043b\u0438\u0447\u043d\u043e\u0439 \u0438\u043d\u0444\u043e\u0440\u043c\u0430\u0446\u0438\u0438 \u044f\u0432\u043b\u044f\u0435\u0442\u0441\u044f \u043d\u0430\u0448\u0438\u043c \u0433\u043b\u0430\u0432\u043d\u044b\u043c \u043f\u0440\u0438\u043e\u0440\u0438\u0442\u0435\u0442\u043e\u043c, \u0438 \u043c\u044b \u043f\u0440\u0438\u0434\u0435\u0440\u0436\u0438\u0432\u0430\u0435\u043c\u0441\u044f \u0441\u0442\u0440\u043e\u0433\u0438\u0445 \u043c\u0435\u0440 \u043f\u043e \u0437\u0430\u0449\u0438\u0442\u0435 \u0434\u0430\u043d\u043d\u044b\u0445. \u041f\u043e\u0436\u0430\u043b\u0443\u0439\u0441\u0442\u0430, \u0437\u0430\u043f\u043e\u043b\u043d\u0438\u0442\u0435 \u0444\u043e\u0440\u043c\u0443 \u0434\u043e \u0438\u043b\u0438 \u043f\u043e\u0441\u043b\u0435 \u043e\u043f\u043b\u0430\u0442\u044b! \u0412\u0440\u0435\u043c\u044f \u0437\u0430\u043f\u043e\u043b\u043d\u0435\u043d\u0438\u044f \u0444\u043e\u0440\u043c\u044b [...].<\/p>","protected":false},"author":1,"featured_media":0,"parent":0,"menu_order":0,"comment_status":"closed","ping_status":"closed","template":"","meta":{"_acf_changed":false,"footnotes":""},"class_list":["post-903","page","type-page","status-publish","hentry"],"acf":[],"yoast_head":"<!-- This site is optimized with the Yoast SEO Premium plugin v25.7.1 (Yoast SEO v25.7) - https:\/\/yoast.com\/wordpress\/plugins\/seo\/ -->\n<title>SIA nosaukuma mai\u0146a * UR Online Uz\u0146\u0113mumu Re\u0123istra pakalpojumi<\/title>\n<meta name=\"robots\" content=\"noindex, follow\" \/>\n<meta property=\"og:locale\" content=\"ru_RU\" \/>\n<meta property=\"og:type\" content=\"article\" \/>\n<meta property=\"og:title\" content=\"SIA nosaukuma mai\u0146a\" \/>\n<meta property=\"og:description\" content=\"SIA nosaukuma mai\u0146as forma uronline.lv vietn\u0113 m\u0113s saprotam uztic\u012bbas un p\u0101rskat\u0101m\u012bbas noz\u012bmi jebkur\u0101s biznesa attiec\u012bb\u0101s. M\u0113s v\u0113lamies jums apliecin\u0101t, ka j\u016bsu dati tiek apstr\u0101d\u0101ti ar visliel\u0101ko r\u016bp\u012bbu un konfidencialit\u0101ti. J\u016bsu personas inform\u0101cijas aizsardz\u012bba ir m\u016bsu galven\u0101 priorit\u0101te, un m\u0113s iev\u0113rojam stingrus datu aizsardz\u012bbas pas\u0101kumus. L\u016bdzu aizpildiet formu pirms vai p\u0113c pakalpojuma apmaksas! Formas aizpild\u012b\u0161anas laiks [&hellip;]\" \/>\n<meta property=\"og:url\" content=\"https:\/\/uronline.lv\/ru\/\u0438\u0437\u043c\u0435\u043d\u0435\u043d\u0438\u0435-\u043d\u0430\u0437\u0432\u0430\u043d\u0438\u044f-\u043a\u043e\u043c\u043f\u0430\u043d\u0438\u0438-\u0441-\u043e\u0433\u0440\u0430\u043d\u0438\/\" \/>\n<meta property=\"og:site_name\" content=\"UR Online Uz\u0146\u0113mumu Re\u0123istra pakalpojumi\" \/>\n<meta property=\"article:publisher\" content=\"https:\/\/www.facebook.com\/profile.php?id=100094762527243\" \/>\n<meta property=\"article:modified_time\" content=\"2025-06-10T10:45:13+00:00\" \/>\n<meta name=\"twitter:card\" content=\"summary_large_image\" \/>\n<meta name=\"twitter:label1\" content=\"\u041f\u0440\u0438\u043c\u0435\u0440\u043d\u043e\u0435 \u0432\u0440\u0435\u043c\u044f \u0434\u043b\u044f \u0447\u0442\u0435\u043d\u0438\u044f\" \/>\n\t<meta name=\"twitter:data1\" content=\"1 \u043c\u0438\u043d\u0443\u0442\u0430\" \/>\n<script type=\"application\/ld+json\" class=\"yoast-schema-graph\">{\"@context\":\"https:\/\/schema.org\",\"@graph\":[{\"@type\":\"WebPage\",\"@id\":\"https:\/\/uronline.lv\/sia-nosaukuma-maina\/\",\"url\":\"https:\/\/uronline.lv\/sia-nosaukuma-maina\/\",\"name\":\"SIA nosaukuma mai\u0146a * UR Online Uz\u0146\u0113mumu Re\u0123istra pakalpojumi\",\"isPartOf\":{\"@id\":\"https:\/\/uronline.lv\/#website\"},\"datePublished\":\"2023-08-03T06:37:27+00:00\",\"dateModified\":\"2025-06-10T10:45:13+00:00\",\"breadcrumb\":{\"@id\":\"https:\/\/uronline.lv\/sia-nosaukuma-maina\/#breadcrumb\"},\"inLanguage\":\"ru-RU\",\"potentialAction\":[{\"@type\":\"ReadAction\",\"target\":[\"https:\/\/uronline.lv\/sia-nosaukuma-maina\/\"]}]},{\"@type\":\"BreadcrumbList\",\"@id\":\"https:\/\/uronline.lv\/sia-nosaukuma-maina\/#breadcrumb\",\"itemListElement\":[{\"@type\":\"ListItem\",\"position\":1,\"name\":\"Home\",\"item\":\"https:\/\/uronline.lv\/\"},{\"@type\":\"ListItem\",\"position\":2,\"name\":\"SIA nosaukuma mai\u0146a\"}]},{\"@type\":\"WebSite\",\"@id\":\"https:\/\/uronline.lv\/#website\",\"url\":\"https:\/\/uronline.lv\/\",\"name\":\"UR Online Uz\u0146\u0113mumu Re\u0123istra pakalpojumi\",\"description\":\"Online Uz\u0146\u0113mumu Re\u0123istra pakalpojumi\",\"publisher\":{\"@id\":\"https:\/\/uronline.lv\/#organization\"},\"potentialAction\":[{\"@type\":\"SearchAction\",\"target\":{\"@type\":\"EntryPoint\",\"urlTemplate\":\"https:\/\/uronline.lv\/?s={search_term_string}\"},\"query-input\":{\"@type\":\"PropertyValueSpecification\",\"valueRequired\":true,\"valueName\":\"search_term_string\"}}],\"inLanguage\":\"ru-RU\"},{\"@type\":\"Organization\",\"@id\":\"https:\/\/uronline.lv\/#organization\",\"name\":\"Global V\",\"url\":\"https:\/\/uronline.lv\/\",\"logo\":{\"@type\":\"ImageObject\",\"inLanguage\":\"ru-RU\",\"@id\":\"https:\/\/uronline.lv\/#\/schema\/logo\/image\/\",\"url\":\"https:\/\/uronline.lv\/wp-content\/uploads\/2023\/07\/Untitled-design.png\",\"contentUrl\":\"https:\/\/uronline.lv\/wp-content\/uploads\/2023\/07\/Untitled-design.png\",\"width\":1200,\"height\":500,\"caption\":\"Global V\"},\"image\":{\"@id\":\"https:\/\/uronline.lv\/#\/schema\/logo\/image\/\"},\"sameAs\":[\"https:\/\/www.facebook.com\/profile.php?id=100094762527243\"]}]}<\/script>\n<!-- \/ Yoast SEO Premium plugin. -->","yoast_head_json":{"title":"\u0418\u0437\u043c\u0435\u043d\u0435\u043d\u0438\u0435 \u043d\u0430\u0438\u043c\u0435\u043d\u043e\u0432\u0430\u043d\u0438\u044f \u043e\u0431\u0449\u0435\u0441\u0442\u0432\u0430 \u0441 \u043e\u0433\u0440\u0430\u043d\u0438\u0447\u0435\u043d\u043d\u043e\u0439 \u043e\u0442\u0432\u0435\u0442\u0441\u0442\u0432\u0435\u043d\u043d\u043e\u0441\u0442\u044c\u044e * UR Online Business Register Services","robots":{"index":"noindex","follow":"follow"},"og_locale":"ru_RU","og_type":"article","og_title":"SIA nosaukuma mai\u0146a","og_description":"SIA nosaukuma mai\u0146as forma uronline.lv vietn\u0113 m\u0113s saprotam uztic\u012bbas un p\u0101rskat\u0101m\u012bbas noz\u012bmi jebkur\u0101s biznesa attiec\u012bb\u0101s. M\u0113s v\u0113lamies jums apliecin\u0101t, ka j\u016bsu dati tiek apstr\u0101d\u0101ti ar visliel\u0101ko r\u016bp\u012bbu un konfidencialit\u0101ti. J\u016bsu personas inform\u0101cijas aizsardz\u012bba ir m\u016bsu galven\u0101 priorit\u0101te, un m\u0113s iev\u0113rojam stingrus datu aizsardz\u012bbas pas\u0101kumus. L\u016bdzu aizpildiet formu pirms vai p\u0113c pakalpojuma apmaksas! Formas aizpild\u012b\u0161anas laiks [&hellip;]","og_url":"https:\/\/uronline.lv\/ru\/\u0438\u0437\u043c\u0435\u043d\u0435\u043d\u0438\u0435-\u043d\u0430\u0437\u0432\u0430\u043d\u0438\u044f-\u043a\u043e\u043c\u043f\u0430\u043d\u0438\u0438-\u0441-\u043e\u0433\u0440\u0430\u043d\u0438\/","og_site_name":"UR Online Uz\u0146\u0113mumu Re\u0123istra pakalpojumi","article_publisher":"https:\/\/www.facebook.com\/profile.php?id=100094762527243","article_modified_time":"2025-06-10T10:45:13+00:00","twitter_card":"summary_large_image","twitter_misc":{"\u041f\u0440\u0438\u043c\u0435\u0440\u043d\u043e\u0435 \u0432\u0440\u0435\u043c\u044f \u0434\u043b\u044f \u0447\u0442\u0435\u043d\u0438\u044f":"1 \u043c\u0438\u043d\u0443\u0442\u0430"},"schema":{"@context":"https:\/\/schema.org","@graph":[{"@type":"WebPage","@id":"https:\/\/uronline.lv\/sia-nosaukuma-maina\/","url":"https:\/\/uronline.lv\/sia-nosaukuma-maina\/","name":"\u0418\u0437\u043c\u0435\u043d\u0435\u043d\u0438\u0435 \u043d\u0430\u0438\u043c\u0435\u043d\u043e\u0432\u0430\u043d\u0438\u044f \u043e\u0431\u0449\u0435\u0441\u0442\u0432\u0430 \u0441 \u043e\u0433\u0440\u0430\u043d\u0438\u0447\u0435\u043d\u043d\u043e\u0439 \u043e\u0442\u0432\u0435\u0442\u0441\u0442\u0432\u0435\u043d\u043d\u043e\u0441\u0442\u044c\u044e * UR Online Business Register Services","isPartOf":{"@id":"https:\/\/uronline.lv\/#website"},"datePublished":"2023-08-03T06:37:27+00:00","dateModified":"2025-06-10T10:45:13+00:00","breadcrumb":{"@id":"https:\/\/uronline.lv\/sia-nosaukuma-maina\/#breadcrumb"},"inLanguage":"ru-RU","potentialAction":[{"@type":"ReadAction","target":["https:\/\/uronline.lv\/sia-nosaukuma-maina\/"]}]},{"@type":"BreadcrumbList","@id":"https:\/\/uronline.lv\/sia-nosaukuma-maina\/#breadcrumb","itemListElement":[{"@type":"ListItem","position":1,"name":"Home","item":"https:\/\/uronline.lv\/"},{"@type":"ListItem","position":2,"name":"SIA nosaukuma mai\u0146a"}]},{"@type":"WebSite","@id":"https:\/\/uronline.lv\/#website","url":"https:\/\/uronline.lv\/","name":"\u0423\u0441\u043b\u0443\u0433\u0438 \u043f\u043e \u0432\u0435\u0434\u0435\u043d\u0438\u044e \u0431\u0438\u0437\u043d\u0435\u0441-\u0440\u0435\u0435\u0441\u0442\u0440\u0430 UR Online","description":"\u0423\u0441\u043b\u0443\u0433\u0438 \u043e\u043d\u043b\u0430\u0439\u043d-\u0440\u0435\u0435\u0441\u0442\u0440\u0430 \u043f\u0440\u0435\u0434\u043f\u0440\u0438\u044f\u0442\u0438\u0439","publisher":{"@id":"https:\/\/uronline.lv\/#organization"},"potentialAction":[{"@type":"SearchAction","target":{"@type":"EntryPoint","urlTemplate":"https:\/\/uronline.lv\/?s={search_term_string}"},"query-input":{"@type":"PropertyValueSpecification","valueRequired":true,"valueName":"search_term_string"}}],"inLanguage":"ru-RU"},{"@type":"Organization","@id":"https:\/\/uronline.lv\/#organization","name":"Global V","url":"https:\/\/uronline.lv\/","logo":{"@type":"ImageObject","inLanguage":"ru-RU","@id":"https:\/\/uronline.lv\/#\/schema\/logo\/image\/","url":"https:\/\/uronline.lv\/wp-content\/uploads\/2023\/07\/Untitled-design.png","contentUrl":"https:\/\/uronline.lv\/wp-content\/uploads\/2023\/07\/Untitled-design.png","width":1200,"height":500,"caption":"Global V"},"image":{"@id":"https:\/\/uronline.lv\/#\/schema\/logo\/image\/"},"sameAs":["https:\/\/www.facebook.com\/profile.php?id=100094762527243"]}]}},"jetpack_sharing_enabled":true,"_links":{"self":[{"href":"https:\/\/uronline.lv\/ru\/wp-json\/wp\/v2\/pages\/903","targetHints":{"allow":["GET"]}}],"collection":[{"href":"https:\/\/uronline.lv\/ru\/wp-json\/wp\/v2\/pages"}],"about":[{"href":"https:\/\/uronline.lv\/ru\/wp-json\/wp\/v2\/types\/page"}],"author":[{"embeddable":true,"href":"https:\/\/uronline.lv\/ru\/wp-json\/wp\/v2\/users\/1"}],"replies":[{"embeddable":true,"href":"https:\/\/uronline.lv\/ru\/wp-json\/wp\/v2\/comments?post=903"}],"version-history":[{"count":16,"href":"https:\/\/uronline.lv\/ru\/wp-json\/wp\/v2\/pages\/903\/revisions"}],"predecessor-version":[{"id":3295,"href":"https:\/\/uronline.lv\/ru\/wp-json\/wp\/v2\/pages\/903\/revisions\/3295"}],"wp:attachment":[{"href":"https:\/\/uronline.lv\/ru\/wp-json\/wp\/v2\/media?parent=903"}],"curies":[{"name":"wp","href":"https:\/\/api.w.org\/{rel}","templated":true}]}}