{"id":44,"date":"2023-07-18T09:35:16","date_gmt":"2023-07-18T08:35:16","guid":{"rendered":"https:\/\/uronline.lv\/?page_id=44"},"modified":"2025-08-14T12:01:49","modified_gmt":"2025-08-14T09:01:49","slug":"par-mums","status":"publish","type":"page","link":"https:\/\/uronline.lv\/ru\/par-mums\/","title":{"rendered":"\u041e \u043d\u0430\u0441"},"content":{"rendered":"<div data-elementor-type=\"wp-page\" data-elementor-id=\"44\" class=\"elementor elementor-44\" data-elementor-post-type=\"page\">\n\t\t\t\t\t\t<section data-particle_enable=\"false\" data-particle-mobile-disabled=\"false\" class=\"elementor-section elementor-top-section elementor-element elementor-element-386ec239 elementor-section-full_width elementor-section-height-min-height elementor-section-items-stretch elementor-section-content-middle elementor-reverse-tablet elementor-reverse-mobile elementor-section-height-default\" data-id=\"386ec239\" data-element_type=\"section\" data-e-type=\"section\">\n\t\t\t\t\t\t<div class=\"elementor-container elementor-column-gap-narrow\">\n\t\t\t\t\t<div class=\"elementor-column elementor-col-50 elementor-top-column elementor-element elementor-element-1e89f86\" data-id=\"1e89f86\" data-element_type=\"column\" data-e-type=\"column\" data-settings=\"{&quot;background_background&quot;:&quot;classic&quot;,&quot;background_motion_fx_motion_fx_scrolling&quot;:&quot;yes&quot;,&quot;background_motion_fx_translateY_effect&quot;:&quot;yes&quot;,&quot;background_motion_fx_translateY_speed&quot;:{&quot;unit&quot;:&quot;px&quot;,&quot;size&quot;:4,&quot;sizes&quot;:[]},&quot;background_motion_fx_translateY_affectedRange&quot;:{&quot;unit&quot;:&quot;%&quot;,&quot;size&quot;:&quot;&quot;,&quot;sizes&quot;:{&quot;start&quot;:0,&quot;end&quot;:100}},&quot;background_motion_fx_devices&quot;:[&quot;desktop&quot;,&quot;tablet&quot;,&quot;mobile&quot;]}\">\n\t\t\t<div class=\"elementor-widget-wrap elementor-element-populated\">\n\t\t\t\t\t\t<div class=\"elementor-element elementor-element-1a174941 elementor-widget elementor-widget-spacer\" data-id=\"1a174941\" data-element_type=\"widget\" data-e-type=\"widget\" data-widget_type=\"spacer.default\">\n\t\t\t\t<div class=\"elementor-widget-container\">\n\t\t\t\t\t\t\t<div class=\"elementor-spacer\">\n\t\t\t<div class=\"elementor-spacer-inner\"><\/div>\n\t\t<\/div>\n\t\t\t\t\t\t<\/div>\n\t\t\t\t<\/div>\n\t\t\t\t\t<\/div>\n\t\t<\/div>\n\t\t\t\t<div class=\"elementor-column elementor-col-50 elementor-top-column elementor-element elementor-element-97b3eda\" data-id=\"97b3eda\" data-element_type=\"column\" data-e-type=\"column\">\n\t\t\t<div class=\"elementor-widget-wrap elementor-element-populated\">\n\t\t\t\t\t\t<div class=\"elementor-element elementor-element-28ca0ae8 elementor-widget elementor-widget-heading\" data-id=\"28ca0ae8\" data-element_type=\"widget\" data-e-type=\"widget\" data-widget_type=\"heading.default\">\n\t\t\t\t<div class=\"elementor-widget-container\">\n\t\t\t\t\t<h1 class=\"elementor-heading-title elementor-size-default\">\u041e \u043d\u0430\u0441<\/h1>\t\t\t\t<\/div>\n\t\t\t\t<\/div>\n\t\t\t\t<div class=\"elementor-element elementor-element-3ca2a600 elementor-widget__width-initial elementor-widget elementor-widget-text-editor\" data-id=\"3ca2a600\" data-element_type=\"widget\" data-e-type=\"widget\" data-widget_type=\"text-editor.default\">\n\t\t\t\t<div class=\"elementor-widget-container\">\n\t\t\t\t\t\t\t\t\t<p>\u041c\u044b - \u043a\u043e\u043c\u0430\u043d\u0434\u0430 \u043f\u0440\u043e\u0444\u0435\u0441\u0441\u0438\u043e\u043d\u0430\u043b\u043e\u0432, \u0443\u0432\u043b\u0435\u0447\u0435\u043d\u043d\u044b\u0445 \u043e\u043a\u0430\u0437\u0430\u043d\u0438\u0435\u043c \u043f\u043e\u043c\u043e\u0449\u0438 \u0447\u0430\u0441\u0442\u043d\u044b\u043c \u043b\u0438\u0446\u0430\u043c \u0432 \u0441\u043e\u0437\u0434\u0430\u043d\u0438\u0438 \u0438 \u0440\u0435\u0433\u0438\u0441\u0442\u0440\u0430\u0446\u0438\u0438 \u0431\u0438\u0437\u043d\u0435\u0441\u0430 \u0438\u043b\u0438 \u0432\u043d\u0435\u0441\u0435\u043d\u0438\u0438 \u0438\u0437\u043c\u0435\u043d\u0435\u043d\u0438\u0439 \u0432 \u0440\u0435\u0435\u0441\u0442\u0440\u044b, \u0445\u0440\u0430\u043d\u044f\u0449\u0438\u0435\u0441\u044f \u0432 \u0420\u0435\u0433\u0438\u0441\u0442\u0440\u0435 \u043a\u043e\u043c\u043f\u0430\u043d\u0438\u0439. \u041d\u0430\u0448\u0430 \u043c\u0438\u0441\u0441\u0438\u044f \u0437\u0430\u043a\u043b\u044e\u0447\u0430\u0435\u0442\u0441\u044f \u0432 \u043f\u0440\u0435\u0434\u043e\u0441\u0442\u0430\u0432\u043b\u0435\u043d\u0438\u0438 \u044d\u0444\u0444\u0435\u043a\u0442\u0438\u0432\u043d\u044b\u0445, \u044d\u043a\u043e\u043d\u043e\u043c\u044f\u0449\u0438\u0445 \u0432\u0440\u0435\u043c\u044f \u0438 \u0434\u0435\u043d\u044c\u0433\u0438 \u0443\u0441\u043b\u0443\u0433 \u043d\u0430\u0447\u0438\u043d\u0430\u044e\u0449\u0438\u043c \u0438 \u0434\u0435\u0439\u0441\u0442\u0432\u0443\u044e\u0449\u0438\u043c \u043f\u0440\u0435\u0434\u043f\u0440\u0438\u043d\u0438\u043c\u0430\u0442\u0435\u043b\u044f\u043c \u043d\u0430 \u043f\u0440\u043e\u0442\u044f\u0436\u0435\u043d\u0438\u0438 \u0432\u0441\u0435\u0433\u043e \u0436\u0438\u0437\u043d\u0435\u043d\u043d\u043e\u0433\u043e \u0446\u0438\u043a\u043b\u0430 \u0438\u0445 \u0431\u0438\u0437\u043d\u0435\u0441\u0430.<\/p>\t\t\t\t\t\t\t\t<\/div>\n\t\t\t\t<\/div>\n\t\t\t\t\t<\/div>\n\t\t<\/div>\n\t\t\t\t\t<\/div>\n\t\t<\/section>\n\t\t\t\t<section data-particle_enable=\"false\" data-particle-mobile-disabled=\"false\" class=\"elementor-section elementor-top-section elementor-element elementor-element-7091c581 elementor-section-full_width elementor-section-height-min-height elementor-section-items-stretch elementor-section-content-middle elementor-section-height-default\" data-id=\"7091c581\" data-element_type=\"section\" data-e-type=\"section\">\n\t\t\t\t\t\t<div class=\"elementor-container elementor-column-gap-no\">\n\t\t\t\t\t<div class=\"elementor-column elementor-col-50 elementor-top-column elementor-element elementor-element-535a2002\" data-id=\"535a2002\" data-element_type=\"column\" data-e-type=\"column\">\n\t\t\t<div class=\"elementor-widget-wrap elementor-element-populated\">\n\t\t\t\t\t\t<div class=\"elementor-element elementor-element-340477a5 elementor-widget elementor-widget-heading\" data-id=\"340477a5\" data-element_type=\"widget\" data-e-type=\"widget\" data-widget_type=\"heading.default\">\n\t\t\t\t<div class=\"elementor-widget-container\">\n\t\t\t\t\t<h1 class=\"elementor-heading-title elementor-size-default\">\u041d\u0430\u0448\u0430 \u0438\u0441\u0442\u043e\u0440\u0438\u044f<\/h1>\t\t\t\t<\/div>\n\t\t\t\t<\/div>\n\t\t\t\t<div class=\"elementor-element elementor-element-28d54740 elementor-widget__width-initial elementor-widget elementor-widget-text-editor\" data-id=\"28d54740\" data-element_type=\"widget\" data-e-type=\"widget\" data-widget_type=\"text-editor.default\">\n\t\t\t\t<div class=\"elementor-widget-container\">\n\t\t\t\t\t\t\t\t\t<p>\u041c\u044b \u0432 URonline \u0432\u0435\u0440\u0438\u043c, \u0447\u0442\u043e \u043a\u0430\u0436\u0434\u0430\u044f \u0432\u0435\u043b\u0438\u043a\u0430\u044f \u043a\u043e\u043c\u043f\u0430\u043d\u0438\u044f \u043d\u0430\u0447\u0438\u043d\u0430\u0435\u0442\u0441\u044f \u0441 \u043c\u0435\u0447\u0442\u044b. \u041d\u0430\u0448\u0430 \u0438\u0441\u0442\u043e\u0440\u0438\u044f \u043d\u0430\u0447\u0430\u043b\u0430\u0441\u044c \u0441\u043e \u0441\u0442\u0440\u0430\u0441\u0442\u0438 \u043a \u043f\u0440\u0435\u0434\u043f\u0440\u0438\u043d\u0438\u043c\u0430\u0442\u0435\u043b\u044c\u0441\u0442\u0432\u0443.<\/p><p>\u041c\u044b \u0438\u0441\u043f\u044b\u0442\u044b\u0432\u0430\u0435\u043c \u0442\u0440\u0443\u0434\u043d\u043e\u0441\u0442\u0438 \u0438 \u043d\u0435\u043e\u043f\u0440\u0435\u0434\u0435\u043b\u0435\u043d\u043d\u043e\u0441\u0442\u044c, \u0441\u0432\u044f\u0437\u0430\u043d\u043d\u044b\u0435 \u0441 \u043e\u0442\u043a\u0440\u044b\u0442\u0438\u0435\u043c \u0431\u0438\u0437\u043d\u0435\u0441\u0430. \u041c\u044b \u043f\u043e\u043d\u0438\u043c\u0430\u0435\u043c, \u043a\u0430\u043a\u043e\u0439 \u043a\u043e\u043b\u043e\u0441\u0441\u0430\u043b\u044c\u043d\u044b\u0439 \u043f\u0440\u043e\u0446\u0435\u0441\u0441 \u0441\u0432\u044f\u0437\u0430\u043d \u0441 \u0441\u043e\u0437\u0434\u0430\u043d\u0438\u0435\u043c \u0431\u0438\u0437\u043d\u0435\u0441\u0430. \u0418\u043c\u0435\u043d\u043d\u043e \u0432\u043e \u0432\u0440\u0435\u043c\u044f \u044d\u0442\u043e\u0439 \u0440\u0430\u0431\u043e\u0442\u044b \u043c\u044b \u043f\u043e\u043d\u044f\u043b\u0438, \u0447\u0442\u043e \u043c\u043e\u0436\u0435\u043c \u0441\u0434\u0435\u043b\u0430\u0442\u044c \u044d\u0442\u043e\u0442 \u043f\u0443\u0442\u044c \u043f\u0440\u043e\u0449\u0435, \u043f\u043e\u043d\u044f\u0442\u043d\u0435\u0435 \u0438 \u044d\u0444\u0444\u0435\u043a\u0442\u0438\u0432\u043d\u0435\u0435 \u0434\u043b\u044f \u043d\u0430\u0447\u0438\u043d\u0430\u044e\u0449\u0438\u0445 \u043f\u0440\u0435\u0434\u043f\u0440\u0438\u043d\u0438\u043c\u0430\u0442\u0435\u043b\u0435\u0439.\u00a0<\/p>\t\t\t\t\t\t\t\t<\/div>\n\t\t\t\t<\/div>\n\t\t\t\t\t<\/div>\n\t\t<\/div>\n\t\t\t\t<div class=\"elementor-column elementor-col-50 elementor-top-column elementor-element elementor-element-3c217854\" data-id=\"3c217854\" data-element_type=\"column\" data-e-type=\"column\" data-settings=\"{&quot;background_background&quot;:&quot;classic&quot;,&quot;background_motion_fx_motion_fx_scrolling&quot;:&quot;yes&quot;,&quot;background_motion_fx_translateY_effect&quot;:&quot;yes&quot;,&quot;background_motion_fx_translateY_speed&quot;:{&quot;unit&quot;:&quot;px&quot;,&quot;size&quot;:4,&quot;sizes&quot;:[]},&quot;background_motion_fx_translateY_affectedRange&quot;:{&quot;unit&quot;:&quot;%&quot;,&quot;size&quot;:&quot;&quot;,&quot;sizes&quot;:{&quot;start&quot;:0,&quot;end&quot;:100}},&quot;background_motion_fx_devices&quot;:[&quot;desktop&quot;,&quot;tablet&quot;,&quot;mobile&quot;]}\">\n\t\t\t<div class=\"elementor-widget-wrap elementor-element-populated\">\n\t\t\t\t\t\t<div class=\"elementor-element elementor-element-31e28a81 elementor-widget elementor-widget-spacer\" data-id=\"31e28a81\" data-element_type=\"widget\" data-e-type=\"widget\" data-widget_type=\"spacer.default\">\n\t\t\t\t<div class=\"elementor-widget-container\">\n\t\t\t\t\t\t\t<div class=\"elementor-spacer\">\n\t\t\t<div class=\"elementor-spacer-inner\"><\/div>\n\t\t<\/div>\n\t\t\t\t\t\t<\/div>\n\t\t\t\t<\/div>\n\t\t\t\t\t<\/div>\n\t\t<\/div>\n\t\t\t\t\t<\/div>\n\t\t<\/section>\n\t\t\t\t<section data-particle_enable=\"false\" data-particle-mobile-disabled=\"false\" class=\"elementor-section elementor-top-section elementor-element elementor-element-b59afe3 elementor-section-full_width elementor-section-height-min-height elementor-section-items-stretch elementor-section-content-top elementor-reverse-tablet elementor-reverse-mobile elementor-section-height-default\" data-id=\"b59afe3\" data-element_type=\"section\" data-e-type=\"section\">\n\t\t\t\t\t\t<div class=\"elementor-container elementor-column-gap-default\">\n\t\t\t\t\t<div class=\"elementor-column elementor-col-50 elementor-top-column elementor-element elementor-element-c594569\" data-id=\"c594569\" data-element_type=\"column\" data-e-type=\"column\" data-settings=\"{&quot;background_background&quot;:&quot;classic&quot;,&quot;background_motion_fx_motion_fx_scrolling&quot;:&quot;yes&quot;,&quot;background_motion_fx_translateY_effect&quot;:&quot;yes&quot;,&quot;background_motion_fx_translateY_speed&quot;:{&quot;unit&quot;:&quot;px&quot;,&quot;size&quot;:4,&quot;sizes&quot;:[]},&quot;background_motion_fx_translateY_affectedRange&quot;:{&quot;unit&quot;:&quot;%&quot;,&quot;size&quot;:&quot;&quot;,&quot;sizes&quot;:{&quot;start&quot;:0,&quot;end&quot;:100}},&quot;background_motion_fx_devices&quot;:[&quot;desktop&quot;,&quot;tablet&quot;,&quot;mobile&quot;]}\">\n\t\t\t<div class=\"elementor-widget-wrap elementor-element-populated\">\n\t\t\t\t\t\t<div class=\"elementor-element elementor-element-a29351a elementor-widget elementor-widget-spacer\" data-id=\"a29351a\" data-element_type=\"widget\" data-e-type=\"widget\" data-widget_type=\"spacer.default\">\n\t\t\t\t<div class=\"elementor-widget-container\">\n\t\t\t\t\t\t\t<div class=\"elementor-spacer\">\n\t\t\t<div class=\"elementor-spacer-inner\"><\/div>\n\t\t<\/div>\n\t\t\t\t\t\t<\/div>\n\t\t\t\t<\/div>\n\t\t\t\t\t<\/div>\n\t\t<\/div>\n\t\t\t\t<div class=\"elementor-column elementor-col-50 elementor-top-column elementor-element elementor-element-e8dc292\" data-id=\"e8dc292\" data-element_type=\"column\" data-e-type=\"column\">\n\t\t\t<div class=\"elementor-widget-wrap elementor-element-populated\">\n\t\t\t\t\t\t<div class=\"elementor-element elementor-element-f6c19a2 elementor-widget__width-initial elementor-widget elementor-widget-heading\" data-id=\"f6c19a2\" data-element_type=\"widget\" data-e-type=\"widget\" data-widget_type=\"heading.default\">\n\t\t\t\t<div class=\"elementor-widget-container\">\n\t\t\t\t\t<h1 class=\"elementor-heading-title elementor-size-default\">\u041d\u0430\u0448\u0438 \u0443\u0441\u043b\u0443\u0433\u0438<\/h1>\t\t\t\t<\/div>\n\t\t\t\t<\/div>\n\t\t\t\t<div class=\"elementor-element elementor-element-e3c33ff elementor-widget__width-initial elementor-widget elementor-widget-text-editor\" data-id=\"e3c33ff\" data-element_type=\"widget\" data-e-type=\"widget\" data-widget_type=\"text-editor.default\">\n\t\t\t\t<div class=\"elementor-widget-container\">\n\t\t\t\t\t\t\t\t\t<p>\u041d\u0430\u0448\u0430 \u043a\u043e\u043c\u0430\u043d\u0434\u0430, \u0438\u043c\u0435\u044e\u0449\u0430\u044f \u043c\u043d\u043e\u0433\u043e\u043b\u0435\u0442\u043d\u0438\u0439 \u043e\u043f\u044b\u0442 \u0440\u0430\u0431\u043e\u0442\u044b \u0432 \u0441\u0444\u0435\u0440\u0435 \u0441\u043e\u0437\u0434\u0430\u043d\u0438\u044f \u0438 \u0440\u0435\u0433\u0438\u0441\u0442\u0440\u0430\u0446\u0438\u0438 \u043a\u043e\u043c\u043f\u0430\u043d\u0438\u0439, \u043f\u0440\u0435\u0434\u043b\u0430\u0433\u0430\u0435\u0442 \u043e\u0431\u0448\u0438\u0440\u043d\u044b\u0439 \u043e\u043f\u044b\u0442 \u0432 \u044d\u0442\u043e\u0439 \u043e\u0431\u043b\u0430\u0441\u0442\u0438.<\/p><p>\u041d\u0430\u043b\u043e\u0433\u043e\u0432\u043e\u0435 \u043a\u043e\u043d\u0441\u0443\u043b\u044c\u0442\u0438\u0440\u043e\u0432\u0430\u043d\u0438\u0435, \u0440\u0435\u0433\u0438\u0441\u0442\u0440\u0430\u0446\u0438\u044f \u042d\u0426\u041f, \u0440\u0435\u0433\u0438\u0441\u0442\u0440\u0430\u0446\u0438\u044f \u041d\u0414\u0421, \u043e\u043f\u0440\u0435\u0434\u0435\u043b\u0435\u043d\u0438\u0435 \u0438 \u0434\u0435\u043a\u043b\u0430\u0440\u0438\u0440\u043e\u0432\u0430\u043d\u0438\u0435 \u0432\u0438\u0434\u0430 \u0434\u0435\u044f\u0442\u0435\u043b\u044c\u043d\u043e\u0441\u0442\u0438 \u0432 \u0421\u0413\u0414, \u041d\u0418\u041b\u0424\u0422\u041d, \u0440\u0435\u0433\u0438\u0441\u0442\u0440\u0430\u0446\u0438\u044f \u044e\u0440\u0438\u0434\u0438\u0447\u0435\u0441\u043a\u0438\u0445 \u043b\u0438\u0446.<\/p><p>\u041c\u044b \u043f\u043e\u043d\u0438\u043c\u0430\u0435\u043c \u0432\u0441\u0435 \u0442\u0440\u0443\u0434\u043d\u043e\u0441\u0442\u0438 \u0438 \u0441\u043b\u043e\u0436\u043d\u043e\u0441\u0442\u0438, \u0441\u0432\u044f\u0437\u0430\u043d\u043d\u044b\u0435 \u0441 \u0441\u043e\u0437\u0434\u0430\u043d\u0438\u0435\u043c \u0431\u0438\u0437\u043d\u0435\u0441\u0430 \u0438 \u0435\u0433\u043e \u0436\u0438\u0437\u043d\u0435\u043d\u043d\u044b\u043c \u0446\u0438\u043a\u043b\u043e\u043c.<\/p><p>\u041c\u044b \u0433\u043e\u0442\u043e\u0432\u044b \u043f\u043e\u043c\u043e\u0447\u044c \u0432\u0430\u043c \u043d\u0430 \u043a\u0430\u0436\u0434\u043e\u043c \u0448\u0430\u0433\u0443.<\/p>\t\t\t\t\t\t\t\t<\/div>\n\t\t\t\t<\/div>\n\t\t\t\t\t<\/div>\n\t\t<\/div>\n\t\t\t\t\t<\/div>\n\t\t<\/section>\n\t\t\t\t<\/div>","protected":false},"excerpt":{"rendered":"<p>\u041e \u043d\u0430\u0441 \u041c\u044b - \u043a\u043e\u043c\u0430\u043d\u0434\u0430 \u043f\u0440\u043e\u0444\u0435\u0441\u0441\u0438\u043e\u043d\u0430\u043b\u043e\u0432, \u0443\u0432\u043b\u0435\u0447\u0435\u043d\u043d\u044b\u0445 \u043e\u043a\u0430\u0437\u0430\u043d\u0438\u0435\u043c \u043f\u043e\u043c\u043e\u0449\u0438 \u0447\u0430\u0441\u0442\u043d\u044b\u043c \u043b\u0438\u0446\u0430\u043c \u0432 \u0441\u043e\u0437\u0434\u0430\u043d\u0438\u0438 \u0438 \u0440\u0435\u0433\u0438\u0441\u0442\u0440\u0430\u0446\u0438\u0438 \u0431\u0438\u0437\u043d\u0435\u0441\u0430 \u0438\u043b\u0438 \u0432\u043d\u0435\u0441\u0435\u043d\u0438\u0438 \u0438\u0437\u043c\u0435\u043d\u0435\u043d\u0438\u0439 \u0432 \u0440\u0435\u0435\u0441\u0442\u0440\u044b, \u0445\u0440\u0430\u043d\u044f\u0449\u0438\u0435\u0441\u044f \u0432 \u0420\u0435\u0433\u0438\u0441\u0442\u0440\u0435 \u043a\u043e\u043c\u043f\u0430\u043d\u0438\u0439. \u041d\u0430\u0448\u0430 \u043c\u0438\u0441\u0441\u0438\u044f \u0437\u0430\u043a\u043b\u044e\u0447\u0430\u0435\u0442\u0441\u044f \u0432 \u043f\u0440\u0435\u0434\u043e\u0441\u0442\u0430\u0432\u043b\u0435\u043d\u0438\u0438 \u044d\u0444\u0444\u0435\u043a\u0442\u0438\u0432\u043d\u044b\u0445, \u044d\u043a\u043e\u043d\u043e\u043c\u044f\u0449\u0438\u0445 \u0432\u0440\u0435\u043c\u044f \u0438 \u0434\u0435\u043d\u044c\u0433\u0438 \u0443\u0441\u043b\u0443\u0433 \u043d\u0430\u0447\u0438\u043d\u0430\u044e\u0449\u0438\u043c \u0438 \u0434\u0435\u0439\u0441\u0442\u0432\u0443\u044e\u0449\u0438\u043c \u043f\u0440\u0435\u0434\u043f\u0440\u0438\u043d\u0438\u043c\u0430\u0442\u0435\u043b\u044f\u043c \u043d\u0430 \u043f\u0440\u043e\u0442\u044f\u0436\u0435\u043d\u0438\u0438 \u0432\u0441\u0435\u0433\u043e \u0436\u0438\u0437\u043d\u0435\u043d\u043d\u043e\u0433\u043e \u0446\u0438\u043a\u043b\u0430 \u0438\u0445 \u0431\u0438\u0437\u043d\u0435\u0441\u0430. \u041d\u0430\u0448\u0430 \u0438\u0441\u0442\u043e\u0440\u0438\u044f \u0412 URonline \u043c\u044b \u0432\u0435\u0440\u0438\u043c, \u0447\u0442\u043e \u043a\u0430\u0436\u0434\u0430\u044f \u0432\u0435\u043b\u0438\u043a\u0430\u044f \u043a\u043e\u043c\u043f\u0430\u043d\u0438\u044f \u043d\u0430\u0447\u0438\u043d\u0430\u0435\u0442\u0441\u044f \u0441 \u043c\u0435\u0447\u0442\u044b. \u041d\u0430\u0448\u0430 \u0438\u0441\u0442\u043e\u0440\u0438\u044f [...]<\/p>","protected":false},"author":1,"featured_media":0,"parent":0,"menu_order":0,"comment_status":"closed","ping_status":"closed","template":"elementor_header_footer","meta":{"_acf_changed":false,"footnotes":""},"class_list":["post-44","page","type-page","status-publish","hentry"],"acf":[],"yoast_head":"<!-- This site is optimized with the Yoast SEO Premium plugin v25.7.1 (Yoast SEO v25.7) - https:\/\/yoast.com\/wordpress\/plugins\/seo\/ -->\n<title>Par Mums * UR Online Uz\u0146\u0113mumu Re\u0123istra pakalpojumi<\/title>\n<meta name=\"robots\" content=\"index, follow, max-snippet:-1, max-image-preview:large, max-video-preview:-1\" \/>\n<link rel=\"canonical\" href=\"https:\/\/uronline.lv\/ru\/par-mums\/\" \/>\n<meta property=\"og:locale\" content=\"ru_RU\" \/>\n<meta property=\"og:type\" content=\"article\" \/>\n<meta property=\"og:title\" content=\"Par Mums\" \/>\n<meta property=\"og:description\" content=\"Par mums M\u0113s esam \u012bpa\u0161a profesion\u0101\u013cu komanda, kas aizraut\u012bgi pal\u012bdz person\u0101m dibin\u0101t un re\u0123istr\u0113t savus uz\u0146\u0113mumus vai veikt izmai\u0146as Uz\u0146\u0113muma Re\u0123istr\u0101 vestajos re\u0123istros. M\u016bsu misija ir sniegt efekt\u012bvus, laiku un naudu taupo\u0161us pakalpojumus topo\u0161ajiem un eso\u0161iem uz\u0146\u0113m\u0113jiem vis\u0101 uz\u0146\u0113mumu dz\u012bves cikla. M\u016bsu st\u0101sts URonline m\u0113s uzskat\u0101m, ka katrs lielisks uz\u0146\u0113mums s\u0101kas ar sapni. M\u016bsu st\u0101sts [&hellip;]\" \/>\n<meta property=\"og:url\" content=\"https:\/\/uronline.lv\/ru\/par-mums\/\" \/>\n<meta property=\"og:site_name\" content=\"UR Online Uz\u0146\u0113mumu Re\u0123istra pakalpojumi\" \/>\n<meta property=\"article:publisher\" content=\"https:\/\/www.facebook.com\/profile.php?id=100094762527243\" \/>\n<meta property=\"article:modified_time\" content=\"2025-08-14T09:01:49+00:00\" \/>\n<meta name=\"twitter:card\" content=\"summary_large_image\" \/>\n<meta name=\"twitter:label1\" content=\"\u041f\u0440\u0438\u043c\u0435\u0440\u043d\u043e\u0435 \u0432\u0440\u0435\u043c\u044f \u0434\u043b\u044f \u0447\u0442\u0435\u043d\u0438\u044f\" \/>\n\t<meta name=\"twitter:data1\" content=\"1 \u043c\u0438\u043d\u0443\u0442\u0430\" \/>\n<script type=\"application\/ld+json\" class=\"yoast-schema-graph\">{\"@context\":\"https:\/\/schema.org\",\"@graph\":[{\"@type\":\"WebPage\",\"@id\":\"https:\/\/uronline.lv\/par-mums\/\",\"url\":\"https:\/\/uronline.lv\/par-mums\/\",\"name\":\"Par Mums * UR Online Uz\u0146\u0113mumu Re\u0123istra pakalpojumi\",\"isPartOf\":{\"@id\":\"https:\/\/uronline.lv\/#website\"},\"datePublished\":\"2023-07-18T08:35:16+00:00\",\"dateModified\":\"2025-08-14T09:01:49+00:00\",\"breadcrumb\":{\"@id\":\"https:\/\/uronline.lv\/par-mums\/#breadcrumb\"},\"inLanguage\":\"ru-RU\",\"potentialAction\":[{\"@type\":\"ReadAction\",\"target\":[\"https:\/\/uronline.lv\/par-mums\/\"]}]},{\"@type\":\"BreadcrumbList\",\"@id\":\"https:\/\/uronline.lv\/par-mums\/#breadcrumb\",\"itemListElement\":[{\"@type\":\"ListItem\",\"position\":1,\"name\":\"Home\",\"item\":\"https:\/\/uronline.lv\/\"},{\"@type\":\"ListItem\",\"position\":2,\"name\":\"Par Mums\"}]},{\"@type\":\"WebSite\",\"@id\":\"https:\/\/uronline.lv\/#website\",\"url\":\"https:\/\/uronline.lv\/\",\"name\":\"UR Online Uz\u0146\u0113mumu Re\u0123istra pakalpojumi\",\"description\":\"Online Uz\u0146\u0113mumu Re\u0123istra pakalpojumi\",\"publisher\":{\"@id\":\"https:\/\/uronline.lv\/#organization\"},\"potentialAction\":[{\"@type\":\"SearchAction\",\"target\":{\"@type\":\"EntryPoint\",\"urlTemplate\":\"https:\/\/uronline.lv\/?s={search_term_string}\"},\"query-input\":{\"@type\":\"PropertyValueSpecification\",\"valueRequired\":true,\"valueName\":\"search_term_string\"}}],\"inLanguage\":\"ru-RU\"},{\"@type\":\"Organization\",\"@id\":\"https:\/\/uronline.lv\/#organization\",\"name\":\"Global V\",\"url\":\"https:\/\/uronline.lv\/\",\"logo\":{\"@type\":\"ImageObject\",\"inLanguage\":\"ru-RU\",\"@id\":\"https:\/\/uronline.lv\/#\/schema\/logo\/image\/\",\"url\":\"https:\/\/uronline.lv\/wp-content\/uploads\/2023\/07\/Untitled-design.png\",\"contentUrl\":\"https:\/\/uronline.lv\/wp-content\/uploads\/2023\/07\/Untitled-design.png\",\"width\":1200,\"height\":500,\"caption\":\"Global V\"},\"image\":{\"@id\":\"https:\/\/uronline.lv\/#\/schema\/logo\/image\/\"},\"sameAs\":[\"https:\/\/www.facebook.com\/profile.php?id=100094762527243\"]}]}<\/script>\n<!-- \/ Yoast SEO Premium plugin. -->","yoast_head_json":{"title":"\u041e \u043d\u0430\u0441 * \u0423\u0441\u043b\u0443\u0433\u0438 \u043f\u043e \u0440\u0435\u0433\u0438\u0441\u0442\u0440\u0430\u0446\u0438\u0438 \u0431\u0438\u0437\u043d\u0435\u0441\u0430 \u0432 \u0418\u043d\u0442\u0435\u0440\u043d\u0435\u0442\u0435 UR","robots":{"index":"index","follow":"follow","max-snippet":"max-snippet:-1","max-image-preview":"max-image-preview:large","max-video-preview":"max-video-preview:-1"},"canonical":"https:\/\/uronline.lv\/ru\/par-mums\/","og_locale":"ru_RU","og_type":"article","og_title":"Par Mums","og_description":"Par mums M\u0113s esam \u012bpa\u0161a profesion\u0101\u013cu komanda, kas aizraut\u012bgi pal\u012bdz person\u0101m dibin\u0101t un re\u0123istr\u0113t savus uz\u0146\u0113mumus vai veikt izmai\u0146as Uz\u0146\u0113muma Re\u0123istr\u0101 vestajos re\u0123istros. M\u016bsu misija ir sniegt efekt\u012bvus, laiku un naudu taupo\u0161us pakalpojumus topo\u0161ajiem un eso\u0161iem uz\u0146\u0113m\u0113jiem vis\u0101 uz\u0146\u0113mumu dz\u012bves cikla. M\u016bsu st\u0101sts URonline m\u0113s uzskat\u0101m, ka katrs lielisks uz\u0146\u0113mums s\u0101kas ar sapni. M\u016bsu st\u0101sts [&hellip;]","og_url":"https:\/\/uronline.lv\/ru\/par-mums\/","og_site_name":"UR Online Uz\u0146\u0113mumu Re\u0123istra pakalpojumi","article_publisher":"https:\/\/www.facebook.com\/profile.php?id=100094762527243","article_modified_time":"2025-08-14T09:01:49+00:00","twitter_card":"summary_large_image","twitter_misc":{"\u041f\u0440\u0438\u043c\u0435\u0440\u043d\u043e\u0435 \u0432\u0440\u0435\u043c\u044f \u0434\u043b\u044f \u0447\u0442\u0435\u043d\u0438\u044f":"1 \u043c\u0438\u043d\u0443\u0442\u0430"},"schema":{"@context":"https:\/\/schema.org","@graph":[{"@type":"WebPage","@id":"https:\/\/uronline.lv\/par-mums\/","url":"https:\/\/uronline.lv\/par-mums\/","name":"\u041e \u043d\u0430\u0441 * \u0423\u0441\u043b\u0443\u0433\u0438 \u043f\u043e \u0440\u0435\u0433\u0438\u0441\u0442\u0440\u0430\u0446\u0438\u0438 \u0431\u0438\u0437\u043d\u0435\u0441\u0430 \u0432 \u0418\u043d\u0442\u0435\u0440\u043d\u0435\u0442\u0435 UR","isPartOf":{"@id":"https:\/\/uronline.lv\/#website"},"datePublished":"2023-07-18T08:35:16+00:00","dateModified":"2025-08-14T09:01:49+00:00","breadcrumb":{"@id":"https:\/\/uronline.lv\/par-mums\/#breadcrumb"},"inLanguage":"ru-RU","potentialAction":[{"@type":"ReadAction","target":["https:\/\/uronline.lv\/par-mums\/"]}]},{"@type":"BreadcrumbList","@id":"https:\/\/uronline.lv\/par-mums\/#breadcrumb","itemListElement":[{"@type":"ListItem","position":1,"name":"Home","item":"https:\/\/uronline.lv\/"},{"@type":"ListItem","position":2,"name":"Par Mums"}]},{"@type":"WebSite","@id":"https:\/\/uronline.lv\/#website","url":"https:\/\/uronline.lv\/","name":"\u0423\u0441\u043b\u0443\u0433\u0438 \u043f\u043e \u0432\u0435\u0434\u0435\u043d\u0438\u044e \u0431\u0438\u0437\u043d\u0435\u0441-\u0440\u0435\u0435\u0441\u0442\u0440\u0430 UR Online","description":"\u0423\u0441\u043b\u0443\u0433\u0438 \u043e\u043d\u043b\u0430\u0439\u043d-\u0440\u0435\u0435\u0441\u0442\u0440\u0430 \u043f\u0440\u0435\u0434\u043f\u0440\u0438\u044f\u0442\u0438\u0439","publisher":{"@id":"https:\/\/uronline.lv\/#organization"},"potentialAction":[{"@type":"SearchAction","target":{"@type":"EntryPoint","urlTemplate":"https:\/\/uronline.lv\/?s={search_term_string}"},"query-input":{"@type":"PropertyValueSpecification","valueRequired":true,"valueName":"search_term_string"}}],"inLanguage":"ru-RU"},{"@type":"Organization","@id":"https:\/\/uronline.lv\/#organization","name":"Global V","url":"https:\/\/uronline.lv\/","logo":{"@type":"ImageObject","inLanguage":"ru-RU","@id":"https:\/\/uronline.lv\/#\/schema\/logo\/image\/","url":"https:\/\/uronline.lv\/wp-content\/uploads\/2023\/07\/Untitled-design.png","contentUrl":"https:\/\/uronline.lv\/wp-content\/uploads\/2023\/07\/Untitled-design.png","width":1200,"height":500,"caption":"Global V"},"image":{"@id":"https:\/\/uronline.lv\/#\/schema\/logo\/image\/"},"sameAs":["https:\/\/www.facebook.com\/profile.php?id=100094762527243"]}]}},"jetpack_sharing_enabled":true,"_links":{"self":[{"href":"https:\/\/uronline.lv\/ru\/wp-json\/wp\/v2\/pages\/44","targetHints":{"allow":["GET"]}}],"collection":[{"href":"https:\/\/uronline.lv\/ru\/wp-json\/wp\/v2\/pages"}],"about":[{"href":"https:\/\/uronline.lv\/ru\/wp-json\/wp\/v2\/types\/page"}],"author":[{"embeddable":true,"href":"https:\/\/uronline.lv\/ru\/wp-json\/wp\/v2\/users\/1"}],"replies":[{"embeddable":true,"href":"https:\/\/uronline.lv\/ru\/wp-json\/wp\/v2\/comments?post=44"}],"version-history":[{"count":71,"href":"https:\/\/uronline.lv\/ru\/wp-json\/wp\/v2\/pages\/44\/revisions"}],"predecessor-version":[{"id":3423,"href":"https:\/\/uronline.lv\/ru\/wp-json\/wp\/v2\/pages\/44\/revisions\/3423"}],"wp:attachment":[{"href":"https:\/\/uronline.lv\/ru\/wp-json\/wp\/v2\/media?parent=44"}],"curies":[{"name":"wp","href":"https:\/\/api.w.org\/{rel}","templated":true}]}}