{"id":2637,"date":"2025-02-12T17:37:16","date_gmt":"2025-02-12T15:37:16","guid":{"rendered":"https:\/\/uronline.lv\/?page_id=2637"},"modified":"2025-09-10T16:41:37","modified_gmt":"2025-09-10T13:41:37","slug":"ka-tas-strada","status":"publish","type":"page","link":"https:\/\/uronline.lv\/ru\/ka-tas-strada\/","title":{"rendered":"\u041a\u0430\u043a \u044d\u0442\u043e \u0440\u0430\u0431\u043e\u0442\u0430\u0435\u0442?"},"content":{"rendered":"<div data-elementor-type=\"wp-page\" data-elementor-id=\"2637\" class=\"elementor elementor-2637\" data-elementor-post-type=\"page\">\n\t\t\t\t<div data-particle_enable=\"false\" data-particle-mobile-disabled=\"false\" class=\"elementor-element elementor-element-361cda5a e-con-full e-flex e-con e-parent\" data-id=\"361cda5a\" data-element_type=\"container\" data-e-type=\"container\">\n\t\t\t\t<div class=\"elementor-element elementor-element-58dae477 elementor-widget__width-initial elementor-widget-mobile__width-inherit elementor-widget elementor-widget-heading\" data-id=\"58dae477\" data-element_type=\"widget\" data-e-type=\"widget\" data-widget_type=\"heading.default\">\n\t\t\t\t<div class=\"elementor-widget-container\">\n\t\t\t\t\t<h2 class=\"elementor-heading-title elementor-size-default\">\u043a\u0430\u043a \u044d\u0442\u043e \u0440\u0430\u0431\u043e\u0442\u0430\u0435\u0442<\/h2>\t\t\t\t<\/div>\n\t\t\t\t<\/div>\n\t\t<div data-particle_enable=\"false\" data-particle-mobile-disabled=\"false\" class=\"elementor-element elementor-element-6fa515a4 e-con-full e-flex e-con e-child\" data-id=\"6fa515a4\" data-element_type=\"container\" data-e-type=\"container\">\n\t\t<div data-particle_enable=\"false\" data-particle-mobile-disabled=\"false\" class=\"elementor-element elementor-element-241bc5af e-con-full e-flex e-con e-child\" data-id=\"241bc5af\" data-element_type=\"container\" data-e-type=\"container\" data-settings=\"{&quot;background_background&quot;:&quot;classic&quot;}\">\n\t\t\t\t<div class=\"elementor-element elementor-element-42650514 elementor-widget__width-initial elementor-widget elementor-widget-text-editor\" data-id=\"42650514\" data-element_type=\"widget\" data-e-type=\"widget\" data-widget_type=\"text-editor.default\">\n\t\t\t\t<div class=\"elementor-widget-container\">\n\t\t\t\t\t\t\t\t\t<p><strong>\u0423\u0441\u043b\u0443\u0433\u0430 \u043d\u0430\u0447\u0438\u043d\u0430\u0435\u0442\u0441\u044f \u0441\u0440\u0430\u0437\u0443 \u043f\u043e\u0441\u043b\u0435 \u043f\u043e\u043b\u0443\u0447\u0435\u043d\u0438\u044f \u043e\u043f\u043b\u0430\u0442\u044b<\/strong><\/p>\t\t\t\t\t\t\t\t<\/div>\n\t\t\t\t<\/div>\n\t\t\t\t<div class=\"elementor-element elementor-element-137830ba elementor-widget-tablet__width-initial elementor-widget-mobile__width-inherit elementor-widget elementor-widget-icon-box\" data-id=\"137830ba\" data-element_type=\"widget\" data-e-type=\"widget\" data-widget_type=\"icon-box.default\">\n\t\t\t\t<div class=\"elementor-widget-container\">\n\t\t\t\t\t\t\t<div class=\"elementor-icon-box-wrapper\">\n\n\t\t\t\n\t\t\t\t\t\t<div class=\"elementor-icon-box-content\">\n\n\t\t\t\t\t\t\t\t\t<h3 class=\"elementor-icon-box-title\">\n\t\t\t\t\t\t<span  >\n\t\t\t\t\t\t\t1\t\t\t\t\t\t<\/span>\n\t\t\t\t\t<\/h3>\n\t\t\t\t\n\t\t\t\t\t\t\t\t\t<p class=\"elementor-icon-box-description\">\n\t\t\t\t\t\t\u0417\u0430\u043a\u0430\u0437\u0430\u0442\u044c \u0443\u0441\u043b\u0443\u0433\u0443 \u0438 \u043e\u043f\u043b\u0430\u0442\u0438\u0442\u044c \u0441\u0447\u0435\u0442\t\t\t\t\t<\/p>\n\t\t\t\t\n\t\t\t<\/div>\n\t\t\t\n\t\t<\/div>\n\t\t\t\t\t\t<\/div>\n\t\t\t\t<\/div>\n\t\t\t\t<\/div>\n\t\t<div data-particle_enable=\"false\" data-particle-mobile-disabled=\"false\" class=\"elementor-element elementor-element-3772fe4e e-con-full e-flex e-con e-child\" data-id=\"3772fe4e\" data-element_type=\"container\" data-e-type=\"container\" data-settings=\"{&quot;background_background&quot;:&quot;classic&quot;}\">\n\t\t\t\t<div class=\"elementor-element elementor-element-607a1deb elementor-widget elementor-widget-text-editor\" data-id=\"607a1deb\" data-element_type=\"widget\" data-e-type=\"widget\" data-widget_type=\"text-editor.default\">\n\t\t\t\t<div class=\"elementor-widget-container\">\n\t\t\t\t\t\t\t\t\t<p><strong>\u041d\u0430\u0448 \u044d\u043a\u0441\u043f\u0435\u0440\u0442 \u043f\u0440\u0438\u0448\u043b\u0435\u0442 \u0432\u0430\u043c \u043f\u0438\u0441\u044c\u043c\u043e \u0434\u043b\u044f \u0437\u0430\u043f\u043e\u043b\u043d\u0435\u043d\u0438\u044f \u0438\u043d\u0444\u043e\u0440\u043c\u0430\u0446\u0438\u043e\u043d\u043d\u043e\u0439 \u0444\u043e\u0440\u043c\u044b \u0438\u043b\u0438 \u043e\u0442\u043f\u0440\u0430\u0432\u0438\u0442 \u0438\u043d\u0444\u043e\u0440\u043c\u0430\u0446\u0438\u044e \u043f\u043e \u044d\u043b\u0435\u043a\u0442\u0440\u043e\u043d\u043d\u043e\u0439 \u043f\u043e\u0447\u0442\u0435<\/strong><\/p>\t\t\t\t\t\t\t\t<\/div>\n\t\t\t\t<\/div>\n\t\t\t\t<div class=\"elementor-element elementor-element-2c246293 elementor-widget-tablet__width-initial elementor-widget-mobile__width-inherit elementor-widget elementor-widget-icon-box\" data-id=\"2c246293\" data-element_type=\"widget\" data-e-type=\"widget\" data-widget_type=\"icon-box.default\">\n\t\t\t\t<div class=\"elementor-widget-container\">\n\t\t\t\t\t\t\t<div class=\"elementor-icon-box-wrapper\">\n\n\t\t\t\n\t\t\t\t\t\t<div class=\"elementor-icon-box-content\">\n\n\t\t\t\t\t\t\t\t\t<h3 class=\"elementor-icon-box-title\">\n\t\t\t\t\t\t<span  >\n\t\t\t\t\t\t\t2\t\t\t\t\t\t<\/span>\n\t\t\t\t\t<\/h3>\n\t\t\t\t\n\t\t\t\t\t\t\t\t\t<p class=\"elementor-icon-box-description\">\n\t\t\t\t\t\t\u041e\u0442\u043f\u0440\u0430\u0432\u044c\u0442\u0435 \u043d\u0430\u043c \u043d\u0435\u043e\u0431\u0445\u043e\u0434\u0438\u043c\u0443\u044e \u0438\u043d\u0444\u043e\u0440\u043c\u0430\u0446\u0438\u044e, \u0437\u0430\u043f\u043e\u043b\u043d\u0438\u0432 \u0444\u043e\u0440\u043c\u0443 \u0438\u043b\u0438 \u043e\u0442\u043f\u0440\u0430\u0432\u0438\u0432 \u043f\u043e \u044d\u043b\u0435\u043a\u0442\u0440\u043e\u043d\u043d\u043e\u0439 \u043f\u043e\u0447\u0442\u0435\t\t\t\t\t<\/p>\n\t\t\t\t\n\t\t\t<\/div>\n\t\t\t\n\t\t<\/div>\n\t\t\t\t\t\t<\/div>\n\t\t\t\t<\/div>\n\t\t\t\t<\/div>\n\t\t<div data-particle_enable=\"false\" data-particle-mobile-disabled=\"false\" class=\"elementor-element elementor-element-54c8a38 e-con-full e-flex e-con e-child\" data-id=\"54c8a38\" data-element_type=\"container\" data-e-type=\"container\" data-settings=\"{&quot;background_background&quot;:&quot;classic&quot;}\">\n\t\t\t\t<div class=\"elementor-element elementor-element-2f7328ab elementor-widget elementor-widget-text-editor\" data-id=\"2f7328ab\" data-element_type=\"widget\" data-e-type=\"widget\" data-widget_type=\"text-editor.default\">\n\t\t\t\t<div class=\"elementor-widget-container\">\n\t\t\t\t\t\t\t\t\t<p><strong>\u041f\u043e\u0434\u043f\u0438\u0441\u044b\u0432\u0430\u0439\u0442\u0435 \u0434\u043e\u043a\u0443\u043c\u0435\u043d\u0442\u044b, \u043f\u043e\u043b\u0443\u0447\u0435\u043d\u043d\u044b\u0435 \u0441 \u043f\u043e\u043c\u043e\u0449\u044c\u044e \u0430\u043a\u0442\u0438\u0432\u043d\u043e\u0439 \u044d\u043b\u0435\u043a\u0442\u0440\u043e\u043d\u043d\u043e\u0439 \u043f\u043e\u0434\u043f\u0438\u0441\u0438 (eID, eParaksts mobile, SmartID, Dokobit \u0438 \u0442. \u0434.).<\/strong><\/p>\t\t\t\t\t\t\t\t<\/div>\n\t\t\t\t<\/div>\n\t\t\t\t<div class=\"elementor-element elementor-element-20136f87 elementor-widget-tablet__width-initial elementor-widget-mobile__width-inherit elementor-widget elementor-widget-icon-box\" data-id=\"20136f87\" data-element_type=\"widget\" data-e-type=\"widget\" data-widget_type=\"icon-box.default\">\n\t\t\t\t<div class=\"elementor-widget-container\">\n\t\t\t\t\t\t\t<div class=\"elementor-icon-box-wrapper\">\n\n\t\t\t\n\t\t\t\t\t\t<div class=\"elementor-icon-box-content\">\n\n\t\t\t\t\t\t\t\t\t<h3 class=\"elementor-icon-box-title\">\n\t\t\t\t\t\t<span  >\n\t\t\t\t\t\t\t3\t\t\t\t\t\t<\/span>\n\t\t\t\t\t<\/h3>\n\t\t\t\t\n\t\t\t\t\t\t\t\t\t<p class=\"elementor-icon-box-description\">\n\t\t\t\t\t\t\u0421\u043f\u0435\u0446\u0438\u0430\u043b\u0438\u0441\u0442 \u0433\u043e\u0442\u043e\u0432\u0438\u0442 \u044d\u043b\u0435\u043a\u0442\u0440\u043e\u043d\u043d\u044b\u0435 \u0434\u043e\u043a\u0443\u043c\u0435\u043d\u0442\u044b \u0438 \u043e\u0442\u043f\u0440\u0430\u0432\u043b\u044f\u0435\u0442 \u0438\u0445 \u043d\u0430 \u0432\u0430\u0448\u0443 \u044d\u043b\u0435\u043a\u0442\u0440\u043e\u043d\u043d\u0443\u044e \u043f\u043e\u0447\u0442\u0443\t\t\t\t\t<\/p>\n\t\t\t\t\n\t\t\t<\/div>\n\t\t\t\n\t\t<\/div>\n\t\t\t\t\t\t<\/div>\n\t\t\t\t<\/div>\n\t\t\t\t<\/div>\n\t\t<div data-particle_enable=\"false\" data-particle-mobile-disabled=\"false\" class=\"elementor-element elementor-element-7ade3052 e-con-full e-flex e-con e-child\" data-id=\"7ade3052\" data-element_type=\"container\" data-e-type=\"container\" data-settings=\"{&quot;background_background&quot;:&quot;classic&quot;}\">\n\t\t\t\t<div class=\"elementor-element elementor-element-66f8ddc3 elementor-widget elementor-widget-text-editor\" data-id=\"66f8ddc3\" data-element_type=\"widget\" data-e-type=\"widget\" data-widget_type=\"text-editor.default\">\n\t\t\t\t<div class=\"elementor-widget-container\">\n\t\t\t\t\t\t\t\t\t<p><strong>\u042d\u043a\u043e\u043d\u043e\u043c\u044c\u0442\u0435 \u0432\u0440\u0435\u043c\u044f \u0438 \u0438\u0437\u0431\u0435\u0433\u0430\u0439\u0442\u0435 \u043e\u0448\u0438\u0431\u043e\u043a. \u0414\u043e\u0431\u0430\u0432\u0438\u0442\u044c \u043a \u0437\u0430\u043a\u0430\u0437\u0443 <a href=\"https:\/\/uronline.lv\/ru\/product\/%d0%bd%d0%b0%d1%81%d1%82%d0%be%d1%8f%d1%82%d0%b5%d0%bb%d1%8c%d0%bd%d0%be-%d0%bf%d1%80%d0%be%d1%81%d0%b8%d0%bc-%d0%bf%d1%80%d0%b5%d0%b4%d1%81%d1%82%d0%b0%d0%b2%d0%b8%d1%82%d1%8c-%d0%b4%d0%be%d0%ba\/\">\u0423\u0441\u043b\u0443\u0433\u0430 \u044d\u043b\u0435\u043a\u0442\u0440\u043e\u043d\u043d\u043e\u0439 \u043f\u043e\u0434\u0430\u0447\u0438 \u0434\u043e\u043a\u0443\u043c\u0435\u043d\u0442\u043e\u0432 EXPERT<\/a><\/strong><\/p>\t\t\t\t\t\t\t\t<\/div>\n\t\t\t\t<\/div>\n\t\t\t\t<div class=\"elementor-element elementor-element-742dfc09 elementor-widget-tablet__width-initial elementor-widget-mobile__width-inherit elementor-widget elementor-widget-icon-box\" data-id=\"742dfc09\" data-element_type=\"widget\" data-e-type=\"widget\" data-widget_type=\"icon-box.default\">\n\t\t\t\t<div class=\"elementor-widget-container\">\n\t\t\t\t\t\t\t<div class=\"elementor-icon-box-wrapper\">\n\n\t\t\t\n\t\t\t\t\t\t<div class=\"elementor-icon-box-content\">\n\n\t\t\t\t\t\t\t\t\t<h3 class=\"elementor-icon-box-title\">\n\t\t\t\t\t\t<span  >\n\t\t\t\t\t\t\t4\t\t\t\t\t\t<\/span>\n\t\t\t\t\t<\/h3>\n\t\t\t\t\n\t\t\t\t\t\t\t\t\t<p class=\"elementor-icon-box-description\">\n\t\t\t\t\t\t\u041f\u043e\u0434\u0430\u0439\u0442\u0435 \u0434\u043e\u043a\u0443\u043c\u0435\u043d\u0442\u044b \u0438 \u043e\u043f\u043b\u0430\u0442\u0438\u0442\u0435 \u0433\u0435\u0440\u0431\u043e\u0432\u044b\u0439 \u0441\u0431\u043e\u0440 \u0441\u0430\u043c\u043e\u0441\u0442\u043e\u044f\u0442\u0435\u043b\u044c\u043d\u043e \u043d\u0430 \u043f\u043b\u0430\u0442\u0444\u043e\u0440\u043c\u0435 UR\t\t\t\t\t<\/p>\n\t\t\t\t\n\t\t\t<\/div>\n\t\t\t\n\t\t<\/div>\n\t\t\t\t\t\t<\/div>\n\t\t\t\t<\/div>\n\t\t\t\t<\/div>\n\t\t\t\t<\/div>\n\t\t\t\t<\/div>\n\t\t\t\t<\/div>","protected":false},"excerpt":{"rendered":"<p>\u041a\u0430\u043a \u044d\u0442\u043e \u0440\u0430\u0431\u043e\u0442\u0430\u0435\u0442 \u0412\u044b\u043f\u043e\u043b\u043d\u0435\u043d\u0438\u0435 \u0443\u0441\u043b\u0443\u0433\u0438 \u043d\u0430\u0447\u0438\u043d\u0430\u0435\u0442\u0441\u044f \u0441\u0440\u0430\u0437\u0443 \u043f\u043e\u0441\u043b\u0435 \u043f\u043e\u043b\u0443\u0447\u0435\u043d\u0438\u044f \u043e\u043f\u043b\u0430\u0442\u044b 1 \u0417\u0430\u043a\u0430\u0436\u0438\u0442\u0435 \u0443\u0441\u043b\u0443\u0433\u0443 \u0438 \u043e\u043f\u043b\u0430\u0442\u0438\u0442\u0435 \u0441\u0447\u0435\u0442 \u041d\u0430\u0448 \u044d\u043a\u0441\u043f\u0435\u0440\u0442 \u043e\u0442\u043f\u0440\u0430\u0432\u0438\u0442 \u043f\u0438\u0441\u044c\u043c\u043e \u0417\u0430\u043f\u043e\u043b\u043d\u0438\u0442\u0435 \u0438\u043d\u0444\u043e\u0440\u043c\u0430\u0446\u0438\u043e\u043d\u043d\u0443\u044e \u0444\u043e\u0440\u043c\u0443 \u0438\u043b\u0438 \u043e\u0442\u043f\u0440\u0430\u0432\u044c\u0442\u0435 \u0438\u043d\u0444\u043e\u0440\u043c\u0430\u0446\u0438\u044e \u043f\u043e \u044d\u043b\u0435\u043a\u0442\u0440\u043e\u043d\u043d\u043e\u0439 \u043f\u043e\u0447\u0442\u0435 2 \u041e\u0442\u043f\u0440\u0430\u0432\u044c\u0442\u0435 \u043d\u0430\u043c \u043d\u0435\u043e\u0431\u0445\u043e\u0434\u0438\u043c\u0443\u044e \u0438\u043d\u0444\u043e\u0440\u043c\u0430\u0446\u0438\u044e, \u0437\u0430\u043f\u043e\u043b\u043d\u0438\u0432 \u0444\u043e\u0440\u043c\u0443 \u0438\u043b\u0438 \u043f\u043e \u044d\u043b\u0435\u043a\u0442\u0440\u043e\u043d\u043d\u043e\u0439 \u043f\u043e\u0447\u0442\u0435 \u041f\u043e\u0434\u043f\u0438\u0448\u0438\u0442\u0435 \u043f\u043e\u043b\u0443\u0447\u0435\u043d\u043d\u044b\u0435 \u0434\u043e\u043a\u0443\u043c\u0435\u043d\u0442\u044b \u0430\u043a\u0442\u0438\u0432\u043d\u043e\u0439 \u044d\u043b\u0435\u043a\u0442\u0440\u043e\u043d\u043d\u043e\u0439 \u043f\u043e\u0434\u043f\u0438\u0441\u044c\u044e (eID, eParaksts mobile, SmartID, Dokobit \u0438 \u0442.\u0434.) 3 \u0421\u043f\u0435\u0446\u0438\u0430\u043b\u0438\u0441\u0442 [...]...<\/p>","protected":false},"author":1,"featured_media":0,"parent":0,"menu_order":0,"comment_status":"closed","ping_status":"closed","template":"","meta":{"_acf_changed":false,"footnotes":""},"class_list":["post-2637","page","type-page","status-publish","hentry"],"acf":[],"yoast_head":"<!-- This site is optimized with the Yoast SEO Premium plugin v25.7.1 (Yoast SEO v25.7) - https:\/\/yoast.com\/wordpress\/plugins\/seo\/ -->\n<title>K\u0101 tas strad\u0101? * UR Online Uz\u0146\u0113mumu Re\u0123istra pakalpojumi<\/title>\n<meta name=\"robots\" content=\"index, follow, max-snippet:-1, max-image-preview:large, max-video-preview:-1\" \/>\n<link rel=\"canonical\" href=\"https:\/\/uronline.lv\/ru\/ka-tas-strada\/\" \/>\n<meta property=\"og:locale\" content=\"ru_RU\" \/>\n<meta property=\"og:type\" content=\"article\" \/>\n<meta property=\"og:title\" content=\"K\u0101 tas strad\u0101?\" \/>\n<meta property=\"og:description\" content=\"k\u0101 tas str\u0101d\u0101 Pakalpojuma izpilde tiek uzs\u0101kta uzreiz, kad sa\u0146emta pakalpojuma apmaksa 1 Pas\u016bti pakalpojumu un apmaks\u0101 sa\u0146emto r\u0113\u0137inu M\u016bsu Eksperts ats\u016bt\u012bs v\u0113stuli aizpild\u012bt inform\u0101cijas formu vai ats\u016bti inform\u0101ciju\u00a0 uz e-pastu 2 Ats\u016bti mums nepiecie\u0161amo inform\u0101ciju aizpildot formu vai uz e-pastu Paraksti sa\u0146emtus dokumentus ar akt\u012bvu e-parakstu (eID, eParaksts mobile, SmartID, Dokobit u.c.) 3 Speci\u0101lists [&hellip;]\" \/>\n<meta property=\"og:url\" content=\"https:\/\/uronline.lv\/ru\/ka-tas-strada\/\" \/>\n<meta property=\"og:site_name\" content=\"UR Online Uz\u0146\u0113mumu Re\u0123istra pakalpojumi\" \/>\n<meta property=\"article:publisher\" content=\"https:\/\/www.facebook.com\/profile.php?id=100094762527243\" \/>\n<meta property=\"article:modified_time\" content=\"2025-09-10T13:41:37+00:00\" \/>\n<meta name=\"twitter:card\" content=\"summary_large_image\" \/>\n<meta name=\"twitter:label1\" content=\"\u041f\u0440\u0438\u043c\u0435\u0440\u043d\u043e\u0435 \u0432\u0440\u0435\u043c\u044f \u0434\u043b\u044f \u0447\u0442\u0435\u043d\u0438\u044f\" \/>\n\t<meta name=\"twitter:data1\" content=\"1 \u043c\u0438\u043d\u0443\u0442\u0430\" \/>\n<script type=\"application\/ld+json\" class=\"yoast-schema-graph\">{\"@context\":\"https:\/\/schema.org\",\"@graph\":[{\"@type\":\"WebPage\",\"@id\":\"https:\/\/uronline.lv\/ka-tas-strada\/\",\"url\":\"https:\/\/uronline.lv\/ka-tas-strada\/\",\"name\":\"K\u0101 tas strad\u0101? * UR Online Uz\u0146\u0113mumu Re\u0123istra pakalpojumi\",\"isPartOf\":{\"@id\":\"https:\/\/uronline.lv\/#website\"},\"datePublished\":\"2025-02-12T15:37:16+00:00\",\"dateModified\":\"2025-09-10T13:41:37+00:00\",\"breadcrumb\":{\"@id\":\"https:\/\/uronline.lv\/ka-tas-strada\/#breadcrumb\"},\"inLanguage\":\"ru-RU\",\"potentialAction\":[{\"@type\":\"ReadAction\",\"target\":[\"https:\/\/uronline.lv\/ka-tas-strada\/\"]}]},{\"@type\":\"BreadcrumbList\",\"@id\":\"https:\/\/uronline.lv\/ka-tas-strada\/#breadcrumb\",\"itemListElement\":[{\"@type\":\"ListItem\",\"position\":1,\"name\":\"Home\",\"item\":\"https:\/\/uronline.lv\/\"},{\"@type\":\"ListItem\",\"position\":2,\"name\":\"K\u0101 tas strad\u0101?\"}]},{\"@type\":\"WebSite\",\"@id\":\"https:\/\/uronline.lv\/#website\",\"url\":\"https:\/\/uronline.lv\/\",\"name\":\"UR Online Uz\u0146\u0113mumu Re\u0123istra pakalpojumi\",\"description\":\"Online Uz\u0146\u0113mumu Re\u0123istra pakalpojumi\",\"publisher\":{\"@id\":\"https:\/\/uronline.lv\/#organization\"},\"potentialAction\":[{\"@type\":\"SearchAction\",\"target\":{\"@type\":\"EntryPoint\",\"urlTemplate\":\"https:\/\/uronline.lv\/?s={search_term_string}\"},\"query-input\":{\"@type\":\"PropertyValueSpecification\",\"valueRequired\":true,\"valueName\":\"search_term_string\"}}],\"inLanguage\":\"ru-RU\"},{\"@type\":\"Organization\",\"@id\":\"https:\/\/uronline.lv\/#organization\",\"name\":\"Global V\",\"url\":\"https:\/\/uronline.lv\/\",\"logo\":{\"@type\":\"ImageObject\",\"inLanguage\":\"ru-RU\",\"@id\":\"https:\/\/uronline.lv\/#\/schema\/logo\/image\/\",\"url\":\"https:\/\/uronline.lv\/wp-content\/uploads\/2023\/07\/Untitled-design.png\",\"contentUrl\":\"https:\/\/uronline.lv\/wp-content\/uploads\/2023\/07\/Untitled-design.png\",\"width\":1200,\"height\":500,\"caption\":\"Global V\"},\"image\":{\"@id\":\"https:\/\/uronline.lv\/#\/schema\/logo\/image\/\"},\"sameAs\":[\"https:\/\/www.facebook.com\/profile.php?id=100094762527243\"]}]}<\/script>\n<!-- \/ Yoast SEO Premium plugin. -->","yoast_head_json":{"title":"\u041a\u0430\u043a \u044d\u0442\u043e \u0440\u0430\u0431\u043e\u0442\u0430\u0435\u0442? \u0423\u0441\u043b\u0443\u0433\u0438 * UR Online Business Register","robots":{"index":"index","follow":"follow","max-snippet":"max-snippet:-1","max-image-preview":"max-image-preview:large","max-video-preview":"max-video-preview:-1"},"canonical":"https:\/\/uronline.lv\/ru\/ka-tas-strada\/","og_locale":"ru_RU","og_type":"article","og_title":"K\u0101 tas strad\u0101?","og_description":"k\u0101 tas str\u0101d\u0101 Pakalpojuma izpilde tiek uzs\u0101kta uzreiz, kad sa\u0146emta pakalpojuma apmaksa 1 Pas\u016bti pakalpojumu un apmaks\u0101 sa\u0146emto r\u0113\u0137inu M\u016bsu Eksperts ats\u016bt\u012bs v\u0113stuli aizpild\u012bt inform\u0101cijas formu vai ats\u016bti inform\u0101ciju\u00a0 uz e-pastu 2 Ats\u016bti mums nepiecie\u0161amo inform\u0101ciju aizpildot formu vai uz e-pastu Paraksti sa\u0146emtus dokumentus ar akt\u012bvu e-parakstu (eID, eParaksts mobile, SmartID, Dokobit u.c.) 3 Speci\u0101lists [&hellip;]","og_url":"https:\/\/uronline.lv\/ru\/ka-tas-strada\/","og_site_name":"UR Online Uz\u0146\u0113mumu Re\u0123istra pakalpojumi","article_publisher":"https:\/\/www.facebook.com\/profile.php?id=100094762527243","article_modified_time":"2025-09-10T13:41:37+00:00","twitter_card":"summary_large_image","twitter_misc":{"\u041f\u0440\u0438\u043c\u0435\u0440\u043d\u043e\u0435 \u0432\u0440\u0435\u043c\u044f \u0434\u043b\u044f \u0447\u0442\u0435\u043d\u0438\u044f":"1 \u043c\u0438\u043d\u0443\u0442\u0430"},"schema":{"@context":"https:\/\/schema.org","@graph":[{"@type":"WebPage","@id":"https:\/\/uronline.lv\/ka-tas-strada\/","url":"https:\/\/uronline.lv\/ka-tas-strada\/","name":"\u041a\u0430\u043a \u044d\u0442\u043e \u0440\u0430\u0431\u043e\u0442\u0430\u0435\u0442? \u0423\u0441\u043b\u0443\u0433\u0438 * UR Online Business Register","isPartOf":{"@id":"https:\/\/uronline.lv\/#website"},"datePublished":"2025-02-12T15:37:16+00:00","dateModified":"2025-09-10T13:41:37+00:00","breadcrumb":{"@id":"https:\/\/uronline.lv\/ka-tas-strada\/#breadcrumb"},"inLanguage":"ru-RU","potentialAction":[{"@type":"ReadAction","target":["https:\/\/uronline.lv\/ka-tas-strada\/"]}]},{"@type":"BreadcrumbList","@id":"https:\/\/uronline.lv\/ka-tas-strada\/#breadcrumb","itemListElement":[{"@type":"ListItem","position":1,"name":"Home","item":"https:\/\/uronline.lv\/"},{"@type":"ListItem","position":2,"name":"K\u0101 tas strad\u0101?"}]},{"@type":"WebSite","@id":"https:\/\/uronline.lv\/#website","url":"https:\/\/uronline.lv\/","name":"\u0423\u0441\u043b\u0443\u0433\u0438 \u043f\u043e \u0432\u0435\u0434\u0435\u043d\u0438\u044e \u0431\u0438\u0437\u043d\u0435\u0441-\u0440\u0435\u0435\u0441\u0442\u0440\u0430 UR Online","description":"\u0423\u0441\u043b\u0443\u0433\u0438 \u043e\u043d\u043b\u0430\u0439\u043d-\u0440\u0435\u0435\u0441\u0442\u0440\u0430 \u043f\u0440\u0435\u0434\u043f\u0440\u0438\u044f\u0442\u0438\u0439","publisher":{"@id":"https:\/\/uronline.lv\/#organization"},"potentialAction":[{"@type":"SearchAction","target":{"@type":"EntryPoint","urlTemplate":"https:\/\/uronline.lv\/?s={search_term_string}"},"query-input":{"@type":"PropertyValueSpecification","valueRequired":true,"valueName":"search_term_string"}}],"inLanguage":"ru-RU"},{"@type":"Organization","@id":"https:\/\/uronline.lv\/#organization","name":"Global V","url":"https:\/\/uronline.lv\/","logo":{"@type":"ImageObject","inLanguage":"ru-RU","@id":"https:\/\/uronline.lv\/#\/schema\/logo\/image\/","url":"https:\/\/uronline.lv\/wp-content\/uploads\/2023\/07\/Untitled-design.png","contentUrl":"https:\/\/uronline.lv\/wp-content\/uploads\/2023\/07\/Untitled-design.png","width":1200,"height":500,"caption":"Global V"},"image":{"@id":"https:\/\/uronline.lv\/#\/schema\/logo\/image\/"},"sameAs":["https:\/\/www.facebook.com\/profile.php?id=100094762527243"]}]}},"jetpack_sharing_enabled":true,"_links":{"self":[{"href":"https:\/\/uronline.lv\/ru\/wp-json\/wp\/v2\/pages\/2637","targetHints":{"allow":["GET"]}}],"collection":[{"href":"https:\/\/uronline.lv\/ru\/wp-json\/wp\/v2\/pages"}],"about":[{"href":"https:\/\/uronline.lv\/ru\/wp-json\/wp\/v2\/types\/page"}],"author":[{"embeddable":true,"href":"https:\/\/uronline.lv\/ru\/wp-json\/wp\/v2\/users\/1"}],"replies":[{"embeddable":true,"href":"https:\/\/uronline.lv\/ru\/wp-json\/wp\/v2\/comments?post=2637"}],"version-history":[{"count":34,"href":"https:\/\/uronline.lv\/ru\/wp-json\/wp\/v2\/pages\/2637\/revisions"}],"predecessor-version":[{"id":3932,"href":"https:\/\/uronline.lv\/ru\/wp-json\/wp\/v2\/pages\/2637\/revisions\/3932"}],"wp:attachment":[{"href":"https:\/\/uronline.lv\/ru\/wp-json\/wp\/v2\/media?parent=2637"}],"curies":[{"name":"wp","href":"https:\/\/api.w.org\/{rel}","templated":true}]}}