{"id":78,"date":"2026-02-18T09:35:19","date_gmt":"2026-02-18T07:35:19","guid":{"rendered":"http:\/\/idon"},"modified":"2026-03-03T12:59:52","modified_gmt":"2026-03-03T10:59:52","slug":"expert_plus_service","status":"publish","type":"product","link":"https:\/\/uronline.lv\/en\/product\/expert_plus_service\/","title":{"rendered":"EXPERT Plus"},"content":{"rendered":"<p>What is included in the service?<\/p>\n<p><em>The service may include one or more items from the list, subject to agreement.<\/em><\/p>\n<ul>\n<li><strong>Tax advice<\/strong><\/li>\n<li><strong>EDS registration<\/strong><\/li>\n<li><strong>Determination of the type of activity (NACE2)<\/strong><\/li>\n<li><strong>Declaring the type of activity to the SRS<\/strong><\/li>\n<li><strong>Registration of the subject of the NILLFTN Law (if applicable)<\/strong><\/li>\n<li><strong>Registration of a structural unit<\/strong><\/li>\n<li><strong>Application for VAT registration<\/strong><\/li>\n<li><strong>EORI<\/strong><\/li>\n<li><strong>Customs paperwork<\/strong><\/li>\n<li><strong>EDS reports<\/strong><\/li>\n<li><strong>Annual report<\/strong><\/li>\n<li><strong>Liquidation report<\/strong><\/li>\n<li><strong>Preparation of the employment contract and job description<\/strong><\/li>\n<\/ul>","protected":false},"excerpt":{"rendered":"<p>What is included in the service?<\/p>\n<p><em>The service may include one or more items from the list, subject to agreement.<\/em><\/p>\n<ul>\n<li><strong>Tax advice<\/strong><\/li>\n<li><strong>EDS registration<\/strong><\/li>\n<li><strong>Determination of the type of activity (NACE2)<\/strong><\/li>\n<li><strong>Declaring the type of activity to the SRS<\/strong><\/li>\n<li><strong>Registration of the subject of the NILLFTN Law (if applicable)<\/strong><\/li>\n<li><strong>Registration of a structural unit<\/strong><\/li>\n<li><strong>Application for VAT registration<\/strong><\/li>\n<li><strong>EORI<\/strong><\/li>\n<li><strong>Customs paperwork<\/strong><\/li>\n<li><strong>EDS reports<\/strong><\/li>\n<li><strong>Annual report<\/strong><\/li>\n<li><strong>Liquidation report<\/strong><\/li>\n<li><strong>Preparation of the employment contract and job description<\/strong><\/li>\n<\/ul>","protected":false},"featured_media":1004,"comment_status":"open","ping_status":"closed","template":"","meta":{"_acf_changed":false},"product_brand":[],"product_cat":[41,31,42,48,32,33,34,35,30,81,39,50,29],"product_tag":[],"class_list":{"0":"post-78","1":"product","2":"type-product","3":"status-publish","4":"has-post-thumbnail","6":"product_cat-biedribas-dibinasana","7":"product_cat-dalibnieku-izmainas","8":"product_cat-dokumentu-pirmsparbaude","9":"product_cat-ik-registracija","10":"product_cat-juridiskas-adreses-maina","11":"product_cat-mazkapitala-sia-registracija","12":"product_cat-sia-nosaukuma-maina","13":"product_cat-sia-pamatkapitala-palielinasana","14":"product_cat-sia-registracija","15":"product_cat-statutu-grozijumi","16":"product_cat-ur-1","17":"product_cat-uznemuma-registracija","18":"product_cat-valdes-izmainas","20":"first","21":"instock","22":"virtual","23":"sold-individually","24":"taxable","25":"purchasable","26":"product-type-simple"},"acf":[],"yoast_head":"<!-- This site is optimized with the Yoast SEO Premium plugin v25.7.1 (Yoast SEO v25.7) - https:\/\/yoast.com\/wordpress\/plugins\/seo\/ -->\n<title>EXPERT Plus * UR Online Uz\u0146\u0113mumu Re\u0123istra pakalpojumi<\/title>\n<meta name=\"description\" content=\"Pakalpojum\u0101 ietilpst sekojo\u0161as darb\u012bbas: Darb\u012bbas veida noteik\u0161ana, Darb\u012bbas veida deklar\u0113\u0161ana, VIDNILLFTN likuma subjekta re\u0123istr\u0101cija (ja nepiecie\u0161ams), Strukt\u016brvien\u012bbas re\u0123istr\u0101cija\" \/>\n<meta name=\"robots\" content=\"index, follow, max-snippet:-1, max-image-preview:large, max-video-preview:-1\" \/>\n<link rel=\"canonical\" href=\"https:\/\/uronline.lv\/en\/product\/expert_plus_service\/\" \/>\n<meta property=\"og:locale\" content=\"en_US\" \/>\n<meta property=\"og:type\" content=\"article\" \/>\n<meta property=\"og:title\" content=\"EXPERT Plus\" \/>\n<meta property=\"og:description\" content=\"Pakalpojum\u0101 ietilpst sekojo\u0161as darb\u012bbas: Darb\u012bbas veida noteik\u0161ana, Darb\u012bbas veida deklar\u0113\u0161ana, VIDNILLFTN likuma subjekta re\u0123istr\u0101cija (ja nepiecie\u0161ams), Strukt\u016brvien\u012bbas re\u0123istr\u0101cija\" \/>\n<meta property=\"og:url\" content=\"https:\/\/uronline.lv\/en\/product\/expert_plus_service\/\" \/>\n<meta property=\"og:site_name\" content=\"UR Online Uz\u0146\u0113mumu Re\u0123istra pakalpojumi\" \/>\n<meta property=\"article:publisher\" content=\"https:\/\/www.facebook.com\/profile.php?id=100094762527243\" \/>\n<meta property=\"article:modified_time\" content=\"2026-03-03T10:59:52+00:00\" \/>\n<meta property=\"og:image\" content=\"https:\/\/uronline.lv\/wp-content\/uploads\/2023\/07\/MYbhN8KaaEc.jpg\" \/>\n\t<meta property=\"og:image:width\" content=\"1920\" \/>\n\t<meta property=\"og:image:height\" content=\"1280\" \/>\n\t<meta property=\"og:image:type\" content=\"image\/jpeg\" \/>\n<meta name=\"twitter:card\" content=\"summary_large_image\" \/>\n<meta name=\"twitter:label1\" content=\"Est. reading time\" \/>\n\t<meta name=\"twitter:data1\" content=\"1 minute\" \/>\n<script type=\"application\/ld+json\" class=\"yoast-schema-graph\">{\"@context\":\"https:\/\/schema.org\",\"@graph\":[{\"@type\":\"WebPage\",\"@id\":\"https:\/\/uronline.lv\/products\/expert_plus_pakalpojums\/\",\"url\":\"https:\/\/uronline.lv\/products\/expert_plus_pakalpojums\/\",\"name\":\"EXPERT Plus * UR Online Uz\u0146\u0113mumu Re\u0123istra pakalpojumi\",\"isPartOf\":{\"@id\":\"https:\/\/uronline.lv\/#website\"},\"primaryImageOfPage\":{\"@id\":\"https:\/\/uronline.lv\/products\/expert_plus_pakalpojums\/#primaryimage\"},\"image\":{\"@id\":\"https:\/\/uronline.lv\/products\/expert_plus_pakalpojums\/#primaryimage\"},\"thumbnailUrl\":\"https:\/\/uronline.lv\/wp-content\/uploads\/2023\/07\/MYbhN8KaaEc.jpg\",\"datePublished\":\"2026-02-18T07:35:19+00:00\",\"dateModified\":\"2026-03-03T10:59:52+00:00\",\"description\":\"Pakalpojum\u0101 ietilpst sekojo\u0161as darb\u012bbas: Darb\u012bbas veida noteik\u0161ana, Darb\u012bbas veida deklar\u0113\u0161ana, VIDNILLFTN likuma subjekta re\u0123istr\u0101cija (ja nepiecie\u0161ams), Strukt\u016brvien\u012bbas re\u0123istr\u0101cija\",\"breadcrumb\":{\"@id\":\"https:\/\/uronline.lv\/products\/expert_plus_pakalpojums\/#breadcrumb\"},\"inLanguage\":\"en-US\",\"potentialAction\":[{\"@type\":\"ReadAction\",\"target\":[\"https:\/\/uronline.lv\/products\/expert_plus_pakalpojums\/\"]}]},{\"@type\":\"ImageObject\",\"inLanguage\":\"en-US\",\"@id\":\"https:\/\/uronline.lv\/products\/expert_plus_pakalpojums\/#primaryimage\",\"url\":\"https:\/\/uronline.lv\/wp-content\/uploads\/2023\/07\/MYbhN8KaaEc.jpg\",\"contentUrl\":\"https:\/\/uronline.lv\/wp-content\/uploads\/2023\/07\/MYbhN8KaaEc.jpg\",\"width\":1920,\"height\":1280},{\"@type\":\"BreadcrumbList\",\"@id\":\"https:\/\/uronline.lv\/products\/expert_plus_pakalpojums\/#breadcrumb\",\"itemListElement\":[{\"@type\":\"ListItem\",\"position\":1,\"name\":\"Home\",\"item\":\"https:\/\/uronline.lv\/\"},{\"@type\":\"ListItem\",\"position\":2,\"name\":\"Pakalpojumi\",\"item\":\"https:\/\/uronline.lv\/shop\/\"},{\"@type\":\"ListItem\",\"position\":3,\"name\":\"EXPERT Plus\"}]},{\"@type\":\"WebSite\",\"@id\":\"https:\/\/uronline.lv\/#website\",\"url\":\"https:\/\/uronline.lv\/\",\"name\":\"UR Online Uz\u0146\u0113mumu Re\u0123istra pakalpojumi\",\"description\":\"Online Uz\u0146\u0113mumu Re\u0123istra pakalpojumi\",\"publisher\":{\"@id\":\"https:\/\/uronline.lv\/#organization\"},\"potentialAction\":[{\"@type\":\"SearchAction\",\"target\":{\"@type\":\"EntryPoint\",\"urlTemplate\":\"https:\/\/uronline.lv\/?s={search_term_string}\"},\"query-input\":{\"@type\":\"PropertyValueSpecification\",\"valueRequired\":true,\"valueName\":\"search_term_string\"}}],\"inLanguage\":\"en-US\"},{\"@type\":\"Organization\",\"@id\":\"https:\/\/uronline.lv\/#organization\",\"name\":\"Global V\",\"url\":\"https:\/\/uronline.lv\/\",\"logo\":{\"@type\":\"ImageObject\",\"inLanguage\":\"en-US\",\"@id\":\"https:\/\/uronline.lv\/#\/schema\/logo\/image\/\",\"url\":\"https:\/\/uronline.lv\/wp-content\/uploads\/2023\/07\/Untitled-design.png\",\"contentUrl\":\"https:\/\/uronline.lv\/wp-content\/uploads\/2023\/07\/Untitled-design.png\",\"width\":1200,\"height\":500,\"caption\":\"Global V\"},\"image\":{\"@id\":\"https:\/\/uronline.lv\/#\/schema\/logo\/image\/\"},\"sameAs\":[\"https:\/\/www.facebook.com\/profile.php?id=100094762527243\"]}]}<\/script>\n<!-- \/ Yoast SEO Premium plugin. -->","yoast_head_json":{"title":"EXPERT Plus * UR Online Business Register services","description":"The service includes the following activities: determination of the type of activity, declaration of the type of activity, registration of the subject of the SRNILFTN Law (if applicable), registration of the structural unit","robots":{"index":"index","follow":"follow","max-snippet":"max-snippet:-1","max-image-preview":"max-image-preview:large","max-video-preview":"max-video-preview:-1"},"canonical":"https:\/\/uronline.lv\/en\/product\/expert_plus_service\/","og_locale":"en_US","og_type":"article","og_title":"EXPERT Plus","og_description":"Pakalpojum\u0101 ietilpst sekojo\u0161as darb\u012bbas: Darb\u012bbas veida noteik\u0161ana, Darb\u012bbas veida deklar\u0113\u0161ana, VIDNILLFTN likuma subjekta re\u0123istr\u0101cija (ja nepiecie\u0161ams), Strukt\u016brvien\u012bbas re\u0123istr\u0101cija","og_url":"https:\/\/uronline.lv\/en\/product\/expert_plus_service\/","og_site_name":"UR Online Uz\u0146\u0113mumu Re\u0123istra pakalpojumi","article_publisher":"https:\/\/www.facebook.com\/profile.php?id=100094762527243","article_modified_time":"2026-03-03T10:59:52+00:00","og_image":[{"width":1920,"height":1280,"url":"https:\/\/uronline.lv\/wp-content\/uploads\/2023\/07\/MYbhN8KaaEc.jpg","type":"image\/jpeg"}],"twitter_card":"summary_large_image","twitter_misc":{"Est. reading time":"1 minute"},"schema":{"@context":"https:\/\/schema.org","@graph":[{"@type":"WebPage","@id":"https:\/\/uronline.lv\/products\/expert_plus_pakalpojums\/","url":"https:\/\/uronline.lv\/products\/expert_plus_pakalpojums\/","name":"EXPERT Plus * UR Online Business Register services","isPartOf":{"@id":"https:\/\/uronline.lv\/#website"},"primaryImageOfPage":{"@id":"https:\/\/uronline.lv\/products\/expert_plus_pakalpojums\/#primaryimage"},"image":{"@id":"https:\/\/uronline.lv\/products\/expert_plus_pakalpojums\/#primaryimage"},"thumbnailUrl":"https:\/\/uronline.lv\/wp-content\/uploads\/2023\/07\/MYbhN8KaaEc.jpg","datePublished":"2026-02-18T07:35:19+00:00","dateModified":"2026-03-03T10:59:52+00:00","description":"The service includes the following activities: determination of the type of activity, declaration of the type of activity, registration of the subject of the SRNILFTN Law (if applicable), registration of the structural unit","breadcrumb":{"@id":"https:\/\/uronline.lv\/products\/expert_plus_pakalpojums\/#breadcrumb"},"inLanguage":"en-US","potentialAction":[{"@type":"ReadAction","target":["https:\/\/uronline.lv\/products\/expert_plus_pakalpojums\/"]}]},{"@type":"ImageObject","inLanguage":"en-US","@id":"https:\/\/uronline.lv\/products\/expert_plus_pakalpojums\/#primaryimage","url":"https:\/\/uronline.lv\/wp-content\/uploads\/2023\/07\/MYbhN8KaaEc.jpg","contentUrl":"https:\/\/uronline.lv\/wp-content\/uploads\/2023\/07\/MYbhN8KaaEc.jpg","width":1920,"height":1280},{"@type":"BreadcrumbList","@id":"https:\/\/uronline.lv\/products\/expert_plus_pakalpojums\/#breadcrumb","itemListElement":[{"@type":"ListItem","position":1,"name":"Home","item":"https:\/\/uronline.lv\/"},{"@type":"ListItem","position":2,"name":"Pakalpojumi","item":"https:\/\/uronline.lv\/shop\/"},{"@type":"ListItem","position":3,"name":"EXPERT Plus"}]},{"@type":"WebSite","@id":"https:\/\/uronline.lv\/#website","url":"https:\/\/uronline.lv\/","name":"UR Online Business Register services","description":"Online Business Register services","publisher":{"@id":"https:\/\/uronline.lv\/#organization"},"potentialAction":[{"@type":"SearchAction","target":{"@type":"EntryPoint","urlTemplate":"https:\/\/uronline.lv\/?s={search_term_string}"},"query-input":{"@type":"PropertyValueSpecification","valueRequired":true,"valueName":"search_term_string"}}],"inLanguage":"en-US"},{"@type":"Organization","@id":"https:\/\/uronline.lv\/#organization","name":"Global V","url":"https:\/\/uronline.lv\/","logo":{"@type":"ImageObject","inLanguage":"en-US","@id":"https:\/\/uronline.lv\/#\/schema\/logo\/image\/","url":"https:\/\/uronline.lv\/wp-content\/uploads\/2023\/07\/Untitled-design.png","contentUrl":"https:\/\/uronline.lv\/wp-content\/uploads\/2023\/07\/Untitled-design.png","width":1200,"height":500,"caption":"Global V"},"image":{"@id":"https:\/\/uronline.lv\/#\/schema\/logo\/image\/"},"sameAs":["https:\/\/www.facebook.com\/profile.php?id=100094762527243"]}]}},"jetpack_sharing_enabled":true,"_links":{"self":[{"href":"https:\/\/uronline.lv\/en\/wp-json\/wp\/v2\/product\/78","targetHints":{"allow":["GET"]}}],"collection":[{"href":"https:\/\/uronline.lv\/en\/wp-json\/wp\/v2\/product"}],"about":[{"href":"https:\/\/uronline.lv\/en\/wp-json\/wp\/v2\/types\/product"}],"replies":[{"embeddable":true,"href":"https:\/\/uronline.lv\/en\/wp-json\/wp\/v2\/comments?post=78"}],"wp:featuredmedia":[{"embeddable":true,"href":"https:\/\/uronline.lv\/en\/wp-json\/wp\/v2\/media\/1004"}],"wp:attachment":[{"href":"https:\/\/uronline.lv\/en\/wp-json\/wp\/v2\/media?parent=78"}],"wp:term":[{"taxonomy":"product_brand","embeddable":true,"href":"https:\/\/uronline.lv\/en\/wp-json\/wp\/v2\/product_brand?post=78"},{"taxonomy":"product_cat","embeddable":true,"href":"https:\/\/uronline.lv\/en\/wp-json\/wp\/v2\/product_cat?post=78"},{"taxonomy":"product_tag","embeddable":true,"href":"https:\/\/uronline.lv\/en\/wp-json\/wp\/v2\/product_tag?post=78"}],"curies":[{"name":"wp","href":"https:\/\/api.w.org\/{rel}","templated":true}]}}