{"id":75,"date":"2026-02-12T09:35:18","date_gmt":"2026-02-12T07:35:18","guid":{"rendered":"http:\/\/idon"},"modified":"2026-03-03T13:07:42","modified_gmt":"2026-03-03T11:07:42","slug":"ur","status":"publish","type":"product","link":"https:\/\/uronline.lv\/en\/product\/ur\/","title":{"rendered":"Expedited handling of documents"},"content":{"rendered":"<p><strong>Important information!<\/strong><\/p>\n<p><em><a href=\"https:\/\/www.ur.gov.lv\/lv\/\">Company Register<\/a> triple the amount of the Stamp Duty for this service!<\/em><\/p>\n<p><strong><em>The following Services are exempt from Stamp Duty:<\/em><\/strong><\/p>\n<p><em>Registration of a limited liability company, small capital company or sole trader where <strong>one founder and he is the sole member of the management board<\/strong>!\u00a0<\/em><\/p>","protected":false},"excerpt":{"rendered":"<p>The documents submitted are usually examined by the Register of Companies within 3 working days, excluding the day of submission.<\/p>\n<p>This service allows the Register of Companies to examine documents within 1 working day, excluding the day of submission.<\/p>\n<p>&nbsp;<\/p>\n<p>What is included in the Expedited Handling of Documents service?<\/p>\n<ul>\n<li>Application for accelerated examination of documents<\/li>\n<\/ul>\n<p>&nbsp;<\/p>\n<p><strong>Important information!<\/strong><\/p>\n<p><em>The Company Registry charges triple (x3) the amount of the State fee for this service!<\/em><\/p>\n<p><strong><em>The following Services are exempt from Stamp Duty:<\/em><\/strong><\/p>\n<p><em>Registration of an LLC, a small-capital LLC or a sole trader where there is one founder and he is the only member of the board!\u00a0<\/em><\/p>","protected":false},"featured_media":2705,"comment_status":"open","ping_status":"closed","template":"","meta":{"_acf_changed":false},"product_brand":[],"product_cat":[41,37,31,45,49,48,32,33,40,36,34,35,30,81,39,50,29],"product_tag":[],"class_list":{"0":"post-75","1":"product","2":"type-product","3":"status-publish","4":"has-post-thumbnail","6":"product_cat-biedribas-dibinasana","7":"product_cat-biedribas-likvidacija","8":"product_cat-dalibnieku-izmainas","9":"product_cat-expert","10":"product_cat-ik-likvidacija","11":"product_cat-ik-registracija","12":"product_cat-juridiskas-adreses-maina","13":"product_cat-mazkapitala-sia-registracija","14":"product_cat-paatrinata-dokumentu-izskatisana-ur","15":"product_cat-sia-likvidacija","16":"product_cat-sia-nosaukuma-maina","17":"product_cat-sia-pamatkapitala-palielinasana","18":"product_cat-sia-registracija","19":"product_cat-statutu-grozijumi","20":"product_cat-ur-1","21":"product_cat-uznemuma-registracija","22":"product_cat-valdes-izmainas","24":"first","25":"outofstock","26":"virtual","27":"sold-individually","28":"taxable","29":"product-type-simple"},"acf":[],"yoast_head":"<!-- This site is optimized with the Yoast SEO Premium plugin v25.7.1 (Yoast SEO v25.7) - https:\/\/yoast.com\/wordpress\/plugins\/seo\/ -->\n<title>Pa\u0101trin\u0101t\u0101 dokumentu izskat\u012b\u0161ana * UR Online Uz\u0146\u0113mumu Re\u0123istra pakalpojumi<\/title>\n<meta name=\"description\" content=\"100% Online pakalpojums. Bezmaksas konsult\u0101cija. Nek\u0101du dokumentu iesnieg\u0161anas instrukciju vai pam\u0101c\u012bbu. UR izskat\u012bts dokumentus 1 darba dienas laik\u0101\" \/>\n<meta name=\"robots\" content=\"index, follow, max-snippet:-1, max-image-preview:large, max-video-preview:-1\" \/>\n<link rel=\"canonical\" href=\"https:\/\/uronline.lv\/en\/product\/ur\/\" \/>\n<meta property=\"og:locale\" content=\"en_US\" \/>\n<meta property=\"og:type\" content=\"article\" \/>\n<meta property=\"og:title\" content=\"Pa\u0101trin\u0101t\u0101 dokumentu izskat\u012b\u0161ana\" \/>\n<meta property=\"og:description\" content=\"100% Online pakalpojums. Bezmaksas konsult\u0101cija. Nek\u0101du dokumentu iesnieg\u0161anas instrukciju vai pam\u0101c\u012bbu. UR izskat\u012bts dokumentus 1 darba dienas laik\u0101\" \/>\n<meta property=\"og:url\" content=\"https:\/\/uronline.lv\/en\/product\/ur\/\" \/>\n<meta property=\"og:site_name\" content=\"UR Online Uz\u0146\u0113mumu Re\u0123istra pakalpojumi\" \/>\n<meta property=\"article:publisher\" content=\"https:\/\/www.facebook.com\/profile.php?id=100094762527243\" \/>\n<meta property=\"article:modified_time\" content=\"2026-03-03T11:07:42+00:00\" \/>\n<meta property=\"og:image\" content=\"https:\/\/uronline.lv\/wp-content\/uploads\/2025\/02\/Paatrinata-dokumentu-izskatisana.png\" \/>\n\t<meta property=\"og:image:width\" content=\"940\" \/>\n\t<meta property=\"og:image:height\" content=\"788\" \/>\n\t<meta property=\"og:image:type\" content=\"image\/png\" \/>\n<meta name=\"twitter:card\" content=\"summary_large_image\" \/>\n<meta name=\"twitter:label1\" content=\"Est. reading time\" \/>\n\t<meta name=\"twitter:data1\" content=\"1 minute\" \/>\n<script type=\"application\/ld+json\" class=\"yoast-schema-graph\">{\"@context\":\"https:\/\/schema.org\",\"@graph\":[{\"@type\":\"WebPage\",\"@id\":\"https:\/\/uronline.lv\/products\/dokumentu-izskatisana-ur\/\",\"url\":\"https:\/\/uronline.lv\/products\/dokumentu-izskatisana-ur\/\",\"name\":\"Pa\u0101trin\u0101t\u0101 dokumentu izskat\u012b\u0161ana * UR Online Uz\u0146\u0113mumu Re\u0123istra pakalpojumi\",\"isPartOf\":{\"@id\":\"https:\/\/uronline.lv\/#website\"},\"primaryImageOfPage\":{\"@id\":\"https:\/\/uronline.lv\/products\/dokumentu-izskatisana-ur\/#primaryimage\"},\"image\":{\"@id\":\"https:\/\/uronline.lv\/products\/dokumentu-izskatisana-ur\/#primaryimage\"},\"thumbnailUrl\":\"https:\/\/uronline.lv\/wp-content\/uploads\/2025\/02\/Paatrinata-dokumentu-izskatisana.png\",\"datePublished\":\"2026-02-12T07:35:18+00:00\",\"dateModified\":\"2026-03-03T11:07:42+00:00\",\"description\":\"100% Online pakalpojums. Bezmaksas konsult\u0101cija. Nek\u0101du dokumentu iesnieg\u0161anas instrukciju vai pam\u0101c\u012bbu. UR izskat\u012bts dokumentus 1 darba dienas laik\u0101\",\"breadcrumb\":{\"@id\":\"https:\/\/uronline.lv\/products\/dokumentu-izskatisana-ur\/#breadcrumb\"},\"inLanguage\":\"en-US\",\"potentialAction\":[{\"@type\":\"ReadAction\",\"target\":[\"https:\/\/uronline.lv\/products\/dokumentu-izskatisana-ur\/\"]}]},{\"@type\":\"ImageObject\",\"inLanguage\":\"en-US\",\"@id\":\"https:\/\/uronline.lv\/products\/dokumentu-izskatisana-ur\/#primaryimage\",\"url\":\"https:\/\/uronline.lv\/wp-content\/uploads\/2025\/02\/Paatrinata-dokumentu-izskatisana.png\",\"contentUrl\":\"https:\/\/uronline.lv\/wp-content\/uploads\/2025\/02\/Paatrinata-dokumentu-izskatisana.png\",\"width\":940,\"height\":788},{\"@type\":\"BreadcrumbList\",\"@id\":\"https:\/\/uronline.lv\/products\/dokumentu-izskatisana-ur\/#breadcrumb\",\"itemListElement\":[{\"@type\":\"ListItem\",\"position\":1,\"name\":\"Home\",\"item\":\"https:\/\/uronline.lv\/\"},{\"@type\":\"ListItem\",\"position\":2,\"name\":\"Pakalpojumi\",\"item\":\"https:\/\/uronline.lv\/shop\/\"},{\"@type\":\"ListItem\",\"position\":3,\"name\":\"Pa\u0101trin\u0101t\u0101 dokumentu izskat\u012b\u0161ana\"}]},{\"@type\":\"WebSite\",\"@id\":\"https:\/\/uronline.lv\/#website\",\"url\":\"https:\/\/uronline.lv\/\",\"name\":\"UR Online Uz\u0146\u0113mumu Re\u0123istra pakalpojumi\",\"description\":\"Online Uz\u0146\u0113mumu Re\u0123istra pakalpojumi\",\"publisher\":{\"@id\":\"https:\/\/uronline.lv\/#organization\"},\"potentialAction\":[{\"@type\":\"SearchAction\",\"target\":{\"@type\":\"EntryPoint\",\"urlTemplate\":\"https:\/\/uronline.lv\/?s={search_term_string}\"},\"query-input\":{\"@type\":\"PropertyValueSpecification\",\"valueRequired\":true,\"valueName\":\"search_term_string\"}}],\"inLanguage\":\"en-US\"},{\"@type\":\"Organization\",\"@id\":\"https:\/\/uronline.lv\/#organization\",\"name\":\"Global V\",\"url\":\"https:\/\/uronline.lv\/\",\"logo\":{\"@type\":\"ImageObject\",\"inLanguage\":\"en-US\",\"@id\":\"https:\/\/uronline.lv\/#\/schema\/logo\/image\/\",\"url\":\"https:\/\/uronline.lv\/wp-content\/uploads\/2023\/07\/Untitled-design.png\",\"contentUrl\":\"https:\/\/uronline.lv\/wp-content\/uploads\/2023\/07\/Untitled-design.png\",\"width\":1200,\"height\":500,\"caption\":\"Global V\"},\"image\":{\"@id\":\"https:\/\/uronline.lv\/#\/schema\/logo\/image\/\"},\"sameAs\":[\"https:\/\/www.facebook.com\/profile.php?id=100094762527243\"]}]}<\/script>\n<!-- \/ Yoast SEO Premium plugin. -->","yoast_head_json":{"title":"Expedited document processing * UR Online Business Register services","description":"100% Online service. Free consultation. No instructions or tutorials for submitting documents. UR processed documents within 1 working day","robots":{"index":"index","follow":"follow","max-snippet":"max-snippet:-1","max-image-preview":"max-image-preview:large","max-video-preview":"max-video-preview:-1"},"canonical":"https:\/\/uronline.lv\/en\/product\/ur\/","og_locale":"en_US","og_type":"article","og_title":"Pa\u0101trin\u0101t\u0101 dokumentu izskat\u012b\u0161ana","og_description":"100% Online pakalpojums. Bezmaksas konsult\u0101cija. Nek\u0101du dokumentu iesnieg\u0161anas instrukciju vai pam\u0101c\u012bbu. UR izskat\u012bts dokumentus 1 darba dienas laik\u0101","og_url":"https:\/\/uronline.lv\/en\/product\/ur\/","og_site_name":"UR Online Uz\u0146\u0113mumu Re\u0123istra pakalpojumi","article_publisher":"https:\/\/www.facebook.com\/profile.php?id=100094762527243","article_modified_time":"2026-03-03T11:07:42+00:00","og_image":[{"width":940,"height":788,"url":"https:\/\/uronline.lv\/wp-content\/uploads\/2025\/02\/Paatrinata-dokumentu-izskatisana.png","type":"image\/png"}],"twitter_card":"summary_large_image","twitter_misc":{"Est. reading time":"1 minute"},"schema":{"@context":"https:\/\/schema.org","@graph":[{"@type":"WebPage","@id":"https:\/\/uronline.lv\/products\/dokumentu-izskatisana-ur\/","url":"https:\/\/uronline.lv\/products\/dokumentu-izskatisana-ur\/","name":"Expedited document processing * UR Online Business Register services","isPartOf":{"@id":"https:\/\/uronline.lv\/#website"},"primaryImageOfPage":{"@id":"https:\/\/uronline.lv\/products\/dokumentu-izskatisana-ur\/#primaryimage"},"image":{"@id":"https:\/\/uronline.lv\/products\/dokumentu-izskatisana-ur\/#primaryimage"},"thumbnailUrl":"https:\/\/uronline.lv\/wp-content\/uploads\/2025\/02\/Paatrinata-dokumentu-izskatisana.png","datePublished":"2026-02-12T07:35:18+00:00","dateModified":"2026-03-03T11:07:42+00:00","description":"100% Online service. Free consultation. No instructions or tutorials for submitting documents. UR processed documents within 1 working day","breadcrumb":{"@id":"https:\/\/uronline.lv\/products\/dokumentu-izskatisana-ur\/#breadcrumb"},"inLanguage":"en-US","potentialAction":[{"@type":"ReadAction","target":["https:\/\/uronline.lv\/products\/dokumentu-izskatisana-ur\/"]}]},{"@type":"ImageObject","inLanguage":"en-US","@id":"https:\/\/uronline.lv\/products\/dokumentu-izskatisana-ur\/#primaryimage","url":"https:\/\/uronline.lv\/wp-content\/uploads\/2025\/02\/Paatrinata-dokumentu-izskatisana.png","contentUrl":"https:\/\/uronline.lv\/wp-content\/uploads\/2025\/02\/Paatrinata-dokumentu-izskatisana.png","width":940,"height":788},{"@type":"BreadcrumbList","@id":"https:\/\/uronline.lv\/products\/dokumentu-izskatisana-ur\/#breadcrumb","itemListElement":[{"@type":"ListItem","position":1,"name":"Home","item":"https:\/\/uronline.lv\/"},{"@type":"ListItem","position":2,"name":"Pakalpojumi","item":"https:\/\/uronline.lv\/shop\/"},{"@type":"ListItem","position":3,"name":"Pa\u0101trin\u0101t\u0101 dokumentu izskat\u012b\u0161ana"}]},{"@type":"WebSite","@id":"https:\/\/uronline.lv\/#website","url":"https:\/\/uronline.lv\/","name":"UR Online Business Register services","description":"Online Business Register services","publisher":{"@id":"https:\/\/uronline.lv\/#organization"},"potentialAction":[{"@type":"SearchAction","target":{"@type":"EntryPoint","urlTemplate":"https:\/\/uronline.lv\/?s={search_term_string}"},"query-input":{"@type":"PropertyValueSpecification","valueRequired":true,"valueName":"search_term_string"}}],"inLanguage":"en-US"},{"@type":"Organization","@id":"https:\/\/uronline.lv\/#organization","name":"Global V","url":"https:\/\/uronline.lv\/","logo":{"@type":"ImageObject","inLanguage":"en-US","@id":"https:\/\/uronline.lv\/#\/schema\/logo\/image\/","url":"https:\/\/uronline.lv\/wp-content\/uploads\/2023\/07\/Untitled-design.png","contentUrl":"https:\/\/uronline.lv\/wp-content\/uploads\/2023\/07\/Untitled-design.png","width":1200,"height":500,"caption":"Global V"},"image":{"@id":"https:\/\/uronline.lv\/#\/schema\/logo\/image\/"},"sameAs":["https:\/\/www.facebook.com\/profile.php?id=100094762527243"]}]}},"jetpack_sharing_enabled":true,"_links":{"self":[{"href":"https:\/\/uronline.lv\/en\/wp-json\/wp\/v2\/product\/75","targetHints":{"allow":["GET"]}}],"collection":[{"href":"https:\/\/uronline.lv\/en\/wp-json\/wp\/v2\/product"}],"about":[{"href":"https:\/\/uronline.lv\/en\/wp-json\/wp\/v2\/types\/product"}],"replies":[{"embeddable":true,"href":"https:\/\/uronline.lv\/en\/wp-json\/wp\/v2\/comments?post=75"}],"wp:featuredmedia":[{"embeddable":true,"href":"https:\/\/uronline.lv\/en\/wp-json\/wp\/v2\/media\/2705"}],"wp:attachment":[{"href":"https:\/\/uronline.lv\/en\/wp-json\/wp\/v2\/media?parent=75"}],"wp:term":[{"taxonomy":"product_brand","embeddable":true,"href":"https:\/\/uronline.lv\/en\/wp-json\/wp\/v2\/product_brand?post=75"},{"taxonomy":"product_cat","embeddable":true,"href":"https:\/\/uronline.lv\/en\/wp-json\/wp\/v2\/product_cat?post=75"},{"taxonomy":"product_tag","embeddable":true,"href":"https:\/\/uronline.lv\/en\/wp-json\/wp\/v2\/product_tag?post=75"}],"curies":[{"name":"wp","href":"https:\/\/api.w.org\/{rel}","templated":true}]}}