{"id":73,"date":"2026-02-12T09:35:18","date_gmt":"2026-02-12T07:35:18","guid":{"rendered":"http:\/\/idon"},"modified":"2026-03-03T13:06:31","modified_gmt":"2026-03-03T11:06:31","slug":"changes-to-the-register-of-amendments","status":"publish","type":"product","link":"https:\/\/uronline.lv\/en\/product\/changes-to-the-register-of-amendments\/","title":{"rendered":"UR Change +1"},"content":{"rendered":"<h3><strong>What is <\/strong>UR Change +1 <span style=\"color: #000000;\">Online service<\/span><strong>?<\/strong><\/h3>\n<ol>\n<li>The service is open to any entity registered <a href=\"https:\/\/www.ur.gov.lv\/lv\/\">In the Register of Companies<\/a> (Ltd, Society, IC).<\/li>\n<li>UR Change +1 is an additional service for making one additional change to the Register of Companies.<\/li>\n<li>For example, if you need to register several changes (change of registered office AND board member) in the Register of Companies, add this service. Standard price for the service separately - 25EUR.<\/li>\n<li><strong>The service starts immediately<\/strong>, together with the basic selected service.<\/li>\n<li dir=\"ltr\" data-placeholder=\"Translation\" aria-label=\"Translated text\" data-ved=\"2ahUKEwitlfXY7_-EAxX3KBAIHeR4CqEQ3ewLegQIBRAU\">State fee for additional Changes in the Register of Companies - 20.00EUR. Maximum State fee for all changes 40EUR. If the State fee for the basic service you have selected is 40EUR, then all additional changes <strong>NO ADDITIONAL STAMP DUTY<\/strong>.<\/li>\n<li dir=\"ltr\" data-placeholder=\"Translation\" aria-label=\"Translated text\" data-ved=\"2ahUKEwitlfXY7_-EAxX3KBAIHeR4CqEQ3ewLegQIBRAU\">As a rule, documents are processed within 3 working days, excluding the day on which they are submitted. In special cases, documents submitted may be examined within 1 working day. See <a href=\"https:\/\/siaexpert.lv\/products\/dokumentu-izskatisana-ur\/\">Fast-track facility<\/a>.<\/li>\n<\/ol>\n<p><strong>This is a personalised Change in the Business Register service.<\/strong><\/p>\n<p>No matter what changes need to be made to your company, you can tailor the service to your needs.<\/p>\n<h3>What is included in the UR Change +1 service?<\/h3>\n<ul>\n<li><strong>A change to the Register of Enterprises (RoE) +1 is an additional change to the Register of Enterprises.\u00a0<\/strong>For example, if you need to register several changes (change of registered office AND board member or additional registration of Beneficial Owners (BOs) or partial denomination of share capital (share capital of LLC to EIRO)) in the Register of Companies, add this service. Standard price for the service separately - 25EUR.<\/li>\n<\/ul>\n<ul>\n<li><strong>Changes to the Register of Companies +1 The composition of the documents included in the Service will be adapted to your needs.<\/strong><\/li>\n<li><strong>Free consultation. <\/strong>We provide a personalised approach to each of our clients. Our experience and knowledge will help you overcome obstacles and reach your goal with confidence.<\/li>\n<\/ul>\n<p><strong class=\"ng-star-inserted\"><span class=\"ng-star-inserted\">Your benefit:<\/span><\/strong><span class=\"ng-star-inserted\"> Two services at a better price! Get everything sorted at once and save.<\/span><\/p>","protected":false},"excerpt":{"rendered":"<h3 style=\"text-align: left;\">Multiple company changes - quickly, cost-effectively, safely and without unnecessary complications!<\/h3>\n<p>Planning more company changes? This is a normal process in the business environment, but preparing and submitting documents to the Register of Companies can be time-consuming and costly, due to additional stamp duty and document preparation fees.<\/p>\n<p>Forget about complications! We offer full support for your company's multiple change process, 100% online.<\/p>\n<p><strong>You can save on stamp duty and avoid paying for new documents. Everything is done in one process!<\/strong><\/p>\n<p>&nbsp;<\/p>\n<p><strong>We'll take care of everything while you focus on business.<\/strong><\/p>\n<ul data-start=\"459\" data-end=\"657\">\n<li data-start=\"459\" data-end=\"534\">\n<p data-start=\"461\" data-end=\"534\">Save days or weeks researching, completing and submitting documents<\/p>\n<\/li>\n<li data-start=\"459\" data-end=\"534\">\n<p data-start=\"461\" data-end=\"534\">Avoid mistakes that could lead to additional costs or loss of stamp duty<\/p>\n<\/li>\n<li data-start=\"459\" data-end=\"534\">\n<p data-start=\"461\" data-end=\"534\">Make sure all documents are legally correct and comply with the most up-to-date legal requirements<\/p>\n<\/li>\n<li data-start=\"459\" data-end=\"534\">We didn't offer old model forms or incorrectly generated documents<\/li>\n<li data-start=\"459\" data-end=\"534\">\n<p data-start=\"461\" data-end=\"534\">Free document corrections, for your peace of mind<\/p>\n<\/li>\n<\/ul>","protected":false},"featured_media":2711,"comment_status":"open","ping_status":"closed","template":"","meta":{"_acf_changed":false},"product_brand":[],"product_cat":[31,32,34,35,81,39,29],"product_tag":[],"class_list":{"0":"post-73","1":"product","2":"type-product","3":"status-publish","4":"has-post-thumbnail","6":"product_cat-dalibnieku-izmainas","7":"product_cat-juridiskas-adreses-maina","8":"product_cat-sia-nosaukuma-maina","9":"product_cat-sia-pamatkapitala-palielinasana","10":"product_cat-statutu-grozijumi","11":"product_cat-ur-1","12":"product_cat-valdes-izmainas","14":"first","15":"instock","16":"sale","17":"virtual","18":"sold-individually","19":"taxable","20":"purchasable","21":"product-type-simple"},"acf":[],"yoast_head":"<!-- This site is optimized with the Yoast SEO Premium plugin v25.7.1 (Yoast SEO v25.7) - https:\/\/yoast.com\/wordpress\/plugins\/seo\/ -->\n<title>UR Izmai\u0146as +1 * UR Online Uz\u0146\u0113mumu Re\u0123istra pakalpojumi<\/title>\n<meta name=\"description\" content=\"EXPERT Online Izmai\u0146as uz\u0146\u0113mumu re\u0123istr\u0101. M\u0113s pal\u012bdz\u0113sim jums veikt izmai\u0146as uz\u0146\u0113mum\u0101 bez liek\u0101m raiz\u0113m. Uzzini vair\u0101k par procesu. Veic izmai\u0146as \u0161odien!\" \/>\n<meta name=\"robots\" content=\"index, follow, max-snippet:-1, max-image-preview:large, max-video-preview:-1\" \/>\n<link rel=\"canonical\" href=\"https:\/\/uronline.lv\/en\/product\/changes-to-the-register-of-amendments\/\" \/>\n<meta property=\"og:locale\" content=\"en_US\" \/>\n<meta property=\"og:type\" content=\"article\" \/>\n<meta property=\"og:title\" content=\"UR Izmai\u0146as +1\" \/>\n<meta property=\"og:description\" content=\"EXPERT Online Izmai\u0146as uz\u0146\u0113mumu re\u0123istr\u0101. M\u0113s pal\u012bdz\u0113sim jums veikt izmai\u0146as uz\u0146\u0113mum\u0101 bez liek\u0101m raiz\u0113m. Uzzini vair\u0101k par procesu. Veic izmai\u0146as \u0161odien!\" \/>\n<meta property=\"og:url\" content=\"https:\/\/uronline.lv\/en\/product\/changes-to-the-register-of-amendments\/\" \/>\n<meta property=\"og:site_name\" content=\"UR Online Uz\u0146\u0113mumu Re\u0123istra pakalpojumi\" \/>\n<meta property=\"article:publisher\" content=\"https:\/\/www.facebook.com\/profile.php?id=100094762527243\" \/>\n<meta property=\"article:modified_time\" content=\"2026-03-03T11:06:31+00:00\" \/>\n<meta property=\"og:image\" content=\"https:\/\/uronline.lv\/wp-content\/uploads\/2024\/12\/Izmainas-uznemumu-registra-XL.jpg\" \/>\n\t<meta property=\"og:image:width\" content=\"940\" \/>\n\t<meta property=\"og:image:height\" content=\"788\" \/>\n\t<meta property=\"og:image:type\" content=\"image\/jpeg\" \/>\n<meta name=\"twitter:card\" content=\"summary_large_image\" \/>\n<meta name=\"twitter:label1\" content=\"Est. reading time\" \/>\n\t<meta name=\"twitter:data1\" content=\"2 minutes\" \/>\n<script type=\"application\/ld+json\" class=\"yoast-schema-graph\">{\"@context\":\"https:\/\/schema.org\",\"@graph\":[{\"@type\":\"WebPage\",\"@id\":\"https:\/\/uronline.lv\/products\/izmainas-uznemumu-registra\/\",\"url\":\"https:\/\/uronline.lv\/products\/izmainas-uznemumu-registra\/\",\"name\":\"UR Izmai\u0146as +1 * UR Online Uz\u0146\u0113mumu Re\u0123istra pakalpojumi\",\"isPartOf\":{\"@id\":\"https:\/\/uronline.lv\/#website\"},\"primaryImageOfPage\":{\"@id\":\"https:\/\/uronline.lv\/products\/izmainas-uznemumu-registra\/#primaryimage\"},\"image\":{\"@id\":\"https:\/\/uronline.lv\/products\/izmainas-uznemumu-registra\/#primaryimage\"},\"thumbnailUrl\":\"https:\/\/uronline.lv\/wp-content\/uploads\/2024\/12\/Izmainas-uznemumu-registra-XL.jpg\",\"datePublished\":\"2026-02-12T07:35:18+00:00\",\"dateModified\":\"2026-03-03T11:06:31+00:00\",\"description\":\"EXPERT Online Izmai\u0146as uz\u0146\u0113mumu re\u0123istr\u0101. M\u0113s pal\u012bdz\u0113sim jums veikt izmai\u0146as uz\u0146\u0113mum\u0101 bez liek\u0101m raiz\u0113m. Uzzini vair\u0101k par procesu. Veic izmai\u0146as \u0161odien!\",\"breadcrumb\":{\"@id\":\"https:\/\/uronline.lv\/products\/izmainas-uznemumu-registra\/#breadcrumb\"},\"inLanguage\":\"en-US\",\"potentialAction\":[{\"@type\":\"ReadAction\",\"target\":[\"https:\/\/uronline.lv\/products\/izmainas-uznemumu-registra\/\"]}]},{\"@type\":\"ImageObject\",\"inLanguage\":\"en-US\",\"@id\":\"https:\/\/uronline.lv\/products\/izmainas-uznemumu-registra\/#primaryimage\",\"url\":\"https:\/\/uronline.lv\/wp-content\/uploads\/2024\/12\/Izmainas-uznemumu-registra-XL.jpg\",\"contentUrl\":\"https:\/\/uronline.lv\/wp-content\/uploads\/2024\/12\/Izmainas-uznemumu-registra-XL.jpg\",\"width\":940,\"height\":788},{\"@type\":\"BreadcrumbList\",\"@id\":\"https:\/\/uronline.lv\/products\/izmainas-uznemumu-registra\/#breadcrumb\",\"itemListElement\":[{\"@type\":\"ListItem\",\"position\":1,\"name\":\"Home\",\"item\":\"https:\/\/uronline.lv\/\"},{\"@type\":\"ListItem\",\"position\":2,\"name\":\"Pakalpojumi\",\"item\":\"https:\/\/uronline.lv\/shop\/\"},{\"@type\":\"ListItem\",\"position\":3,\"name\":\"UR Izmai\u0146as +1\"}]},{\"@type\":\"WebSite\",\"@id\":\"https:\/\/uronline.lv\/#website\",\"url\":\"https:\/\/uronline.lv\/\",\"name\":\"UR Online Uz\u0146\u0113mumu Re\u0123istra pakalpojumi\",\"description\":\"Online Uz\u0146\u0113mumu Re\u0123istra pakalpojumi\",\"publisher\":{\"@id\":\"https:\/\/uronline.lv\/#organization\"},\"potentialAction\":[{\"@type\":\"SearchAction\",\"target\":{\"@type\":\"EntryPoint\",\"urlTemplate\":\"https:\/\/uronline.lv\/?s={search_term_string}\"},\"query-input\":{\"@type\":\"PropertyValueSpecification\",\"valueRequired\":true,\"valueName\":\"search_term_string\"}}],\"inLanguage\":\"en-US\"},{\"@type\":\"Organization\",\"@id\":\"https:\/\/uronline.lv\/#organization\",\"name\":\"Global V\",\"url\":\"https:\/\/uronline.lv\/\",\"logo\":{\"@type\":\"ImageObject\",\"inLanguage\":\"en-US\",\"@id\":\"https:\/\/uronline.lv\/#\/schema\/logo\/image\/\",\"url\":\"https:\/\/uronline.lv\/wp-content\/uploads\/2023\/07\/Untitled-design.png\",\"contentUrl\":\"https:\/\/uronline.lv\/wp-content\/uploads\/2023\/07\/Untitled-design.png\",\"width\":1200,\"height\":500,\"caption\":\"Global V\"},\"image\":{\"@id\":\"https:\/\/uronline.lv\/#\/schema\/logo\/image\/\"},\"sameAs\":[\"https:\/\/www.facebook.com\/profile.php?id=100094762527243\"]}]}<\/script>\n<!-- \/ Yoast SEO Premium plugin. -->","yoast_head_json":{"title":"UR Changes +1 * UR Online Business Register services","description":"EXPERT Online Changes to the business register. We will help you make changes to your company without unnecessary worries. Find out more about the process. Make changes today!","robots":{"index":"index","follow":"follow","max-snippet":"max-snippet:-1","max-image-preview":"max-image-preview:large","max-video-preview":"max-video-preview:-1"},"canonical":"https:\/\/uronline.lv\/en\/product\/changes-to-the-register-of-amendments\/","og_locale":"en_US","og_type":"article","og_title":"UR Izmai\u0146as +1","og_description":"EXPERT Online Izmai\u0146as uz\u0146\u0113mumu re\u0123istr\u0101. M\u0113s pal\u012bdz\u0113sim jums veikt izmai\u0146as uz\u0146\u0113mum\u0101 bez liek\u0101m raiz\u0113m. Uzzini vair\u0101k par procesu. Veic izmai\u0146as \u0161odien!","og_url":"https:\/\/uronline.lv\/en\/product\/changes-to-the-register-of-amendments\/","og_site_name":"UR Online Uz\u0146\u0113mumu Re\u0123istra pakalpojumi","article_publisher":"https:\/\/www.facebook.com\/profile.php?id=100094762527243","article_modified_time":"2026-03-03T11:06:31+00:00","og_image":[{"width":940,"height":788,"url":"https:\/\/uronline.lv\/wp-content\/uploads\/2024\/12\/Izmainas-uznemumu-registra-XL.jpg","type":"image\/jpeg"}],"twitter_card":"summary_large_image","twitter_misc":{"Est. reading time":"2 minutes"},"schema":{"@context":"https:\/\/schema.org","@graph":[{"@type":"WebPage","@id":"https:\/\/uronline.lv\/products\/izmainas-uznemumu-registra\/","url":"https:\/\/uronline.lv\/products\/izmainas-uznemumu-registra\/","name":"UR Changes +1 * UR Online Business Register services","isPartOf":{"@id":"https:\/\/uronline.lv\/#website"},"primaryImageOfPage":{"@id":"https:\/\/uronline.lv\/products\/izmainas-uznemumu-registra\/#primaryimage"},"image":{"@id":"https:\/\/uronline.lv\/products\/izmainas-uznemumu-registra\/#primaryimage"},"thumbnailUrl":"https:\/\/uronline.lv\/wp-content\/uploads\/2024\/12\/Izmainas-uznemumu-registra-XL.jpg","datePublished":"2026-02-12T07:35:18+00:00","dateModified":"2026-03-03T11:06:31+00:00","description":"EXPERT Online Changes to the business register. We will help you make changes to your company without unnecessary worries. Find out more about the process. Make changes today!","breadcrumb":{"@id":"https:\/\/uronline.lv\/products\/izmainas-uznemumu-registra\/#breadcrumb"},"inLanguage":"en-US","potentialAction":[{"@type":"ReadAction","target":["https:\/\/uronline.lv\/products\/izmainas-uznemumu-registra\/"]}]},{"@type":"ImageObject","inLanguage":"en-US","@id":"https:\/\/uronline.lv\/products\/izmainas-uznemumu-registra\/#primaryimage","url":"https:\/\/uronline.lv\/wp-content\/uploads\/2024\/12\/Izmainas-uznemumu-registra-XL.jpg","contentUrl":"https:\/\/uronline.lv\/wp-content\/uploads\/2024\/12\/Izmainas-uznemumu-registra-XL.jpg","width":940,"height":788},{"@type":"BreadcrumbList","@id":"https:\/\/uronline.lv\/products\/izmainas-uznemumu-registra\/#breadcrumb","itemListElement":[{"@type":"ListItem","position":1,"name":"Home","item":"https:\/\/uronline.lv\/"},{"@type":"ListItem","position":2,"name":"Pakalpojumi","item":"https:\/\/uronline.lv\/shop\/"},{"@type":"ListItem","position":3,"name":"UR Izmai\u0146as +1"}]},{"@type":"WebSite","@id":"https:\/\/uronline.lv\/#website","url":"https:\/\/uronline.lv\/","name":"UR Online Business Register services","description":"Online Business Register services","publisher":{"@id":"https:\/\/uronline.lv\/#organization"},"potentialAction":[{"@type":"SearchAction","target":{"@type":"EntryPoint","urlTemplate":"https:\/\/uronline.lv\/?s={search_term_string}"},"query-input":{"@type":"PropertyValueSpecification","valueRequired":true,"valueName":"search_term_string"}}],"inLanguage":"en-US"},{"@type":"Organization","@id":"https:\/\/uronline.lv\/#organization","name":"Global V","url":"https:\/\/uronline.lv\/","logo":{"@type":"ImageObject","inLanguage":"en-US","@id":"https:\/\/uronline.lv\/#\/schema\/logo\/image\/","url":"https:\/\/uronline.lv\/wp-content\/uploads\/2023\/07\/Untitled-design.png","contentUrl":"https:\/\/uronline.lv\/wp-content\/uploads\/2023\/07\/Untitled-design.png","width":1200,"height":500,"caption":"Global V"},"image":{"@id":"https:\/\/uronline.lv\/#\/schema\/logo\/image\/"},"sameAs":["https:\/\/www.facebook.com\/profile.php?id=100094762527243"]}]}},"jetpack_sharing_enabled":true,"_links":{"self":[{"href":"https:\/\/uronline.lv\/en\/wp-json\/wp\/v2\/product\/73","targetHints":{"allow":["GET"]}}],"collection":[{"href":"https:\/\/uronline.lv\/en\/wp-json\/wp\/v2\/product"}],"about":[{"href":"https:\/\/uronline.lv\/en\/wp-json\/wp\/v2\/types\/product"}],"replies":[{"embeddable":true,"href":"https:\/\/uronline.lv\/en\/wp-json\/wp\/v2\/comments?post=73"}],"wp:featuredmedia":[{"embeddable":true,"href":"https:\/\/uronline.lv\/en\/wp-json\/wp\/v2\/media\/2711"}],"wp:attachment":[{"href":"https:\/\/uronline.lv\/en\/wp-json\/wp\/v2\/media?parent=73"}],"wp:term":[{"taxonomy":"product_brand","embeddable":true,"href":"https:\/\/uronline.lv\/en\/wp-json\/wp\/v2\/product_brand?post=73"},{"taxonomy":"product_cat","embeddable":true,"href":"https:\/\/uronline.lv\/en\/wp-json\/wp\/v2\/product_cat?post=73"},{"taxonomy":"product_tag","embeddable":true,"href":"https:\/\/uronline.lv\/en\/wp-json\/wp\/v2\/product_tag?post=73"}],"curies":[{"name":"wp","href":"https:\/\/api.w.org\/{rel}","templated":true}]}}