{"id":70,"date":"2026-02-18T09:35:18","date_gmt":"2026-02-18T07:35:18","guid":{"rendered":"http:\/\/idon"},"modified":"2026-03-03T13:01:44","modified_gmt":"2026-03-03T11:01:44","slug":"ur-submission-of-documents","status":"publish","type":"product","link":"https:\/\/uronline.lv\/en\/product\/ur-submission-of-documents\/","title":{"rendered":"EXPERT documents submitting"},"content":{"rendered":"","protected":false},"excerpt":{"rendered":"<p>The submission of documents and payment of the state fee takes place on the Enterprise Register platform, which you have to do yourself.<\/p>\n<p><strong data-start=\"88\" data-end=\"162\">Get rid of unnecessary headaches with <em>EXPERT e-filing service!<\/em><\/strong><br data-start=\"162\" data-end=\"165\" \/>No more complicated paperwork and confusing application procedures. We'll do everything for you, so you can focus on your business.<\/p>\n<p data-start=\"325\" data-end=\"345\">Save time, avoid mistakes and make sure your documents are submitted correctly and on time.<\/p>\n<p data-start=\"325\" data-end=\"345\"><strong data-start=\"325\" data-end=\"343\">How it works:<\/strong><\/p>\n<ul data-start=\"346\" data-end=\"829\">\n<li data-start=\"346\" data-end=\"415\">\n<p data-start=\"348\" data-end=\"415\">We will prepare and initiate the submission of documents to the Register of Companies.<\/p>\n<\/li>\n<li data-start=\"416\" data-end=\"495\">\n<p data-start=\"418\" data-end=\"495\">We'll explain how to e-sign documents or let you sign them yourself.<\/p>\n<\/li>\n<li data-start=\"496\" data-end=\"591\">\n<p data-start=\"498\" data-end=\"591\">Our specialist will check that everything is signed correctly so that nothing is rejected due to errors.<\/p>\n<\/li>\n<li data-start=\"592\" data-end=\"690\">\n<p data-start=\"594\" data-end=\"690\">We will send you a convenient link to pay the stamp duty by card or online banking on the official UR platform.<\/p>\n<\/li>\n<li data-start=\"691\" data-end=\"760\">\n<p data-start=\"693\" data-end=\"760\">Upon successful payment, the documents will automatically be entered in the Register of Companies.<\/p>\n<\/li>\n<li data-start=\"761\" data-end=\"829\">\n<p data-start=\"763\" data-end=\"829\">We will follow the progress of the hearing and inform you of the final decision.<\/p>\n<\/li>\n<\/ul>","protected":false},"featured_media":950,"comment_status":"open","ping_status":"closed","template":"","meta":{"_acf_changed":false},"product_brand":[],"product_cat":[41,37,31,45,49,48,32,33,36,34,35,30,81,39,50,29],"product_tag":[],"class_list":{"0":"post-70","1":"product","2":"type-product","3":"status-publish","4":"has-post-thumbnail","6":"product_cat-biedribas-dibinasana","7":"product_cat-biedribas-likvidacija","8":"product_cat-dalibnieku-izmainas","9":"product_cat-expert","10":"product_cat-ik-likvidacija","11":"product_cat-ik-registracija","12":"product_cat-juridiskas-adreses-maina","13":"product_cat-mazkapitala-sia-registracija","14":"product_cat-sia-likvidacija","15":"product_cat-sia-nosaukuma-maina","16":"product_cat-sia-pamatkapitala-palielinasana","17":"product_cat-sia-registracija","18":"product_cat-statutu-grozijumi","19":"product_cat-ur-1","20":"product_cat-uznemuma-registracija","21":"product_cat-valdes-izmainas","23":"first","24":"instock","25":"sale","26":"virtual","27":"sold-individually","28":"taxable","29":"purchasable","30":"product-type-simple"},"acf":[],"yoast_head":"<!-- This site is optimized with the Yoast SEO Premium plugin v25.7.1 (Yoast SEO v25.7) - https:\/\/yoast.com\/wordpress\/plugins\/seo\/ -->\n<title>EXPERT dokumentu e-iesnieg\u0161ana * UR Online Uz\u0146\u0113mumu Re\u0123istra pakalpojumi<\/title>\n<meta name=\"robots\" content=\"index, follow, max-snippet:-1, max-image-preview:large, max-video-preview:-1\" \/>\n<link rel=\"canonical\" href=\"https:\/\/uronline.lv\/en\/product\/ur-submission-of-documents\/\" \/>\n<meta property=\"og:locale\" content=\"en_US\" \/>\n<meta property=\"og:type\" content=\"article\" \/>\n<meta property=\"og:title\" content=\"EXPERT dokumentu e-iesnieg\u0161ana\" \/>\n<meta property=\"og:description\" content=\"Dokumentu iesnieg\u0161ana un valsts nodevas apmaksa notiek Uz\u0146\u0113mumu Re\u0123istra platform\u0101, ko Jums j\u0101veic pa\u0161am.  Atbr\u012bvojies no liek\u0101m galvass\u0101p\u0113m ar EXPERT dokumentu e-iesnieg\u0161anas pakalpojumu!Vairs nav j\u0101baid\u0101s no sare\u017e\u0123\u012btiem dokumentiem un neskaidras iesnieg\u0161anas k\u0101rt\u012bbas. M\u0113s visu paveiksim tav\u0101 viet\u0101, lai Tu vari koncentr\u0113ties uz savu biznesu. Ietaupi laiku, izvairies no k\u013c\u016bd\u0101m un vari b\u016bt dro\u0161s, ka dokumenti tiks iesniegti korekti un savlaic\u012bgi. K\u0101 tas str\u0101d\u0101:     Sagatavosim un inici\u0113sim dokumentu iesnieg\u0161anu Uz\u0146\u0113mumu re\u0123istr\u0101.    Paskaidrosim par dokumentu e-parakst\u012b\u0161anu vai \u013causim Tev tos parakst\u012bt pa\u0161am.    M\u016bsu speci\u0101lists p\u0101rbaud\u012bs, vai viss parakst\u012bts korekti lai nekas netiek noraid\u012bts k\u013c\u016bdu d\u0113\u013c.    Nos\u016bt\u012bsim \u0113rtu saiti valsts nodevas apmaksai ar karti vai internetbanku ofici\u0101laj\u0101 UR platform\u0101.    P\u0113c veiksm\u012bga maks\u0101juma dokumenti\u00a0autom\u0101tiski\u00a0non\u0101ks Uz\u0146\u0113mumu re\u0123istr\u0101.    Sekosim l\u012bdzi izskat\u012b\u0161anas gaitai un inform\u0113sim par gala l\u0113mumu.\" \/>\n<meta property=\"og:url\" content=\"https:\/\/uronline.lv\/en\/product\/ur-submission-of-documents\/\" \/>\n<meta property=\"og:site_name\" content=\"UR Online Uz\u0146\u0113mumu Re\u0123istra pakalpojumi\" \/>\n<meta property=\"article:publisher\" content=\"https:\/\/www.facebook.com\/profile.php?id=100094762527243\" \/>\n<meta property=\"article:modified_time\" content=\"2026-03-03T11:01:44+00:00\" \/>\n<meta property=\"og:image\" content=\"https:\/\/uronline.lv\/wp-content\/uploads\/2023\/07\/Ncj5R2Wdlh4.jpg\" \/>\n\t<meta property=\"og:image:width\" content=\"1920\" \/>\n\t<meta property=\"og:image:height\" content=\"1280\" \/>\n\t<meta property=\"og:image:type\" content=\"image\/jpeg\" \/>\n<meta name=\"twitter:card\" content=\"summary_large_image\" \/>\n<meta name=\"twitter:label1\" content=\"Est. reading time\" \/>\n\t<meta name=\"twitter:data1\" content=\"1 minute\" \/>\n<script type=\"application\/ld+json\" class=\"yoast-schema-graph\">{\"@context\":\"https:\/\/schema.org\",\"@graph\":[{\"@type\":\"WebPage\",\"@id\":\"https:\/\/uronline.lv\/products\/ur-dokumentu-iesniegsana\/\",\"url\":\"https:\/\/uronline.lv\/products\/ur-dokumentu-iesniegsana\/\",\"name\":\"EXPERT dokumentu e-iesnieg\u0161ana * UR Online Uz\u0146\u0113mumu Re\u0123istra pakalpojumi\",\"isPartOf\":{\"@id\":\"https:\/\/uronline.lv\/#website\"},\"primaryImageOfPage\":{\"@id\":\"https:\/\/uronline.lv\/products\/ur-dokumentu-iesniegsana\/#primaryimage\"},\"image\":{\"@id\":\"https:\/\/uronline.lv\/products\/ur-dokumentu-iesniegsana\/#primaryimage\"},\"thumbnailUrl\":\"https:\/\/uronline.lv\/wp-content\/uploads\/2023\/07\/Ncj5R2Wdlh4.jpg\",\"datePublished\":\"2026-02-18T07:35:18+00:00\",\"dateModified\":\"2026-03-03T11:01:44+00:00\",\"breadcrumb\":{\"@id\":\"https:\/\/uronline.lv\/products\/ur-dokumentu-iesniegsana\/#breadcrumb\"},\"inLanguage\":\"en-US\",\"potentialAction\":[{\"@type\":\"ReadAction\",\"target\":[\"https:\/\/uronline.lv\/products\/ur-dokumentu-iesniegsana\/\"]}]},{\"@type\":\"ImageObject\",\"inLanguage\":\"en-US\",\"@id\":\"https:\/\/uronline.lv\/products\/ur-dokumentu-iesniegsana\/#primaryimage\",\"url\":\"https:\/\/uronline.lv\/wp-content\/uploads\/2023\/07\/Ncj5R2Wdlh4.jpg\",\"contentUrl\":\"https:\/\/uronline.lv\/wp-content\/uploads\/2023\/07\/Ncj5R2Wdlh4.jpg\",\"width\":1920,\"height\":1280},{\"@type\":\"BreadcrumbList\",\"@id\":\"https:\/\/uronline.lv\/products\/ur-dokumentu-iesniegsana\/#breadcrumb\",\"itemListElement\":[{\"@type\":\"ListItem\",\"position\":1,\"name\":\"Home\",\"item\":\"https:\/\/uronline.lv\/\"},{\"@type\":\"ListItem\",\"position\":2,\"name\":\"Pakalpojumi\",\"item\":\"https:\/\/uronline.lv\/shop\/\"},{\"@type\":\"ListItem\",\"position\":3,\"name\":\"EXPERT dokumentu e-iesnieg\u0161ana\"}]},{\"@type\":\"WebSite\",\"@id\":\"https:\/\/uronline.lv\/#website\",\"url\":\"https:\/\/uronline.lv\/\",\"name\":\"UR Online Uz\u0146\u0113mumu Re\u0123istra pakalpojumi\",\"description\":\"Online Uz\u0146\u0113mumu Re\u0123istra pakalpojumi\",\"publisher\":{\"@id\":\"https:\/\/uronline.lv\/#organization\"},\"potentialAction\":[{\"@type\":\"SearchAction\",\"target\":{\"@type\":\"EntryPoint\",\"urlTemplate\":\"https:\/\/uronline.lv\/?s={search_term_string}\"},\"query-input\":{\"@type\":\"PropertyValueSpecification\",\"valueRequired\":true,\"valueName\":\"search_term_string\"}}],\"inLanguage\":\"en-US\"},{\"@type\":\"Organization\",\"@id\":\"https:\/\/uronline.lv\/#organization\",\"name\":\"Global V\",\"url\":\"https:\/\/uronline.lv\/\",\"logo\":{\"@type\":\"ImageObject\",\"inLanguage\":\"en-US\",\"@id\":\"https:\/\/uronline.lv\/#\/schema\/logo\/image\/\",\"url\":\"https:\/\/uronline.lv\/wp-content\/uploads\/2023\/07\/Untitled-design.png\",\"contentUrl\":\"https:\/\/uronline.lv\/wp-content\/uploads\/2023\/07\/Untitled-design.png\",\"width\":1200,\"height\":500,\"caption\":\"Global V\"},\"image\":{\"@id\":\"https:\/\/uronline.lv\/#\/schema\/logo\/image\/\"},\"sameAs\":[\"https:\/\/www.facebook.com\/profile.php?id=100094762527243\"]}]}<\/script>\n<!-- \/ Yoast SEO Premium plugin. -->","yoast_head_json":{"title":"EXPERT e-filing of documents * UR Online Business Register services","robots":{"index":"index","follow":"follow","max-snippet":"max-snippet:-1","max-image-preview":"max-image-preview:large","max-video-preview":"max-video-preview:-1"},"canonical":"https:\/\/uronline.lv\/en\/product\/ur-submission-of-documents\/","og_locale":"en_US","og_type":"article","og_title":"EXPERT dokumentu e-iesnieg\u0161ana","og_description":"Dokumentu iesnieg\u0161ana un valsts nodevas apmaksa notiek Uz\u0146\u0113mumu Re\u0123istra platform\u0101, ko Jums j\u0101veic pa\u0161am.  Atbr\u012bvojies no liek\u0101m galvass\u0101p\u0113m ar EXPERT dokumentu e-iesnieg\u0161anas pakalpojumu!Vairs nav j\u0101baid\u0101s no sare\u017e\u0123\u012btiem dokumentiem un neskaidras iesnieg\u0161anas k\u0101rt\u012bbas. M\u0113s visu paveiksim tav\u0101 viet\u0101, lai Tu vari koncentr\u0113ties uz savu biznesu. Ietaupi laiku, izvairies no k\u013c\u016bd\u0101m un vari b\u016bt dro\u0161s, ka dokumenti tiks iesniegti korekti un savlaic\u012bgi. K\u0101 tas str\u0101d\u0101:     Sagatavosim un inici\u0113sim dokumentu iesnieg\u0161anu Uz\u0146\u0113mumu re\u0123istr\u0101.    Paskaidrosim par dokumentu e-parakst\u012b\u0161anu vai \u013causim Tev tos parakst\u012bt pa\u0161am.    M\u016bsu speci\u0101lists p\u0101rbaud\u012bs, vai viss parakst\u012bts korekti lai nekas netiek noraid\u012bts k\u013c\u016bdu d\u0113\u013c.    Nos\u016bt\u012bsim \u0113rtu saiti valsts nodevas apmaksai ar karti vai internetbanku ofici\u0101laj\u0101 UR platform\u0101.    P\u0113c veiksm\u012bga maks\u0101juma dokumenti\u00a0autom\u0101tiski\u00a0non\u0101ks Uz\u0146\u0113mumu re\u0123istr\u0101.    Sekosim l\u012bdzi izskat\u012b\u0161anas gaitai un inform\u0113sim par gala l\u0113mumu.","og_url":"https:\/\/uronline.lv\/en\/product\/ur-submission-of-documents\/","og_site_name":"UR Online Uz\u0146\u0113mumu Re\u0123istra pakalpojumi","article_publisher":"https:\/\/www.facebook.com\/profile.php?id=100094762527243","article_modified_time":"2026-03-03T11:01:44+00:00","og_image":[{"width":1920,"height":1280,"url":"https:\/\/uronline.lv\/wp-content\/uploads\/2023\/07\/Ncj5R2Wdlh4.jpg","type":"image\/jpeg"}],"twitter_card":"summary_large_image","twitter_misc":{"Est. reading time":"1 minute"},"schema":{"@context":"https:\/\/schema.org","@graph":[{"@type":"WebPage","@id":"https:\/\/uronline.lv\/products\/ur-dokumentu-iesniegsana\/","url":"https:\/\/uronline.lv\/products\/ur-dokumentu-iesniegsana\/","name":"EXPERT e-filing of documents * UR Online Business Register services","isPartOf":{"@id":"https:\/\/uronline.lv\/#website"},"primaryImageOfPage":{"@id":"https:\/\/uronline.lv\/products\/ur-dokumentu-iesniegsana\/#primaryimage"},"image":{"@id":"https:\/\/uronline.lv\/products\/ur-dokumentu-iesniegsana\/#primaryimage"},"thumbnailUrl":"https:\/\/uronline.lv\/wp-content\/uploads\/2023\/07\/Ncj5R2Wdlh4.jpg","datePublished":"2026-02-18T07:35:18+00:00","dateModified":"2026-03-03T11:01:44+00:00","breadcrumb":{"@id":"https:\/\/uronline.lv\/products\/ur-dokumentu-iesniegsana\/#breadcrumb"},"inLanguage":"en-US","potentialAction":[{"@type":"ReadAction","target":["https:\/\/uronline.lv\/products\/ur-dokumentu-iesniegsana\/"]}]},{"@type":"ImageObject","inLanguage":"en-US","@id":"https:\/\/uronline.lv\/products\/ur-dokumentu-iesniegsana\/#primaryimage","url":"https:\/\/uronline.lv\/wp-content\/uploads\/2023\/07\/Ncj5R2Wdlh4.jpg","contentUrl":"https:\/\/uronline.lv\/wp-content\/uploads\/2023\/07\/Ncj5R2Wdlh4.jpg","width":1920,"height":1280},{"@type":"BreadcrumbList","@id":"https:\/\/uronline.lv\/products\/ur-dokumentu-iesniegsana\/#breadcrumb","itemListElement":[{"@type":"ListItem","position":1,"name":"Home","item":"https:\/\/uronline.lv\/"},{"@type":"ListItem","position":2,"name":"Pakalpojumi","item":"https:\/\/uronline.lv\/shop\/"},{"@type":"ListItem","position":3,"name":"EXPERT dokumentu e-iesnieg\u0161ana"}]},{"@type":"WebSite","@id":"https:\/\/uronline.lv\/#website","url":"https:\/\/uronline.lv\/","name":"UR Online Business Register services","description":"Online Business Register services","publisher":{"@id":"https:\/\/uronline.lv\/#organization"},"potentialAction":[{"@type":"SearchAction","target":{"@type":"EntryPoint","urlTemplate":"https:\/\/uronline.lv\/?s={search_term_string}"},"query-input":{"@type":"PropertyValueSpecification","valueRequired":true,"valueName":"search_term_string"}}],"inLanguage":"en-US"},{"@type":"Organization","@id":"https:\/\/uronline.lv\/#organization","name":"Global V","url":"https:\/\/uronline.lv\/","logo":{"@type":"ImageObject","inLanguage":"en-US","@id":"https:\/\/uronline.lv\/#\/schema\/logo\/image\/","url":"https:\/\/uronline.lv\/wp-content\/uploads\/2023\/07\/Untitled-design.png","contentUrl":"https:\/\/uronline.lv\/wp-content\/uploads\/2023\/07\/Untitled-design.png","width":1200,"height":500,"caption":"Global V"},"image":{"@id":"https:\/\/uronline.lv\/#\/schema\/logo\/image\/"},"sameAs":["https:\/\/www.facebook.com\/profile.php?id=100094762527243"]}]}},"jetpack_sharing_enabled":true,"_links":{"self":[{"href":"https:\/\/uronline.lv\/en\/wp-json\/wp\/v2\/product\/70","targetHints":{"allow":["GET"]}}],"collection":[{"href":"https:\/\/uronline.lv\/en\/wp-json\/wp\/v2\/product"}],"about":[{"href":"https:\/\/uronline.lv\/en\/wp-json\/wp\/v2\/types\/product"}],"replies":[{"embeddable":true,"href":"https:\/\/uronline.lv\/en\/wp-json\/wp\/v2\/comments?post=70"}],"wp:featuredmedia":[{"embeddable":true,"href":"https:\/\/uronline.lv\/en\/wp-json\/wp\/v2\/media\/950"}],"wp:attachment":[{"href":"https:\/\/uronline.lv\/en\/wp-json\/wp\/v2\/media?parent=70"}],"wp:term":[{"taxonomy":"product_brand","embeddable":true,"href":"https:\/\/uronline.lv\/en\/wp-json\/wp\/v2\/product_brand?post=70"},{"taxonomy":"product_cat","embeddable":true,"href":"https:\/\/uronline.lv\/en\/wp-json\/wp\/v2\/product_cat?post=70"},{"taxonomy":"product_tag","embeddable":true,"href":"https:\/\/uronline.lv\/en\/wp-json\/wp\/v2\/product_tag?post=70"}],"curies":[{"name":"wp","href":"https:\/\/api.w.org\/{rel}","templated":true}]}}