{"id":68,"date":"2026-02-12T09:35:18","date_gmt":"2026-02-12T07:35:18","guid":{"rendered":"http:\/\/idon"},"modified":"2026-03-03T13:05:00","modified_gmt":"2026-03-03T11:05:00","slug":"change-of-name","status":"publish","type":"product","link":"https:\/\/uronline.lv\/en\/product\/change-of-name\/","title":{"rendered":"Change of name"},"content":{"rendered":"<h3><strong>Important information!<\/strong><\/h3>\n<p>You need to send us the information that is strictly necessary for the execution of the Name Change Service. This can be done by filling in a simple <span style=\"color: #ff0000;\"><strong><a style=\"color: #ff0000;\" href=\"https:\/\/uronline.lv\/en\/?page_id=903\" target=\"_blank\" rel=\"noopener\">Change of name form<\/a><\/strong><\/span><span style=\"color: #ff0000;\"><strong>\u00a0<\/strong><\/span>(the form takes up to 1 minute to complete) or by other means. If you haven't already done so, one of our specialists will contact you to clarify how to provide the information. Your data is treated with the utmost care and confidentiality using special data security protocols.<\/p>\n<p>Find out how the Online Name Change service works here - <a href=\"https:\/\/uronline.lv\/en\/how-it-works\/\">How does it work?<\/a><\/p>\n<p>State fee for Change of Name - 40.00EUR. The fee is paid online <a href=\"https:\/\/www.ur.gov.lv\/lv\/\">Register of companies<\/a> platform.<\/p>\n<p>As a rule, documents are processed within 3 working days, excluding the day on which they are submitted. In special cases, documents submitted may be examined within 1 working day. See <a href=\"https:\/\/uronline.lv\/en\/product\/ur\/\">Fast-track facility<\/a>.<\/p>\n<p>Submission of documents and payment of the stamp duty <a href=\"https:\/\/www.ur.gov.lv\/lv\/\">Register of companies<\/a> on the platform, which you must do yourself. However, if you want URonline specialists to take care of it, you must add <a href=\"https:\/\/uronline.lv\/en\/product\/ur-submission-of-documents\/\">EXPERT e-filing and document management service.<\/a><\/p>\n<h3>Content of the renaming service.<\/h3>\n<ul>\n<li><strong>Verification of the suitability of the name. <\/strong>Checking our name is the way to accurate and strong brands.<\/li>\n<\/ul>\n<ul>\n<li><strong>Completed e-documents package for registration in the Register of Companies<\/strong>A: To ensure legal transparency and legality, all required documents must be completed and submitted to the Companies Registry.<\/li>\n<li><strong>Free consultation. <\/strong>We provide a personalised approach to each of our clients. Our experience and knowledge will help you overcome obstacles and reach your goal with confidence.<\/li>\n<\/ul>\n<p><strong>Free additional benefits:<\/strong><\/p>\n<ul>\n<li><a href=\"https:\/\/uronline.lv\/en\/product\/ur\/\">Expedited examination of registration documents within 1 working day (if applicable)<\/a><\/li>\n<li>Free corrections to documents<\/li>\n<\/ul>","protected":false},"excerpt":{"rendered":"<h3 style=\"text-align: left;\">Change the name of your company, association or business - quickly, safely and without unnecessary complications!<\/h3>\n<p>Company name change? This is a normal process in a business environment, but preparing and submitting the documents to the Register of Companies can be time-consuming and costly.<\/p>\n<p>Forget about complications! We offer full support for the name change process, 100% online.<\/p>\n<p><strong>We'll take care of everything while you focus on business.<\/strong><\/p>\n<ul data-start=\"459\" data-end=\"657\">\n<li data-start=\"459\" data-end=\"534\">\n<p data-start=\"461\" data-end=\"534\">Save days or weeks researching, completing and submitting documents<\/p>\n<\/li>\n<li data-start=\"459\" data-end=\"534\">\n<p data-start=\"461\" data-end=\"534\">Avoid mistakes that could lead to additional costs or loss of stamp duty<\/p>\n<\/li>\n<li data-start=\"459\" data-end=\"534\">\n<p data-start=\"461\" data-end=\"534\">Make sure all documents are legally correct and comply with the most up-to-date legal requirements<\/p>\n<\/li>\n<li data-start=\"459\" data-end=\"534\">We didn't offer old model forms or incorrectly generated documents<\/li>\n<li data-start=\"459\" data-end=\"534\">\n<p data-start=\"461\" data-end=\"534\">Free document corrections, for your peace of mind<\/p>\n<\/li>\n<\/ul>","protected":false},"featured_media":2708,"comment_status":"open","ping_status":"closed","template":"","meta":{"_acf_changed":false},"product_brand":[],"product_cat":[34],"product_tag":[],"class_list":{"0":"post-68","1":"product","2":"type-product","3":"status-publish","4":"has-post-thumbnail","6":"product_cat-sia-nosaukuma-maina","8":"first","9":"instock","10":"sale","11":"virtual","12":"sold-individually","13":"taxable","14":"purchasable","15":"product-type-simple"},"acf":[],"yoast_head":"<!-- This site is optimized with the Yoast SEO Premium plugin v25.7.1 (Yoast SEO v25.7) - https:\/\/yoast.com\/wordpress\/plugins\/seo\/ -->\n<title>Nosaukuma mai\u0146a * UR Online Uz\u0146\u0113mumu Re\u0123istra pakalpojumi<\/title>\n<meta name=\"description\" content=\"EXPERT Online nosaukuma mai\u0146a. Vienk\u0101r\u0161ojam nosaukuma mai\u0146as procesu. Bezmaksas konsult\u0101cija par procesu. EXPERT padomi. Nomaini nosaukumu tagad!\" \/>\n<meta name=\"robots\" content=\"index, follow, max-snippet:-1, max-image-preview:large, max-video-preview:-1\" \/>\n<link rel=\"canonical\" href=\"https:\/\/uronline.lv\/en\/product\/change-of-name\/\" \/>\n<meta property=\"og:locale\" content=\"en_US\" \/>\n<meta property=\"og:type\" content=\"article\" \/>\n<meta property=\"og:title\" content=\"Nosaukuma mai\u0146a\" \/>\n<meta property=\"og:description\" content=\"EXPERT Online nosaukuma mai\u0146a. Vienk\u0101r\u0161ojam nosaukuma mai\u0146as procesu. Bezmaksas konsult\u0101cija par procesu. EXPERT padomi. Nomaini nosaukumu tagad!\" \/>\n<meta property=\"og:url\" content=\"https:\/\/uronline.lv\/en\/product\/change-of-name\/\" \/>\n<meta property=\"og:site_name\" content=\"UR Online Uz\u0146\u0113mumu Re\u0123istra pakalpojumi\" \/>\n<meta property=\"article:publisher\" content=\"https:\/\/www.facebook.com\/profile.php?id=100094762527243\" \/>\n<meta property=\"article:modified_time\" content=\"2026-03-03T11:05:00+00:00\" \/>\n<meta property=\"og:image\" content=\"https:\/\/uronline.lv\/wp-content\/uploads\/2024\/12\/Nosaukuma-maina.png\" \/>\n\t<meta property=\"og:image:width\" content=\"940\" \/>\n\t<meta property=\"og:image:height\" content=\"788\" \/>\n\t<meta property=\"og:image:type\" content=\"image\/png\" \/>\n<meta name=\"twitter:card\" content=\"summary_large_image\" \/>\n<meta name=\"twitter:label1\" content=\"Est. reading time\" \/>\n\t<meta name=\"twitter:data1\" content=\"2 minutes\" \/>\n<script type=\"application\/ld+json\" class=\"yoast-schema-graph\">{\"@context\":\"https:\/\/schema.org\",\"@graph\":[{\"@type\":\"WebPage\",\"@id\":\"https:\/\/uronline.lv\/products\/nosaukuma-maina\/\",\"url\":\"https:\/\/uronline.lv\/products\/nosaukuma-maina\/\",\"name\":\"Nosaukuma mai\u0146a * UR Online Uz\u0146\u0113mumu Re\u0123istra pakalpojumi\",\"isPartOf\":{\"@id\":\"https:\/\/uronline.lv\/#website\"},\"primaryImageOfPage\":{\"@id\":\"https:\/\/uronline.lv\/products\/nosaukuma-maina\/#primaryimage\"},\"image\":{\"@id\":\"https:\/\/uronline.lv\/products\/nosaukuma-maina\/#primaryimage\"},\"thumbnailUrl\":\"https:\/\/uronline.lv\/wp-content\/uploads\/2024\/12\/Nosaukuma-maina.png\",\"datePublished\":\"2026-02-12T07:35:18+00:00\",\"dateModified\":\"2026-03-03T11:05:00+00:00\",\"description\":\"EXPERT Online nosaukuma mai\u0146a. Vienk\u0101r\u0161ojam nosaukuma mai\u0146as procesu. Bezmaksas konsult\u0101cija par procesu. EXPERT padomi. Nomaini nosaukumu tagad!\",\"breadcrumb\":{\"@id\":\"https:\/\/uronline.lv\/products\/nosaukuma-maina\/#breadcrumb\"},\"inLanguage\":\"en-US\",\"potentialAction\":[{\"@type\":\"ReadAction\",\"target\":[\"https:\/\/uronline.lv\/products\/nosaukuma-maina\/\"]}]},{\"@type\":\"ImageObject\",\"inLanguage\":\"en-US\",\"@id\":\"https:\/\/uronline.lv\/products\/nosaukuma-maina\/#primaryimage\",\"url\":\"https:\/\/uronline.lv\/wp-content\/uploads\/2024\/12\/Nosaukuma-maina.png\",\"contentUrl\":\"https:\/\/uronline.lv\/wp-content\/uploads\/2024\/12\/Nosaukuma-maina.png\",\"width\":940,\"height\":788,\"caption\":\"Nosaukuma mai\u0146a\"},{\"@type\":\"BreadcrumbList\",\"@id\":\"https:\/\/uronline.lv\/products\/nosaukuma-maina\/#breadcrumb\",\"itemListElement\":[{\"@type\":\"ListItem\",\"position\":1,\"name\":\"Home\",\"item\":\"https:\/\/uronline.lv\/\"},{\"@type\":\"ListItem\",\"position\":2,\"name\":\"Pakalpojumi\",\"item\":\"https:\/\/uronline.lv\/shop\/\"},{\"@type\":\"ListItem\",\"position\":3,\"name\":\"Nosaukuma mai\u0146a\"}]},{\"@type\":\"WebSite\",\"@id\":\"https:\/\/uronline.lv\/#website\",\"url\":\"https:\/\/uronline.lv\/\",\"name\":\"UR Online Uz\u0146\u0113mumu Re\u0123istra pakalpojumi\",\"description\":\"Online Uz\u0146\u0113mumu Re\u0123istra pakalpojumi\",\"publisher\":{\"@id\":\"https:\/\/uronline.lv\/#organization\"},\"potentialAction\":[{\"@type\":\"SearchAction\",\"target\":{\"@type\":\"EntryPoint\",\"urlTemplate\":\"https:\/\/uronline.lv\/?s={search_term_string}\"},\"query-input\":{\"@type\":\"PropertyValueSpecification\",\"valueRequired\":true,\"valueName\":\"search_term_string\"}}],\"inLanguage\":\"en-US\"},{\"@type\":\"Organization\",\"@id\":\"https:\/\/uronline.lv\/#organization\",\"name\":\"Global V\",\"url\":\"https:\/\/uronline.lv\/\",\"logo\":{\"@type\":\"ImageObject\",\"inLanguage\":\"en-US\",\"@id\":\"https:\/\/uronline.lv\/#\/schema\/logo\/image\/\",\"url\":\"https:\/\/uronline.lv\/wp-content\/uploads\/2023\/07\/Untitled-design.png\",\"contentUrl\":\"https:\/\/uronline.lv\/wp-content\/uploads\/2023\/07\/Untitled-design.png\",\"width\":1200,\"height\":500,\"caption\":\"Global V\"},\"image\":{\"@id\":\"https:\/\/uronline.lv\/#\/schema\/logo\/image\/\"},\"sameAs\":[\"https:\/\/www.facebook.com\/profile.php?id=100094762527243\"]}]}<\/script>\n<!-- \/ Yoast SEO Premium plugin. -->","yoast_head_json":{"title":"Change of name * UR Online Business Register Services","description":"EXPERT Online name change. We simplify the name change process. Free consultation on the process. EXPERT tips. Change your name now!","robots":{"index":"index","follow":"follow","max-snippet":"max-snippet:-1","max-image-preview":"max-image-preview:large","max-video-preview":"max-video-preview:-1"},"canonical":"https:\/\/uronline.lv\/en\/product\/change-of-name\/","og_locale":"en_US","og_type":"article","og_title":"Nosaukuma mai\u0146a","og_description":"EXPERT Online nosaukuma mai\u0146a. Vienk\u0101r\u0161ojam nosaukuma mai\u0146as procesu. Bezmaksas konsult\u0101cija par procesu. EXPERT padomi. Nomaini nosaukumu tagad!","og_url":"https:\/\/uronline.lv\/en\/product\/change-of-name\/","og_site_name":"UR Online Uz\u0146\u0113mumu Re\u0123istra pakalpojumi","article_publisher":"https:\/\/www.facebook.com\/profile.php?id=100094762527243","article_modified_time":"2026-03-03T11:05:00+00:00","og_image":[{"width":940,"height":788,"url":"https:\/\/uronline.lv\/wp-content\/uploads\/2024\/12\/Nosaukuma-maina.png","type":"image\/png"}],"twitter_card":"summary_large_image","twitter_misc":{"Est. reading time":"2 minutes"},"schema":{"@context":"https:\/\/schema.org","@graph":[{"@type":"WebPage","@id":"https:\/\/uronline.lv\/products\/nosaukuma-maina\/","url":"https:\/\/uronline.lv\/products\/nosaukuma-maina\/","name":"Change of name * UR Online Business Register Services","isPartOf":{"@id":"https:\/\/uronline.lv\/#website"},"primaryImageOfPage":{"@id":"https:\/\/uronline.lv\/products\/nosaukuma-maina\/#primaryimage"},"image":{"@id":"https:\/\/uronline.lv\/products\/nosaukuma-maina\/#primaryimage"},"thumbnailUrl":"https:\/\/uronline.lv\/wp-content\/uploads\/2024\/12\/Nosaukuma-maina.png","datePublished":"2026-02-12T07:35:18+00:00","dateModified":"2026-03-03T11:05:00+00:00","description":"EXPERT Online name change. We simplify the name change process. Free consultation on the process. EXPERT tips. Change your name now!","breadcrumb":{"@id":"https:\/\/uronline.lv\/products\/nosaukuma-maina\/#breadcrumb"},"inLanguage":"en-US","potentialAction":[{"@type":"ReadAction","target":["https:\/\/uronline.lv\/products\/nosaukuma-maina\/"]}]},{"@type":"ImageObject","inLanguage":"en-US","@id":"https:\/\/uronline.lv\/products\/nosaukuma-maina\/#primaryimage","url":"https:\/\/uronline.lv\/wp-content\/uploads\/2024\/12\/Nosaukuma-maina.png","contentUrl":"https:\/\/uronline.lv\/wp-content\/uploads\/2024\/12\/Nosaukuma-maina.png","width":940,"height":788,"caption":"Nosaukuma mai\u0146a"},{"@type":"BreadcrumbList","@id":"https:\/\/uronline.lv\/products\/nosaukuma-maina\/#breadcrumb","itemListElement":[{"@type":"ListItem","position":1,"name":"Home","item":"https:\/\/uronline.lv\/"},{"@type":"ListItem","position":2,"name":"Pakalpojumi","item":"https:\/\/uronline.lv\/shop\/"},{"@type":"ListItem","position":3,"name":"Nosaukuma mai\u0146a"}]},{"@type":"WebSite","@id":"https:\/\/uronline.lv\/#website","url":"https:\/\/uronline.lv\/","name":"UR Online Business Register services","description":"Online Business Register services","publisher":{"@id":"https:\/\/uronline.lv\/#organization"},"potentialAction":[{"@type":"SearchAction","target":{"@type":"EntryPoint","urlTemplate":"https:\/\/uronline.lv\/?s={search_term_string}"},"query-input":{"@type":"PropertyValueSpecification","valueRequired":true,"valueName":"search_term_string"}}],"inLanguage":"en-US"},{"@type":"Organization","@id":"https:\/\/uronline.lv\/#organization","name":"Global V","url":"https:\/\/uronline.lv\/","logo":{"@type":"ImageObject","inLanguage":"en-US","@id":"https:\/\/uronline.lv\/#\/schema\/logo\/image\/","url":"https:\/\/uronline.lv\/wp-content\/uploads\/2023\/07\/Untitled-design.png","contentUrl":"https:\/\/uronline.lv\/wp-content\/uploads\/2023\/07\/Untitled-design.png","width":1200,"height":500,"caption":"Global V"},"image":{"@id":"https:\/\/uronline.lv\/#\/schema\/logo\/image\/"},"sameAs":["https:\/\/www.facebook.com\/profile.php?id=100094762527243"]}]}},"jetpack_sharing_enabled":true,"_links":{"self":[{"href":"https:\/\/uronline.lv\/en\/wp-json\/wp\/v2\/product\/68","targetHints":{"allow":["GET"]}}],"collection":[{"href":"https:\/\/uronline.lv\/en\/wp-json\/wp\/v2\/product"}],"about":[{"href":"https:\/\/uronline.lv\/en\/wp-json\/wp\/v2\/types\/product"}],"replies":[{"embeddable":true,"href":"https:\/\/uronline.lv\/en\/wp-json\/wp\/v2\/comments?post=68"}],"wp:featuredmedia":[{"embeddable":true,"href":"https:\/\/uronline.lv\/en\/wp-json\/wp\/v2\/media\/2708"}],"wp:attachment":[{"href":"https:\/\/uronline.lv\/en\/wp-json\/wp\/v2\/media?parent=68"}],"wp:term":[{"taxonomy":"product_brand","embeddable":true,"href":"https:\/\/uronline.lv\/en\/wp-json\/wp\/v2\/product_brand?post=68"},{"taxonomy":"product_cat","embeddable":true,"href":"https:\/\/uronline.lv\/en\/wp-json\/wp\/v2\/product_cat?post=68"},{"taxonomy":"product_tag","embeddable":true,"href":"https:\/\/uronline.lv\/en\/wp-json\/wp\/v2\/product_tag?post=68"}],"curies":[{"name":"wp","href":"https:\/\/api.w.org\/{rel}","templated":true}]}}