{"id":2316,"date":"2026-02-12T10:24:55","date_gmt":"2026-02-12T08:24:55","guid":{"rendered":"https:\/\/uronline.lv\/?post_type=product&#038;p=2316"},"modified":"2026-03-03T13:03:49","modified_gmt":"2026-03-03T11:03:49","slug":"ik-registration","status":"publish","type":"product","link":"https:\/\/uronline.lv\/en\/product\/ik-registration\/","title":{"rendered":"IC registration"},"content":{"rendered":"<h3><strong>Important information!<\/strong><\/h3>\n<p>You need to send us the information that is strictly necessary for the IC registration service. This can be done by filling in a simple <span style=\"color: #ff0000;\"><strong><a style=\"color: #ff0000;\" href=\"https:\/\/uronline.lv\/en\/2318-2\/\" target=\"_blank\" rel=\"noopener\">IC registration form<\/a><\/strong><\/span> (the form takes up to 1 minute to complete) or by other means. If you haven't already done so, one of our specialists will contact you to clarify how to provide the information. Your data is treated with the utmost care and confidentiality using special data security protocols.<\/p>\n<p>Find out how the Online IC Registration service works here - <a href=\"https:\/\/uronline.lv\/en\/how-it-works\/\">How does it work?<\/a><\/p>\n<p>State fee for registration of a business - 30.00EUR. The fee is paid online <a href=\"https:\/\/www.ur.gov.lv\/lv\/\">Register of companies<\/a> platform.<\/p>\n<p>As a rule, documents are processed within 3 working days, excluding the day on which they are submitted. In special cases, documents submitted may be examined within 1 working day. See <a href=\"https:\/\/uronline.lv\/en\/product\/ur\/\">Fast-track facility<\/a>.<\/p>\n<p>Submission of documents and payment of the stamp duty <a href=\"https:\/\/www.ur.gov.lv\/lv\/\">Register of companies<\/a> on the platform, which you must do yourself. However, if you want URonline specialists to take care of it, you must add <a href=\"https:\/\/uronline.lv\/en\/product\/ur-submission-of-documents\/\">EXPERT e-filing and document management service.<\/a><\/p>\n<h3>Content of the IC registration service.<\/h3>\n<ul>\n<li><strong>Verification of the suitability of the name. <\/strong>Checking our name is the way to accurate and strong brands.<\/li>\n<\/ul>\n<ul>\n<li><strong>Verification of legal address. <\/strong>We provide not only a legal address check, but also peace of mind that your company is legal and compliant to build trust with both clients and partners.<\/li>\n<li><strong>Completed e-documents package for registration in the Register of Companies<\/strong>A: To ensure legal transparency and legality, all required documents must be completed and submitted to the Companies Registry.<\/li>\n<li><strong>Free consultation. <\/strong>We provide a personalised approach to each of our clients. Our experience and knowledge will help you overcome obstacles and reach your goal with confidence.<\/li>\n<\/ul>\n<p><strong>Free additional benefits:<\/strong><\/p>\n<ul>\n<li><a href=\"https:\/\/uronline.lv\/en\/product\/ur\/\">Expedited examination of registration documents within 1 working day (if applicable)<\/a><\/li>\n<li>Free corrections to documents<\/li>\n<\/ul>","protected":false},"excerpt":{"rendered":"<div class=\"elementor-element elementor-element-aa204df elementor-widget elementor-widget-heading\" data-id=\"aa204df\" data-element_type=\"widget\" data-widget_type=\"heading.default\">\n<div class=\"elementor-widget-container\">\n<h3 style=\"text-align: left;\">Registering a sole trader (TK) - fast, secure and hassle-free!<\/h3>\n<p>Want to register a sole trader (TK)? This is a normal process in the business world, but preparing and submitting documents to the Register of Companies can be time-consuming and expensive.<\/p>\n<p>Forget about complications! We offer full support in the process of registering a Sole Trader (ST), 100% online.<\/p>\n<p><strong>We'll take care of everything while you focus on business.<\/strong><\/p>\n<ul data-start=\"459\" data-end=\"657\">\n<li data-start=\"459\" data-end=\"534\">\n<p data-start=\"461\" data-end=\"534\">Save days or weeks researching, completing and submitting documents<\/p>\n<\/li>\n<li data-start=\"459\" data-end=\"534\">\n<p data-start=\"461\" data-end=\"534\">Avoid mistakes that could lead to additional costs or loss of stamp duty<\/p>\n<\/li>\n<li data-start=\"459\" data-end=\"534\">\n<p data-start=\"461\" data-end=\"534\">Make sure all documents are legally correct and comply with the most up-to-date legal requirements<\/p>\n<\/li>\n<li data-start=\"459\" data-end=\"534\">We didn't offer old model forms or incorrectly generated documents<\/li>\n<li data-start=\"459\" data-end=\"534\">\n<p data-start=\"461\" data-end=\"534\">Free document corrections, for your peace of mind<\/p>\n<\/li>\n<\/ul>\n<\/div>\n<\/div>","protected":false},"featured_media":2707,"comment_status":"open","ping_status":"closed","template":"","meta":{"_acf_changed":false},"product_brand":[],"product_cat":[48],"product_tag":[],"class_list":{"0":"post-2316","1":"product","2":"type-product","3":"status-publish","4":"has-post-thumbnail","6":"product_cat-ik-registracija","8":"first","9":"instock","10":"sale","11":"virtual","12":"sold-individually","13":"taxable","14":"purchasable","15":"product-type-simple"},"acf":[],"yoast_head":"<!-- This site is optimized with the Yoast SEO Premium plugin v25.7.1 (Yoast SEO v25.7) - https:\/\/yoast.com\/wordpress\/plugins\/seo\/ -->\n<title>IK re\u0123istr\u0101cija * UR Online Uz\u0146\u0113mumu Re\u0123istra pakalpojumi<\/title>\n<meta name=\"description\" content=\"EXPERT Online IK re\u0123istr\u0101cija. M\u0113s pal\u012bdz\u0113sim jums izveidot Individu\u0101lo Komersantu bez liek\u0101m raiz\u0113m. Bezmaksas konsult\u0101cija. S\u0101c savu biznesu jau \u0161odien!\" \/>\n<meta name=\"robots\" content=\"index, follow, max-snippet:-1, max-image-preview:large, max-video-preview:-1\" \/>\n<link rel=\"canonical\" href=\"https:\/\/uronline.lv\/en\/product\/ik-registration\/\" \/>\n<meta property=\"og:locale\" content=\"en_US\" \/>\n<meta property=\"og:type\" content=\"article\" \/>\n<meta property=\"og:title\" content=\"IK re\u0123istr\u0101cija\" \/>\n<meta property=\"og:description\" content=\"EXPERT Online IK re\u0123istr\u0101cija. M\u0113s pal\u012bdz\u0113sim jums izveidot Individu\u0101lo Komersantu bez liek\u0101m raiz\u0113m. Bezmaksas konsult\u0101cija. S\u0101c savu biznesu jau \u0161odien!\" \/>\n<meta property=\"og:url\" content=\"https:\/\/uronline.lv\/en\/product\/ik-registration\/\" \/>\n<meta property=\"og:site_name\" content=\"UR Online Uz\u0146\u0113mumu Re\u0123istra pakalpojumi\" \/>\n<meta property=\"article:publisher\" content=\"https:\/\/www.facebook.com\/profile.php?id=100094762527243\" \/>\n<meta property=\"article:modified_time\" content=\"2026-03-03T11:03:49+00:00\" \/>\n<meta property=\"og:image\" content=\"https:\/\/uronline.lv\/wp-content\/uploads\/2024\/12\/IK-registracija.png\" \/>\n\t<meta property=\"og:image:width\" content=\"940\" \/>\n\t<meta property=\"og:image:height\" content=\"788\" \/>\n\t<meta property=\"og:image:type\" content=\"image\/png\" \/>\n<meta name=\"twitter:card\" content=\"summary_large_image\" \/>\n<meta name=\"twitter:label1\" content=\"Est. reading time\" \/>\n\t<meta name=\"twitter:data1\" content=\"2 minutes\" \/>\n<script type=\"application\/ld+json\" class=\"yoast-schema-graph\">{\"@context\":\"https:\/\/schema.org\",\"@graph\":[{\"@type\":\"WebPage\",\"@id\":\"https:\/\/uronline.lv\/products\/ik-registracija\/\",\"url\":\"https:\/\/uronline.lv\/products\/ik-registracija\/\",\"name\":\"IK re\u0123istr\u0101cija * UR Online Uz\u0146\u0113mumu Re\u0123istra pakalpojumi\",\"isPartOf\":{\"@id\":\"https:\/\/uronline.lv\/#website\"},\"primaryImageOfPage\":{\"@id\":\"https:\/\/uronline.lv\/products\/ik-registracija\/#primaryimage\"},\"image\":{\"@id\":\"https:\/\/uronline.lv\/products\/ik-registracija\/#primaryimage\"},\"thumbnailUrl\":\"https:\/\/uronline.lv\/wp-content\/uploads\/2024\/12\/IK-registracija.png\",\"datePublished\":\"2026-02-12T08:24:55+00:00\",\"dateModified\":\"2026-03-03T11:03:49+00:00\",\"description\":\"EXPERT Online IK re\u0123istr\u0101cija. M\u0113s pal\u012bdz\u0113sim jums izveidot Individu\u0101lo Komersantu bez liek\u0101m raiz\u0113m. Bezmaksas konsult\u0101cija. S\u0101c savu biznesu jau \u0161odien!\",\"breadcrumb\":{\"@id\":\"https:\/\/uronline.lv\/products\/ik-registracija\/#breadcrumb\"},\"inLanguage\":\"en-US\",\"potentialAction\":[{\"@type\":\"ReadAction\",\"target\":[\"https:\/\/uronline.lv\/products\/ik-registracija\/\"]}]},{\"@type\":\"ImageObject\",\"inLanguage\":\"en-US\",\"@id\":\"https:\/\/uronline.lv\/products\/ik-registracija\/#primaryimage\",\"url\":\"https:\/\/uronline.lv\/wp-content\/uploads\/2024\/12\/IK-registracija.png\",\"contentUrl\":\"https:\/\/uronline.lv\/wp-content\/uploads\/2024\/12\/IK-registracija.png\",\"width\":940,\"height\":788,\"caption\":\"IK re\u0123istr\u0101cija\"},{\"@type\":\"BreadcrumbList\",\"@id\":\"https:\/\/uronline.lv\/products\/ik-registracija\/#breadcrumb\",\"itemListElement\":[{\"@type\":\"ListItem\",\"position\":1,\"name\":\"Home\",\"item\":\"https:\/\/uronline.lv\/\"},{\"@type\":\"ListItem\",\"position\":2,\"name\":\"Pakalpojumi\",\"item\":\"https:\/\/uronline.lv\/shop\/\"},{\"@type\":\"ListItem\",\"position\":3,\"name\":\"IK re\u0123istr\u0101cija\"}]},{\"@type\":\"WebSite\",\"@id\":\"https:\/\/uronline.lv\/#website\",\"url\":\"https:\/\/uronline.lv\/\",\"name\":\"UR Online Uz\u0146\u0113mumu Re\u0123istra pakalpojumi\",\"description\":\"Online Uz\u0146\u0113mumu Re\u0123istra pakalpojumi\",\"publisher\":{\"@id\":\"https:\/\/uronline.lv\/#organization\"},\"potentialAction\":[{\"@type\":\"SearchAction\",\"target\":{\"@type\":\"EntryPoint\",\"urlTemplate\":\"https:\/\/uronline.lv\/?s={search_term_string}\"},\"query-input\":{\"@type\":\"PropertyValueSpecification\",\"valueRequired\":true,\"valueName\":\"search_term_string\"}}],\"inLanguage\":\"en-US\"},{\"@type\":\"Organization\",\"@id\":\"https:\/\/uronline.lv\/#organization\",\"name\":\"Global V\",\"url\":\"https:\/\/uronline.lv\/\",\"logo\":{\"@type\":\"ImageObject\",\"inLanguage\":\"en-US\",\"@id\":\"https:\/\/uronline.lv\/#\/schema\/logo\/image\/\",\"url\":\"https:\/\/uronline.lv\/wp-content\/uploads\/2023\/07\/Untitled-design.png\",\"contentUrl\":\"https:\/\/uronline.lv\/wp-content\/uploads\/2023\/07\/Untitled-design.png\",\"width\":1200,\"height\":500,\"caption\":\"Global V\"},\"image\":{\"@id\":\"https:\/\/uronline.lv\/#\/schema\/logo\/image\/\"},\"sameAs\":[\"https:\/\/www.facebook.com\/profile.php?id=100094762527243\"]}]}<\/script>\n<!-- \/ Yoast SEO Premium plugin. -->","yoast_head_json":{"title":"IK registration * UR Online Business Register services","description":"EXPERT Online IK registration. We will help you set up your Sole Trader without any worries. Free consultation. Start your business today!","robots":{"index":"index","follow":"follow","max-snippet":"max-snippet:-1","max-image-preview":"max-image-preview:large","max-video-preview":"max-video-preview:-1"},"canonical":"https:\/\/uronline.lv\/en\/product\/ik-registration\/","og_locale":"en_US","og_type":"article","og_title":"IK re\u0123istr\u0101cija","og_description":"EXPERT Online IK re\u0123istr\u0101cija. M\u0113s pal\u012bdz\u0113sim jums izveidot Individu\u0101lo Komersantu bez liek\u0101m raiz\u0113m. Bezmaksas konsult\u0101cija. S\u0101c savu biznesu jau \u0161odien!","og_url":"https:\/\/uronline.lv\/en\/product\/ik-registration\/","og_site_name":"UR Online Uz\u0146\u0113mumu Re\u0123istra pakalpojumi","article_publisher":"https:\/\/www.facebook.com\/profile.php?id=100094762527243","article_modified_time":"2026-03-03T11:03:49+00:00","og_image":[{"width":940,"height":788,"url":"https:\/\/uronline.lv\/wp-content\/uploads\/2024\/12\/IK-registracija.png","type":"image\/png"}],"twitter_card":"summary_large_image","twitter_misc":{"Est. reading time":"2 minutes"},"schema":{"@context":"https:\/\/schema.org","@graph":[{"@type":"WebPage","@id":"https:\/\/uronline.lv\/products\/ik-registracija\/","url":"https:\/\/uronline.lv\/products\/ik-registracija\/","name":"IK registration * UR Online Business Register services","isPartOf":{"@id":"https:\/\/uronline.lv\/#website"},"primaryImageOfPage":{"@id":"https:\/\/uronline.lv\/products\/ik-registracija\/#primaryimage"},"image":{"@id":"https:\/\/uronline.lv\/products\/ik-registracija\/#primaryimage"},"thumbnailUrl":"https:\/\/uronline.lv\/wp-content\/uploads\/2024\/12\/IK-registracija.png","datePublished":"2026-02-12T08:24:55+00:00","dateModified":"2026-03-03T11:03:49+00:00","description":"EXPERT Online IK registration. We will help you set up your Sole Trader without any worries. Free consultation. Start your business today!","breadcrumb":{"@id":"https:\/\/uronline.lv\/products\/ik-registracija\/#breadcrumb"},"inLanguage":"en-US","potentialAction":[{"@type":"ReadAction","target":["https:\/\/uronline.lv\/products\/ik-registracija\/"]}]},{"@type":"ImageObject","inLanguage":"en-US","@id":"https:\/\/uronline.lv\/products\/ik-registracija\/#primaryimage","url":"https:\/\/uronline.lv\/wp-content\/uploads\/2024\/12\/IK-registracija.png","contentUrl":"https:\/\/uronline.lv\/wp-content\/uploads\/2024\/12\/IK-registracija.png","width":940,"height":788,"caption":"IK re\u0123istr\u0101cija"},{"@type":"BreadcrumbList","@id":"https:\/\/uronline.lv\/products\/ik-registracija\/#breadcrumb","itemListElement":[{"@type":"ListItem","position":1,"name":"Home","item":"https:\/\/uronline.lv\/"},{"@type":"ListItem","position":2,"name":"Pakalpojumi","item":"https:\/\/uronline.lv\/shop\/"},{"@type":"ListItem","position":3,"name":"IK re\u0123istr\u0101cija"}]},{"@type":"WebSite","@id":"https:\/\/uronline.lv\/#website","url":"https:\/\/uronline.lv\/","name":"UR Online Business Register services","description":"Online Business Register services","publisher":{"@id":"https:\/\/uronline.lv\/#organization"},"potentialAction":[{"@type":"SearchAction","target":{"@type":"EntryPoint","urlTemplate":"https:\/\/uronline.lv\/?s={search_term_string}"},"query-input":{"@type":"PropertyValueSpecification","valueRequired":true,"valueName":"search_term_string"}}],"inLanguage":"en-US"},{"@type":"Organization","@id":"https:\/\/uronline.lv\/#organization","name":"Global V","url":"https:\/\/uronline.lv\/","logo":{"@type":"ImageObject","inLanguage":"en-US","@id":"https:\/\/uronline.lv\/#\/schema\/logo\/image\/","url":"https:\/\/uronline.lv\/wp-content\/uploads\/2023\/07\/Untitled-design.png","contentUrl":"https:\/\/uronline.lv\/wp-content\/uploads\/2023\/07\/Untitled-design.png","width":1200,"height":500,"caption":"Global V"},"image":{"@id":"https:\/\/uronline.lv\/#\/schema\/logo\/image\/"},"sameAs":["https:\/\/www.facebook.com\/profile.php?id=100094762527243"]}]}},"jetpack_sharing_enabled":true,"_links":{"self":[{"href":"https:\/\/uronline.lv\/en\/wp-json\/wp\/v2\/product\/2316","targetHints":{"allow":["GET"]}}],"collection":[{"href":"https:\/\/uronline.lv\/en\/wp-json\/wp\/v2\/product"}],"about":[{"href":"https:\/\/uronline.lv\/en\/wp-json\/wp\/v2\/types\/product"}],"replies":[{"embeddable":true,"href":"https:\/\/uronline.lv\/en\/wp-json\/wp\/v2\/comments?post=2316"}],"wp:featuredmedia":[{"embeddable":true,"href":"https:\/\/uronline.lv\/en\/wp-json\/wp\/v2\/media\/2707"}],"wp:attachment":[{"href":"https:\/\/uronline.lv\/en\/wp-json\/wp\/v2\/media?parent=2316"}],"wp:term":[{"taxonomy":"product_brand","embeddable":true,"href":"https:\/\/uronline.lv\/en\/wp-json\/wp\/v2\/product_brand?post=2316"},{"taxonomy":"product_cat","embeddable":true,"href":"https:\/\/uronline.lv\/en\/wp-json\/wp\/v2\/product_cat?post=2316"},{"taxonomy":"product_tag","embeddable":true,"href":"https:\/\/uronline.lv\/en\/wp-json\/wp\/v2\/product_tag?post=2316"}],"curies":[{"name":"wp","href":"https:\/\/api.w.org\/{rel}","templated":true}]}}