{"id":2312,"date":"2026-02-12T10:34:39","date_gmt":"2026-02-12T08:34:39","guid":{"rendered":"https:\/\/uronline.lv\/?post_type=product&#038;p=2312"},"modified":"2026-03-03T13:03:23","modified_gmt":"2026-03-03T11:03:23","slug":"liquidation-of-sia","status":"publish","type":"product","link":"https:\/\/uronline.lv\/en\/product\/liquidation-of-sia\/","title":{"rendered":"Liquidation of a limited liability company"},"content":{"rendered":"<h3><strong>Important information!<\/strong><\/h3>\n<p>You need to send us the information that is strictly necessary for the liquidation service. This can be done by filling in a simple <span style=\"color: #ff0000;\"><strong><a style=\"color: #ff0000;\" href=\"https:\/\/uronline.lv\/en\/?page_id=924\" target=\"_blank\" rel=\"noopener\">Liquidation of the form<\/a><\/strong><\/span> (the form takes up to 1 minute to complete) or by other means. If you haven't already done so, one of our specialists will contact you to clarify how to provide the information. Your data is treated with the utmost care and confidentiality using special data security protocols.<\/p>\n<p>Find out about the progress of the Online Ltd liquidation service here - <a href=\"https:\/\/uronline.lv\/en\/how-it-works\/\">How does it work?<\/a><\/p>\n<p>State fee for liquidation of a limited liability company - 30.00EUR. The state fee is calculated automatically, before submission of documents <a href=\"https:\/\/www.ur.gov.lv\/lv\/\">In the Register of Companies<\/a>.<\/p>\n<h3>Content of the liquidation service.<\/h3>\n<ul>\n<li><strong>Completed e-documents package for registration in the Register of Companies<\/strong>A: To ensure legal transparency and legality, all required documents must be completed and submitted to the Companies Registry.<\/li>\n<li><strong>EXPERT document submission service. <\/strong>Initiation and full administration of the Company Register document submission service. All you will need to do is electronically sign the documents to be filed online and pay the Stamp Duty online. No instructions or manuals for filing the documents. Everything will be done by our experts. So simple!<\/li>\n<li><strong>Free consultation. <\/strong>We provide a personalised approach to each of our clients. Our experience and knowledge will help you overcome obstacles and reach your goal with confidence.<\/li>\n<\/ul>\n<h3><strong>Winding-up proceedings of the limited liability company, if applicable:<\/strong><\/h3>\n<p>1. Close your company bank account<\/p>\n<p>2. Remove from the accounts departments, cash registers, POS terminals, etc.<\/p>\n<p>3. Release all staff<\/p>\n<p>4. Terminate your contractual obligations (Tele2, Lmt, etc.). If necessary, transfer the phone number to a natural person<\/p>\n<p>5. Hand in all reports.<\/p>\n<p>6. Prepare the accounting documents. Your company's accountant will prepare a winding-up financial statement as well as a plan for the distribution of the company's assets (if the company has assets to distribute). The winding-up financial statements must be submitted 40 days after the opening of the winding-up.<\/p>\n<p>7. Transfer documents to an archive or store them yourself.<\/p>\n<p>8. Notify the SRS of the liquidation. List &gt;&gt; Notification to the SRS<\/p>","protected":false},"excerpt":{"rendered":"<h3 style=\"text-align: left;\">SIA Liquidation - fast, safe and hassle-free!<\/h3>\n<p>Don't want to continue to run an LLC on paper, fed up with reports and unnecessary expenses? This is a normal process in the business environment, but preparing and submitting documents to the Register of Companies can be time-consuming and costly.<\/p>\n<p>Forget about complications! We offer full support in the liquidation process of an LLC, 100% online.<\/p>\n<p><strong>We'll take care of everything while you focus on business.<\/strong><\/p>\n<ul data-start=\"459\" data-end=\"657\">\n<li data-start=\"459\" data-end=\"534\">\n<p data-start=\"461\" data-end=\"534\">Save days or weeks researching, completing and submitting documents<\/p>\n<\/li>\n<li data-start=\"459\" data-end=\"534\">\n<p data-start=\"461\" data-end=\"534\">Avoid mistakes that could lead to additional costs or loss of stamp duty<\/p>\n<\/li>\n<li data-start=\"459\" data-end=\"534\">\n<p data-start=\"461\" data-end=\"534\">Make sure all documents are legally correct and comply with the most up-to-date legal requirements<\/p>\n<\/li>\n<li data-start=\"459\" data-end=\"534\">We didn't offer old model forms or incorrectly generated documents<\/li>\n<li data-start=\"459\" data-end=\"534\">\n<p data-start=\"461\" data-end=\"534\">Free document corrections, for your peace of mind<\/p>\n<\/li>\n<\/ul>","protected":false},"featured_media":2706,"comment_status":"open","ping_status":"closed","template":"","meta":{"_acf_changed":false},"product_brand":[],"product_cat":[36],"product_tag":[],"class_list":{"0":"post-2312","1":"product","2":"type-product","3":"status-publish","4":"has-post-thumbnail","6":"product_cat-sia-likvidacija","8":"first","9":"instock","10":"sale","11":"virtual","12":"sold-individually","13":"taxable","14":"purchasable","15":"product-type-simple"},"acf":[],"yoast_head":"<!-- This site is optimized with the Yoast SEO Premium plugin v25.7.1 (Yoast SEO v25.7) - https:\/\/yoast.com\/wordpress\/plugins\/seo\/ -->\n<title>SIA likvid\u0101cija * UR Online Uz\u0146\u0113mumu Re\u0123istra pakalpojumi<\/title>\n<meta name=\"description\" content=\"EXPERT Online SIA likvid\u0101cija. M\u0113s pal\u012bdz\u0113sim jums likvid\u0113t uz\u0146\u0113mumu bez liek\u0101m raiz\u0113m. Bezmaksas konsult\u0101cija par procesu. S\u0101c SIA likvid\u0101ciju \u0161odien!\" \/>\n<meta name=\"robots\" content=\"index, follow, max-snippet:-1, max-image-preview:large, max-video-preview:-1\" \/>\n<link rel=\"canonical\" href=\"https:\/\/uronline.lv\/en\/product\/liquidation-of-sia\/\" \/>\n<meta property=\"og:locale\" content=\"en_US\" \/>\n<meta property=\"og:type\" content=\"article\" \/>\n<meta property=\"og:title\" content=\"SIA likvid\u0101cija\" \/>\n<meta property=\"og:description\" content=\"EXPERT Online SIA likvid\u0101cija. M\u0113s pal\u012bdz\u0113sim jums likvid\u0113t uz\u0146\u0113mumu bez liek\u0101m raiz\u0113m. Bezmaksas konsult\u0101cija par procesu. S\u0101c SIA likvid\u0101ciju \u0161odien!\" \/>\n<meta property=\"og:url\" content=\"https:\/\/uronline.lv\/en\/product\/liquidation-of-sia\/\" \/>\n<meta property=\"og:site_name\" content=\"UR Online Uz\u0146\u0113mumu Re\u0123istra pakalpojumi\" \/>\n<meta property=\"article:publisher\" content=\"https:\/\/www.facebook.com\/profile.php?id=100094762527243\" \/>\n<meta property=\"article:modified_time\" content=\"2026-03-03T11:03:23+00:00\" \/>\n<meta property=\"og:image\" content=\"https:\/\/uronline.lv\/wp-content\/uploads\/2024\/12\/SIA-likvidacija.png\" \/>\n\t<meta property=\"og:image:width\" content=\"940\" \/>\n\t<meta property=\"og:image:height\" content=\"788\" \/>\n\t<meta property=\"og:image:type\" content=\"image\/png\" \/>\n<meta name=\"twitter:card\" content=\"summary_large_image\" \/>\n<meta name=\"twitter:label1\" content=\"Est. reading time\" \/>\n\t<meta name=\"twitter:data1\" content=\"2 minutes\" \/>\n<script type=\"application\/ld+json\" class=\"yoast-schema-graph\">{\"@context\":\"https:\/\/schema.org\",\"@graph\":[{\"@type\":\"WebPage\",\"@id\":\"https:\/\/uronline.lv\/products\/sia-likvidacija\/\",\"url\":\"https:\/\/uronline.lv\/products\/sia-likvidacija\/\",\"name\":\"SIA likvid\u0101cija * UR Online Uz\u0146\u0113mumu Re\u0123istra pakalpojumi\",\"isPartOf\":{\"@id\":\"https:\/\/uronline.lv\/#website\"},\"primaryImageOfPage\":{\"@id\":\"https:\/\/uronline.lv\/products\/sia-likvidacija\/#primaryimage\"},\"image\":{\"@id\":\"https:\/\/uronline.lv\/products\/sia-likvidacija\/#primaryimage\"},\"thumbnailUrl\":\"https:\/\/uronline.lv\/wp-content\/uploads\/2024\/12\/SIA-likvidacija.png\",\"datePublished\":\"2026-02-12T08:34:39+00:00\",\"dateModified\":\"2026-03-03T11:03:23+00:00\",\"description\":\"EXPERT Online SIA likvid\u0101cija. M\u0113s pal\u012bdz\u0113sim jums likvid\u0113t uz\u0146\u0113mumu bez liek\u0101m raiz\u0113m. Bezmaksas konsult\u0101cija par procesu. S\u0101c SIA likvid\u0101ciju \u0161odien!\",\"breadcrumb\":{\"@id\":\"https:\/\/uronline.lv\/products\/sia-likvidacija\/#breadcrumb\"},\"inLanguage\":\"en-US\",\"potentialAction\":[{\"@type\":\"ReadAction\",\"target\":[\"https:\/\/uronline.lv\/products\/sia-likvidacija\/\"]}]},{\"@type\":\"ImageObject\",\"inLanguage\":\"en-US\",\"@id\":\"https:\/\/uronline.lv\/products\/sia-likvidacija\/#primaryimage\",\"url\":\"https:\/\/uronline.lv\/wp-content\/uploads\/2024\/12\/SIA-likvidacija.png\",\"contentUrl\":\"https:\/\/uronline.lv\/wp-content\/uploads\/2024\/12\/SIA-likvidacija.png\",\"width\":940,\"height\":788,\"caption\":\"SIA likvid\u0101cija\"},{\"@type\":\"BreadcrumbList\",\"@id\":\"https:\/\/uronline.lv\/products\/sia-likvidacija\/#breadcrumb\",\"itemListElement\":[{\"@type\":\"ListItem\",\"position\":1,\"name\":\"Home\",\"item\":\"https:\/\/uronline.lv\/\"},{\"@type\":\"ListItem\",\"position\":2,\"name\":\"Pakalpojumi\",\"item\":\"https:\/\/uronline.lv\/shop\/\"},{\"@type\":\"ListItem\",\"position\":3,\"name\":\"SIA likvid\u0101cija\"}]},{\"@type\":\"WebSite\",\"@id\":\"https:\/\/uronline.lv\/#website\",\"url\":\"https:\/\/uronline.lv\/\",\"name\":\"UR Online Uz\u0146\u0113mumu Re\u0123istra pakalpojumi\",\"description\":\"Online Uz\u0146\u0113mumu Re\u0123istra pakalpojumi\",\"publisher\":{\"@id\":\"https:\/\/uronline.lv\/#organization\"},\"potentialAction\":[{\"@type\":\"SearchAction\",\"target\":{\"@type\":\"EntryPoint\",\"urlTemplate\":\"https:\/\/uronline.lv\/?s={search_term_string}\"},\"query-input\":{\"@type\":\"PropertyValueSpecification\",\"valueRequired\":true,\"valueName\":\"search_term_string\"}}],\"inLanguage\":\"en-US\"},{\"@type\":\"Organization\",\"@id\":\"https:\/\/uronline.lv\/#organization\",\"name\":\"Global V\",\"url\":\"https:\/\/uronline.lv\/\",\"logo\":{\"@type\":\"ImageObject\",\"inLanguage\":\"en-US\",\"@id\":\"https:\/\/uronline.lv\/#\/schema\/logo\/image\/\",\"url\":\"https:\/\/uronline.lv\/wp-content\/uploads\/2023\/07\/Untitled-design.png\",\"contentUrl\":\"https:\/\/uronline.lv\/wp-content\/uploads\/2023\/07\/Untitled-design.png\",\"width\":1200,\"height\":500,\"caption\":\"Global V\"},\"image\":{\"@id\":\"https:\/\/uronline.lv\/#\/schema\/logo\/image\/\"},\"sameAs\":[\"https:\/\/www.facebook.com\/profile.php?id=100094762527243\"]}]}<\/script>\n<!-- \/ Yoast SEO Premium plugin. -->","yoast_head_json":{"title":"Liquidation of a limited liability company * UR Online Business Register Services","description":"EXPERT Online SIA liquidation. We will help you liquidate your company without unnecessary worries. Free consultation about the process. Start liquidation of your LLC today!","robots":{"index":"index","follow":"follow","max-snippet":"max-snippet:-1","max-image-preview":"max-image-preview:large","max-video-preview":"max-video-preview:-1"},"canonical":"https:\/\/uronline.lv\/en\/product\/liquidation-of-sia\/","og_locale":"en_US","og_type":"article","og_title":"SIA likvid\u0101cija","og_description":"EXPERT Online SIA likvid\u0101cija. M\u0113s pal\u012bdz\u0113sim jums likvid\u0113t uz\u0146\u0113mumu bez liek\u0101m raiz\u0113m. Bezmaksas konsult\u0101cija par procesu. S\u0101c SIA likvid\u0101ciju \u0161odien!","og_url":"https:\/\/uronline.lv\/en\/product\/liquidation-of-sia\/","og_site_name":"UR Online Uz\u0146\u0113mumu Re\u0123istra pakalpojumi","article_publisher":"https:\/\/www.facebook.com\/profile.php?id=100094762527243","article_modified_time":"2026-03-03T11:03:23+00:00","og_image":[{"width":940,"height":788,"url":"https:\/\/uronline.lv\/wp-content\/uploads\/2024\/12\/SIA-likvidacija.png","type":"image\/png"}],"twitter_card":"summary_large_image","twitter_misc":{"Est. reading time":"2 minutes"},"schema":{"@context":"https:\/\/schema.org","@graph":[{"@type":"WebPage","@id":"https:\/\/uronline.lv\/products\/sia-likvidacija\/","url":"https:\/\/uronline.lv\/products\/sia-likvidacija\/","name":"Liquidation of a limited liability company * UR Online Business Register Services","isPartOf":{"@id":"https:\/\/uronline.lv\/#website"},"primaryImageOfPage":{"@id":"https:\/\/uronline.lv\/products\/sia-likvidacija\/#primaryimage"},"image":{"@id":"https:\/\/uronline.lv\/products\/sia-likvidacija\/#primaryimage"},"thumbnailUrl":"https:\/\/uronline.lv\/wp-content\/uploads\/2024\/12\/SIA-likvidacija.png","datePublished":"2026-02-12T08:34:39+00:00","dateModified":"2026-03-03T11:03:23+00:00","description":"EXPERT Online SIA liquidation. We will help you liquidate your company without unnecessary worries. Free consultation about the process. Start liquidation of your LLC today!","breadcrumb":{"@id":"https:\/\/uronline.lv\/products\/sia-likvidacija\/#breadcrumb"},"inLanguage":"en-US","potentialAction":[{"@type":"ReadAction","target":["https:\/\/uronline.lv\/products\/sia-likvidacija\/"]}]},{"@type":"ImageObject","inLanguage":"en-US","@id":"https:\/\/uronline.lv\/products\/sia-likvidacija\/#primaryimage","url":"https:\/\/uronline.lv\/wp-content\/uploads\/2024\/12\/SIA-likvidacija.png","contentUrl":"https:\/\/uronline.lv\/wp-content\/uploads\/2024\/12\/SIA-likvidacija.png","width":940,"height":788,"caption":"SIA likvid\u0101cija"},{"@type":"BreadcrumbList","@id":"https:\/\/uronline.lv\/products\/sia-likvidacija\/#breadcrumb","itemListElement":[{"@type":"ListItem","position":1,"name":"Home","item":"https:\/\/uronline.lv\/"},{"@type":"ListItem","position":2,"name":"Pakalpojumi","item":"https:\/\/uronline.lv\/shop\/"},{"@type":"ListItem","position":3,"name":"SIA likvid\u0101cija"}]},{"@type":"WebSite","@id":"https:\/\/uronline.lv\/#website","url":"https:\/\/uronline.lv\/","name":"UR Online Business Register services","description":"Online Business Register services","publisher":{"@id":"https:\/\/uronline.lv\/#organization"},"potentialAction":[{"@type":"SearchAction","target":{"@type":"EntryPoint","urlTemplate":"https:\/\/uronline.lv\/?s={search_term_string}"},"query-input":{"@type":"PropertyValueSpecification","valueRequired":true,"valueName":"search_term_string"}}],"inLanguage":"en-US"},{"@type":"Organization","@id":"https:\/\/uronline.lv\/#organization","name":"Global V","url":"https:\/\/uronline.lv\/","logo":{"@type":"ImageObject","inLanguage":"en-US","@id":"https:\/\/uronline.lv\/#\/schema\/logo\/image\/","url":"https:\/\/uronline.lv\/wp-content\/uploads\/2023\/07\/Untitled-design.png","contentUrl":"https:\/\/uronline.lv\/wp-content\/uploads\/2023\/07\/Untitled-design.png","width":1200,"height":500,"caption":"Global V"},"image":{"@id":"https:\/\/uronline.lv\/#\/schema\/logo\/image\/"},"sameAs":["https:\/\/www.facebook.com\/profile.php?id=100094762527243"]}]}},"jetpack_sharing_enabled":true,"_links":{"self":[{"href":"https:\/\/uronline.lv\/en\/wp-json\/wp\/v2\/product\/2312","targetHints":{"allow":["GET"]}}],"collection":[{"href":"https:\/\/uronline.lv\/en\/wp-json\/wp\/v2\/product"}],"about":[{"href":"https:\/\/uronline.lv\/en\/wp-json\/wp\/v2\/types\/product"}],"replies":[{"embeddable":true,"href":"https:\/\/uronline.lv\/en\/wp-json\/wp\/v2\/comments?post=2312"}],"wp:featuredmedia":[{"embeddable":true,"href":"https:\/\/uronline.lv\/en\/wp-json\/wp\/v2\/media\/2706"}],"wp:attachment":[{"href":"https:\/\/uronline.lv\/en\/wp-json\/wp\/v2\/media?parent=2312"}],"wp:term":[{"taxonomy":"product_brand","embeddable":true,"href":"https:\/\/uronline.lv\/en\/wp-json\/wp\/v2\/product_brand?post=2312"},{"taxonomy":"product_cat","embeddable":true,"href":"https:\/\/uronline.lv\/en\/wp-json\/wp\/v2\/product_cat?post=2312"},{"taxonomy":"product_tag","embeddable":true,"href":"https:\/\/uronline.lv\/en\/wp-json\/wp\/v2\/product_tag?post=2312"}],"curies":[{"name":"wp","href":"https:\/\/api.w.org\/{rel}","templated":true}]}}