{"id":1762,"date":"2026-02-02T13:52:14","date_gmt":"2026-02-02T11:52:14","guid":{"rendered":"https:\/\/uronline.lv\/?post_type=product&#038;p=1762"},"modified":"2026-03-03T13:00:50","modified_gmt":"2026-03-03T11:00:50","slug":"a-new-pardosana","status":"publish","type":"product","link":"https:\/\/uronline.lv\/en\/product\/a-new-pardosana\/","title":{"rendered":"Company sales - Assistant"},"content":{"rendered":"<h3><strong>Important information!<\/strong><\/h3>\n<p>You need to send us the information that is strictly necessary for the execution of the Selling Company - Assistant service. This can be done by filling in a simple <span style=\"color: #ff0000;\"><strong><a style=\"color: #ff0000;\" href=\"https:\/\/uronline.lv\/en\/xl-sia-change-kit\/\" target=\"_blank\" rel=\"noopener\">Sale of the company form<\/a><\/strong><\/span><span style=\"color: #ff0000;\"><strong>\u00a0<\/strong><\/span>(the form takes up to 1 minute to complete) or by other means. If you haven't already done so, one of our specialists will contact you to clarify how to provide the information. Your data is treated with the utmost care and confidentiality using special data security protocols.<\/p>\n<p>Find out about the progress of the Selling - Assistant service here - <a href=\"https:\/\/uronline.lv\/en\/how-it-works\/\">How does it work?<\/a><\/p>\n<p>State fee for registration of changes in the company - 40.00EUR. The state fee is paid <a href=\"https:\/\/www.ur.gov.lv\/lv\/\">In the Register of Companies<\/a> platform.<\/p>\n<p>As a rule, documents are processed within 3 working days, excluding the day on which they are submitted. In special cases, documents submitted may be examined within 1 working day. See <a href=\"https:\/\/uronline.lv\/en\/product\/ur\/\">Fast-track facility<\/a>.<\/p>\n<p>Submission of documents and payment of the stamp duty <a href=\"https:\/\/www.ur.gov.lv\/lv\/\">Register of companies<\/a> on the platform, which you must do yourself. However, if you want URonline specialists to take care of it, you must add <a href=\"https:\/\/uronline.lv\/en\/product\/ur-submission-of-documents\/\">EXPERT e-filing and document management service.<\/a><\/p>\n<h3>Selling your business - Content of the Assistant service.<\/h3>\n<p>Selling a business is not an easy process, you need a reliable partner to ensure a quality sales process. Our service covers everything from drafting the sale agreement and changing the legal address to changing the board of directors and shareholders. We also provide a complete set of e-documents for registration <a href=\"https:\/\/www.ur.gov.lv\/lv\/\">In the Register of Companies<\/a>, submission with expert assistance and free advice.<\/p>\n<p><strong>Checking the company<\/strong> (debts, securities, prohibitions)<\/p>\n<p><strong>Company sales<\/strong><strong>\u00a0contract<\/strong>: This is the basic document that sets out all the terms and conditions under which the sale will take place. It includes the price, payment terms, list of assets to be transferred and other relevant aspects.<\/p>\n<p><strong>Change of legal address<\/strong>A: If the sale or purchase of a company involves a change of registered office, this must be indicated both in the company documents and in the national register.<\/p>\n<p><strong>Verification of legal address.<\/strong> We provide not only a legal address check, but also peace of mind that your company is legal and compliant to build trust with both clients and partners.<\/p>\n<p><strong>Change of Management Board<\/strong>A: When there is a change of board, it is important to ensure that all relevant documents are properly prepared and filed to ensure legal continuity and the integrity of the company.<\/p>\n<p><strong>Change of participants<\/strong>A: Changing ownership requires the right paperwork and formalities.<\/p>\n<p><strong>Completed e-documents package for registration in the Register of Companies<\/strong>A: To ensure legal transparency and legality, all necessary documents must be completed and submitted to the Companies Registry.<\/p>\n<p><strong>Free consultation<\/strong>A: It is worth taking professional advice and counselling before any business sale process to understand all the risks involved and choose the right approach.<\/p>\n<p><strong>Free additional benefits:<\/strong><\/p>\n<ul>\n<li><a href=\"https:\/\/uronline.lv\/en\/product\/ur\/\">Expedited examination of registration documents within 1 working day (if applicable)<\/a><\/li>\n<li>Free corrections to documents<\/li>\n<\/ul>","protected":false},"excerpt":{"rendered":"<h3 style=\"text-align: left;\">Selling your business - quickly, safely and without unnecessary complications!<\/h3>\n<p>Selling your business and don't know where to start? This is a normal process in the business world, but preparing and submitting the documents to the Register of Companies can be time-consuming and expensive.<\/p>\n<p>Forget about complications! We offer full support in the process of selling your business, 100% online.<\/p>\n<p><strong>We'll take care of everything while you focus on business.<\/strong><\/p>\n<ul data-start=\"459\" data-end=\"657\">\n<li data-start=\"459\" data-end=\"534\">\n<p data-start=\"461\" data-end=\"534\">Save days or weeks researching, completing and submitting documents<\/p>\n<\/li>\n<li data-start=\"459\" data-end=\"534\">\n<p data-start=\"461\" data-end=\"534\">Avoid mistakes that could lead to additional costs or loss of stamp duty<\/p>\n<\/li>\n<li data-start=\"459\" data-end=\"534\">\n<p data-start=\"461\" data-end=\"534\">Make sure all documents are legally correct and comply with the most up-to-date legal requirements<\/p>\n<\/li>\n<li data-start=\"459\" data-end=\"534\">We didn't offer old model forms or incorrectly generated documents<\/li>\n<li data-start=\"459\" data-end=\"534\">\n<p data-start=\"461\" data-end=\"534\">Free document corrections, for your peace of mind<\/p>\n<\/li>\n<\/ul>\n<p><strong>This is a personalised sales kit for your company.<\/strong><\/p>","protected":false},"featured_media":2703,"comment_status":"open","ping_status":"closed","template":"","meta":{"_acf_changed":false},"product_brand":[],"product_cat":[46],"product_tag":[],"class_list":{"0":"post-1762","1":"product","2":"type-product","3":"status-publish","4":"has-post-thumbnail","6":"product_cat-uznemuma-pardosanas-pamata-komplekts","8":"first","9":"instock","10":"sale","11":"virtual","12":"taxable","13":"purchasable","14":"product-type-simple"},"acf":[],"yoast_head":"<!-- This site is optimized with the Yoast SEO Premium plugin v25.7.1 (Yoast SEO v25.7) - https:\/\/yoast.com\/wordpress\/plugins\/seo\/ -->\n<title>Uz\u0146\u0113muma p\u0101rdo\u0161ana - Asistents * UR Online Uz\u0146\u0113mumu Re\u0123istra pakalpojumi<\/title>\n<meta name=\"description\" content=\"EXPERT Uz\u0146\u0113muma p\u0101rdo\u0161ana Online bez stresa. Konsult\u0101cija, dokumentu sagatavo\u0161ana, izmai\u0146u re\u0123istr\u0101cija. M\u0113s visu izdar\u012bsim tav\u0101 viet\u0101. Uzs\u0101c tagad!\" \/>\n<meta name=\"robots\" content=\"index, follow, max-snippet:-1, max-image-preview:large, max-video-preview:-1\" \/>\n<link rel=\"canonical\" href=\"https:\/\/uronline.lv\/en\/product\/a-new-pardosana\/\" \/>\n<meta property=\"og:locale\" content=\"en_US\" \/>\n<meta property=\"og:type\" content=\"article\" \/>\n<meta property=\"og:title\" content=\"Uz\u0146\u0113muma p\u0101rdo\u0161ana - Asistents\" \/>\n<meta property=\"og:description\" content=\"EXPERT Uz\u0146\u0113muma p\u0101rdo\u0161ana Online bez stresa. Konsult\u0101cija, dokumentu sagatavo\u0161ana, izmai\u0146u re\u0123istr\u0101cija. M\u0113s visu izdar\u012bsim tav\u0101 viet\u0101. Uzs\u0101c tagad!\" \/>\n<meta property=\"og:url\" content=\"https:\/\/uronline.lv\/en\/product\/a-new-pardosana\/\" \/>\n<meta property=\"og:site_name\" content=\"UR Online Uz\u0146\u0113mumu Re\u0123istra pakalpojumi\" \/>\n<meta property=\"article:publisher\" content=\"https:\/\/www.facebook.com\/profile.php?id=100094762527243\" \/>\n<meta property=\"article:modified_time\" content=\"2026-03-03T11:00:50+00:00\" \/>\n<meta property=\"og:image\" content=\"https:\/\/uronline.lv\/wp-content\/uploads\/2025\/02\/Uznemuma-pardosana-e1739605003549.png\" \/>\n\t<meta property=\"og:image:width\" content=\"840\" \/>\n\t<meta property=\"og:image:height\" content=\"704\" \/>\n\t<meta property=\"og:image:type\" content=\"image\/png\" \/>\n<meta name=\"twitter:card\" content=\"summary_large_image\" \/>\n<meta name=\"twitter:label1\" content=\"Est. reading time\" \/>\n\t<meta name=\"twitter:data1\" content=\"3 minutes\" \/>\n<script type=\"application\/ld+json\" class=\"yoast-schema-graph\">{\"@context\":\"https:\/\/schema.org\",\"@graph\":[{\"@type\":\"WebPage\",\"@id\":\"https:\/\/uronline.lv\/products\/uznemuma-pardosana\/\",\"url\":\"https:\/\/uronline.lv\/products\/uznemuma-pardosana\/\",\"name\":\"Uz\u0146\u0113muma p\u0101rdo\u0161ana - Asistents * UR Online Uz\u0146\u0113mumu Re\u0123istra pakalpojumi\",\"isPartOf\":{\"@id\":\"https:\/\/uronline.lv\/#website\"},\"primaryImageOfPage\":{\"@id\":\"https:\/\/uronline.lv\/products\/uznemuma-pardosana\/#primaryimage\"},\"image\":{\"@id\":\"https:\/\/uronline.lv\/products\/uznemuma-pardosana\/#primaryimage\"},\"thumbnailUrl\":\"https:\/\/uronline.lv\/wp-content\/uploads\/2025\/02\/Uznemuma-pardosana-e1739605003549.png\",\"datePublished\":\"2026-02-02T11:52:14+00:00\",\"dateModified\":\"2026-03-03T11:00:50+00:00\",\"description\":\"EXPERT Uz\u0146\u0113muma p\u0101rdo\u0161ana Online bez stresa. Konsult\u0101cija, dokumentu sagatavo\u0161ana, izmai\u0146u re\u0123istr\u0101cija. M\u0113s visu izdar\u012bsim tav\u0101 viet\u0101. Uzs\u0101c tagad!\",\"breadcrumb\":{\"@id\":\"https:\/\/uronline.lv\/products\/uznemuma-pardosana\/#breadcrumb\"},\"inLanguage\":\"en-US\",\"potentialAction\":[{\"@type\":\"ReadAction\",\"target\":[\"https:\/\/uronline.lv\/products\/uznemuma-pardosana\/\"]}]},{\"@type\":\"ImageObject\",\"inLanguage\":\"en-US\",\"@id\":\"https:\/\/uronline.lv\/products\/uznemuma-pardosana\/#primaryimage\",\"url\":\"https:\/\/uronline.lv\/wp-content\/uploads\/2025\/02\/Uznemuma-pardosana-e1739605003549.png\",\"contentUrl\":\"https:\/\/uronline.lv\/wp-content\/uploads\/2025\/02\/Uznemuma-pardosana-e1739605003549.png\",\"width\":840,\"height\":704,\"caption\":\"Uz\u0146\u0113muma p\u0101rdo\u0161ana\"},{\"@type\":\"BreadcrumbList\",\"@id\":\"https:\/\/uronline.lv\/products\/uznemuma-pardosana\/#breadcrumb\",\"itemListElement\":[{\"@type\":\"ListItem\",\"position\":1,\"name\":\"Home\",\"item\":\"https:\/\/uronline.lv\/\"},{\"@type\":\"ListItem\",\"position\":2,\"name\":\"Pakalpojumi\",\"item\":\"https:\/\/uronline.lv\/shop\/\"},{\"@type\":\"ListItem\",\"position\":3,\"name\":\"Uz\u0146\u0113muma p\u0101rdo\u0161ana &#8211; Asistents\"}]},{\"@type\":\"WebSite\",\"@id\":\"https:\/\/uronline.lv\/#website\",\"url\":\"https:\/\/uronline.lv\/\",\"name\":\"UR Online Uz\u0146\u0113mumu Re\u0123istra pakalpojumi\",\"description\":\"Online Uz\u0146\u0113mumu Re\u0123istra pakalpojumi\",\"publisher\":{\"@id\":\"https:\/\/uronline.lv\/#organization\"},\"potentialAction\":[{\"@type\":\"SearchAction\",\"target\":{\"@type\":\"EntryPoint\",\"urlTemplate\":\"https:\/\/uronline.lv\/?s={search_term_string}\"},\"query-input\":{\"@type\":\"PropertyValueSpecification\",\"valueRequired\":true,\"valueName\":\"search_term_string\"}}],\"inLanguage\":\"en-US\"},{\"@type\":\"Organization\",\"@id\":\"https:\/\/uronline.lv\/#organization\",\"name\":\"Global V\",\"url\":\"https:\/\/uronline.lv\/\",\"logo\":{\"@type\":\"ImageObject\",\"inLanguage\":\"en-US\",\"@id\":\"https:\/\/uronline.lv\/#\/schema\/logo\/image\/\",\"url\":\"https:\/\/uronline.lv\/wp-content\/uploads\/2023\/07\/Untitled-design.png\",\"contentUrl\":\"https:\/\/uronline.lv\/wp-content\/uploads\/2023\/07\/Untitled-design.png\",\"width\":1200,\"height\":500,\"caption\":\"Global V\"},\"image\":{\"@id\":\"https:\/\/uronline.lv\/#\/schema\/logo\/image\/\"},\"sameAs\":[\"https:\/\/www.facebook.com\/profile.php?id=100094762527243\"]}]}<\/script>\n<!-- \/ Yoast SEO Premium plugin. -->","yoast_head_json":{"title":"Sale of a company - Assistant * UR Online Business Register Services","description":"EXPERT Stress-free Online Business Sales. Consultation, preparation of documents, registration of changes. We will do everything for you. Start now!","robots":{"index":"index","follow":"follow","max-snippet":"max-snippet:-1","max-image-preview":"max-image-preview:large","max-video-preview":"max-video-preview:-1"},"canonical":"https:\/\/uronline.lv\/en\/product\/a-new-pardosana\/","og_locale":"en_US","og_type":"article","og_title":"Uz\u0146\u0113muma p\u0101rdo\u0161ana - Asistents","og_description":"EXPERT Uz\u0146\u0113muma p\u0101rdo\u0161ana Online bez stresa. Konsult\u0101cija, dokumentu sagatavo\u0161ana, izmai\u0146u re\u0123istr\u0101cija. M\u0113s visu izdar\u012bsim tav\u0101 viet\u0101. Uzs\u0101c tagad!","og_url":"https:\/\/uronline.lv\/en\/product\/a-new-pardosana\/","og_site_name":"UR Online Uz\u0146\u0113mumu Re\u0123istra pakalpojumi","article_publisher":"https:\/\/www.facebook.com\/profile.php?id=100094762527243","article_modified_time":"2026-03-03T11:00:50+00:00","og_image":[{"width":840,"height":704,"url":"https:\/\/uronline.lv\/wp-content\/uploads\/2025\/02\/Uznemuma-pardosana-e1739605003549.png","type":"image\/png"}],"twitter_card":"summary_large_image","twitter_misc":{"Est. reading time":"3 minutes"},"schema":{"@context":"https:\/\/schema.org","@graph":[{"@type":"WebPage","@id":"https:\/\/uronline.lv\/products\/uznemuma-pardosana\/","url":"https:\/\/uronline.lv\/products\/uznemuma-pardosana\/","name":"Sale of a company - Assistant * UR Online Business Register Services","isPartOf":{"@id":"https:\/\/uronline.lv\/#website"},"primaryImageOfPage":{"@id":"https:\/\/uronline.lv\/products\/uznemuma-pardosana\/#primaryimage"},"image":{"@id":"https:\/\/uronline.lv\/products\/uznemuma-pardosana\/#primaryimage"},"thumbnailUrl":"https:\/\/uronline.lv\/wp-content\/uploads\/2025\/02\/Uznemuma-pardosana-e1739605003549.png","datePublished":"2026-02-02T11:52:14+00:00","dateModified":"2026-03-03T11:00:50+00:00","description":"EXPERT Stress-free Online Business Sales. Consultation, preparation of documents, registration of changes. We will do everything for you. Start now!","breadcrumb":{"@id":"https:\/\/uronline.lv\/products\/uznemuma-pardosana\/#breadcrumb"},"inLanguage":"en-US","potentialAction":[{"@type":"ReadAction","target":["https:\/\/uronline.lv\/products\/uznemuma-pardosana\/"]}]},{"@type":"ImageObject","inLanguage":"en-US","@id":"https:\/\/uronline.lv\/products\/uznemuma-pardosana\/#primaryimage","url":"https:\/\/uronline.lv\/wp-content\/uploads\/2025\/02\/Uznemuma-pardosana-e1739605003549.png","contentUrl":"https:\/\/uronline.lv\/wp-content\/uploads\/2025\/02\/Uznemuma-pardosana-e1739605003549.png","width":840,"height":704,"caption":"Uz\u0146\u0113muma p\u0101rdo\u0161ana"},{"@type":"BreadcrumbList","@id":"https:\/\/uronline.lv\/products\/uznemuma-pardosana\/#breadcrumb","itemListElement":[{"@type":"ListItem","position":1,"name":"Home","item":"https:\/\/uronline.lv\/"},{"@type":"ListItem","position":2,"name":"Pakalpojumi","item":"https:\/\/uronline.lv\/shop\/"},{"@type":"ListItem","position":3,"name":"Uz\u0146\u0113muma p\u0101rdo\u0161ana &#8211; Asistents"}]},{"@type":"WebSite","@id":"https:\/\/uronline.lv\/#website","url":"https:\/\/uronline.lv\/","name":"UR Online Business Register services","description":"Online Business Register services","publisher":{"@id":"https:\/\/uronline.lv\/#organization"},"potentialAction":[{"@type":"SearchAction","target":{"@type":"EntryPoint","urlTemplate":"https:\/\/uronline.lv\/?s={search_term_string}"},"query-input":{"@type":"PropertyValueSpecification","valueRequired":true,"valueName":"search_term_string"}}],"inLanguage":"en-US"},{"@type":"Organization","@id":"https:\/\/uronline.lv\/#organization","name":"Global V","url":"https:\/\/uronline.lv\/","logo":{"@type":"ImageObject","inLanguage":"en-US","@id":"https:\/\/uronline.lv\/#\/schema\/logo\/image\/","url":"https:\/\/uronline.lv\/wp-content\/uploads\/2023\/07\/Untitled-design.png","contentUrl":"https:\/\/uronline.lv\/wp-content\/uploads\/2023\/07\/Untitled-design.png","width":1200,"height":500,"caption":"Global V"},"image":{"@id":"https:\/\/uronline.lv\/#\/schema\/logo\/image\/"},"sameAs":["https:\/\/www.facebook.com\/profile.php?id=100094762527243"]}]}},"jetpack_sharing_enabled":true,"_links":{"self":[{"href":"https:\/\/uronline.lv\/en\/wp-json\/wp\/v2\/product\/1762","targetHints":{"allow":["GET"]}}],"collection":[{"href":"https:\/\/uronline.lv\/en\/wp-json\/wp\/v2\/product"}],"about":[{"href":"https:\/\/uronline.lv\/en\/wp-json\/wp\/v2\/types\/product"}],"replies":[{"embeddable":true,"href":"https:\/\/uronline.lv\/en\/wp-json\/wp\/v2\/comments?post=1762"}],"wp:featuredmedia":[{"embeddable":true,"href":"https:\/\/uronline.lv\/en\/wp-json\/wp\/v2\/media\/2703"}],"wp:attachment":[{"href":"https:\/\/uronline.lv\/en\/wp-json\/wp\/v2\/media?parent=1762"}],"wp:term":[{"taxonomy":"product_brand","embeddable":true,"href":"https:\/\/uronline.lv\/en\/wp-json\/wp\/v2\/product_brand?post=1762"},{"taxonomy":"product_cat","embeddable":true,"href":"https:\/\/uronline.lv\/en\/wp-json\/wp\/v2\/product_cat?post=1762"},{"taxonomy":"product_tag","embeddable":true,"href":"https:\/\/uronline.lv\/en\/wp-json\/wp\/v2\/product_tag?post=1762"}],"curies":[{"name":"wp","href":"https:\/\/api.w.org\/{rel}","templated":true}]}}