{"id":1532,"date":"2026-02-12T12:04:36","date_gmt":"2026-02-12T10:04:36","guid":{"rendered":"https:\/\/uronline.lv\/?post_type=product&#038;p=1532"},"modified":"2026-03-03T13:02:38","modified_gmt":"2026-03-03T11:02:38","slug":"document-amendment","status":"publish","type":"product","link":"https:\/\/uronline.lv\/en\/product\/document-amendment\/","title":{"rendered":"Correcting documents"},"content":{"rendered":"<p class=\"ng-star-inserted\"><span class=\"ng-star-inserted\">\ud83d\ude1f\u00a0<\/span><strong class=\"ng-star-inserted\"><span class=\"ng-star-inserted\"><a href=\"https:\/\/www.ur.gov.lv\/lv\/\">Register of companies<\/a> postponed the decision? Don't let paperwork errors delay your business!<\/span><\/strong><span class=\"ng-star-inserted\">\u00a0\ud83d\ude80<\/span><\/p>\n<p class=\"ng-star-inserted\"><span class=\"ng-star-inserted\">Have you received a notice from the Register of Companies (UR) suspending your registration due to deficiencies? Maybe you need to prepare or correct a member's resolution, the minutes of a meeting, the articles of association, the current division of the register of members or one of the application forms (KR forms)?<\/span><\/p>\n<p class=\"ng-star-inserted\"><span class=\"ng-star-inserted\">We understand that it can be overwhelming, time-consuming and even scary. But don't worry, you're not alone!<\/span><\/p>\n<p class=\"ng-star-inserted\"><strong class=\"ng-star-inserted\"><span class=\"ng-star-inserted\">We are here to turn your \"decision on hold\" into a \"decision successfully registered\"!<\/span><\/strong><span class=\"ng-star-inserted\">\u00a0\u2705<\/span><\/p>\n<p class=\"ng-star-inserted\"><span class=\"ng-star-inserted\">Our team of professionals specialises in the preparation and correction of documents for the Register of Companies. We are familiar with all the requirements of the Registry Office, the most common mistakes and the \"underwater stones\" that can delay the registration of your company or changes to it.<\/span><\/p>\n<p class=\"ng-star-inserted\"><strong class=\"ng-star-inserted\"><span class=\"ng-star-inserted\">Don't let document errors get in the way of your business goals!<\/span><\/strong><\/p>\n<p>The submission of documents and payment of the state fee takes place on the Enterprise Register platform, which you have to do yourself. However, if you would like URonline specialists to take care of this for you, you must attach <a href=\"https:\/\/uronline.lv\/en\/product\/ur-submission-of-documents\/\">EXPERT e-filing and document management service<\/a>.<\/p>\n<p><em>Before or after payment for the service, you should send the completed documents to [info@uronline.lv]<\/em><\/p>","protected":false},"excerpt":{"rendered":"<p class=\"ng-star-inserted\"><span class=\"ng-star-inserted\">\ud83d\ude1f\u00a0<\/span><strong class=\"ng-star-inserted\"><span class=\"ng-star-inserted\"><a href=\"https:\/\/www.ur.gov.lv\/lv\/\" target=\"_blank\" rel=\"noopener\">Register of companies<\/a> postponed the decision? Don't let paperwork errors delay your business!<\/span><\/strong><span class=\"ng-star-inserted\">\u00a0\ud83d\ude80<\/span><\/p>\n<p class=\"ng-star-inserted\"><span class=\"ng-star-inserted\">Have you received a notice from the Register of Companies (UR) suspending your registration due to deficiencies? Maybe you need to prepare or correct a member's resolution, the minutes of a meeting, the articles of association, the current division of the register of members or one of the application forms (KR forms)?<\/span><\/p>\n<p class=\"ng-star-inserted\"><span class=\"ng-star-inserted\">We understand that it can be overwhelming, time-consuming and even scary. But don't worry, you're not alone!<\/span><\/p>\n<p class=\"ng-star-inserted\"><strong class=\"ng-star-inserted\"><span class=\"ng-star-inserted\">We are here to turn your \"decision on hold\" into a \"decision successfully registered\"!<\/span><\/strong><span class=\"ng-star-inserted\">\u00a0\u2705<\/span><\/p>\n<p class=\"ng-star-inserted\"><span class=\"ng-star-inserted\">Our team of professionals specialises in the preparation and correction of documents for the Register of Companies. We are familiar with all the requirements of the Registry Office, the most common mistakes and the \"underwater stones\" that can delay the registration of your company or changes to it.<\/span><\/p>\n<p class=\"ng-star-inserted\"><strong class=\"ng-star-inserted\"><span class=\"ng-star-inserted\">Don't let document errors get in the way of your business goals!<\/span><\/strong><\/p>","protected":false},"featured_media":2704,"comment_status":"open","ping_status":"closed","template":"","meta":{"_acf_changed":false},"product_brand":[],"product_cat":[42],"product_tag":[],"class_list":{"0":"post-1532","1":"product","2":"type-product","3":"status-publish","4":"has-post-thumbnail","6":"product_cat-dokumentu-pirmsparbaude","8":"first","9":"instock","10":"virtual","11":"taxable","12":"purchasable","13":"product-type-simple"},"acf":[],"yoast_head":"<!-- This site is optimized with the Yoast SEO Premium plugin v25.7.1 (Yoast SEO v25.7) - https:\/\/yoast.com\/wordpress\/plugins\/seo\/ -->\n<title>Dokumentu labo\u0161ana * UR Online Uz\u0146\u0113mumu Re\u0123istra pakalpojumi<\/title>\n<meta name=\"description\" content=\"Vai esat sa\u0146\u0113mis no Uz\u0146\u0113mumu Re\u0123istra (UR) zi\u0146u par re\u0123istr\u0101cijas atlik\u0161anu konstat\u0113to tr\u016bkumu d\u0113\u013c? M\u016bsu eksperti veiks dokumentu labo\u0161anu.\" \/>\n<meta name=\"robots\" content=\"index, follow, max-snippet:-1, max-image-preview:large, max-video-preview:-1\" \/>\n<link rel=\"canonical\" href=\"https:\/\/uronline.lv\/en\/product\/document-amendment\/\" \/>\n<meta property=\"og:locale\" content=\"en_US\" \/>\n<meta property=\"og:type\" content=\"article\" \/>\n<meta property=\"og:title\" content=\"Dokumentu labo\u0161ana\" \/>\n<meta property=\"og:description\" content=\"Vai esat sa\u0146\u0113mis no Uz\u0146\u0113mumu Re\u0123istra (UR) zi\u0146u par re\u0123istr\u0101cijas atlik\u0161anu konstat\u0113to tr\u016bkumu d\u0113\u013c? M\u016bsu eksperti veiks dokumentu labo\u0161anu.\" \/>\n<meta property=\"og:url\" content=\"https:\/\/uronline.lv\/en\/product\/document-amendment\/\" \/>\n<meta property=\"og:site_name\" content=\"UR Online Uz\u0146\u0113mumu Re\u0123istra pakalpojumi\" \/>\n<meta property=\"article:publisher\" content=\"https:\/\/www.facebook.com\/profile.php?id=100094762527243\" \/>\n<meta property=\"article:modified_time\" content=\"2026-03-03T11:02:38+00:00\" \/>\n<meta property=\"og:image\" content=\"https:\/\/uronline.lv\/wp-content\/uploads\/2025\/02\/Dokumentu-pirmsparbaude.png\" \/>\n\t<meta property=\"og:image:width\" content=\"940\" \/>\n\t<meta property=\"og:image:height\" content=\"788\" \/>\n\t<meta property=\"og:image:type\" content=\"image\/png\" \/>\n<meta name=\"twitter:card\" content=\"summary_large_image\" \/>\n<meta name=\"twitter:label1\" content=\"Est. reading time\" \/>\n\t<meta name=\"twitter:data1\" content=\"2 minutes\" \/>\n<script type=\"application\/ld+json\" class=\"yoast-schema-graph\">{\"@context\":\"https:\/\/schema.org\",\"@graph\":[{\"@type\":\"WebPage\",\"@id\":\"https:\/\/uronline.lv\/products\/dokumentu-labosana\/\",\"url\":\"https:\/\/uronline.lv\/products\/dokumentu-labosana\/\",\"name\":\"Dokumentu labo\u0161ana * UR Online Uz\u0146\u0113mumu Re\u0123istra pakalpojumi\",\"isPartOf\":{\"@id\":\"https:\/\/uronline.lv\/#website\"},\"primaryImageOfPage\":{\"@id\":\"https:\/\/uronline.lv\/products\/dokumentu-labosana\/#primaryimage\"},\"image\":{\"@id\":\"https:\/\/uronline.lv\/products\/dokumentu-labosana\/#primaryimage\"},\"thumbnailUrl\":\"https:\/\/uronline.lv\/wp-content\/uploads\/2025\/02\/Dokumentu-pirmsparbaude.png\",\"datePublished\":\"2026-02-12T10:04:36+00:00\",\"dateModified\":\"2026-03-03T11:02:38+00:00\",\"description\":\"Vai esat sa\u0146\u0113mis no Uz\u0146\u0113mumu Re\u0123istra (UR) zi\u0146u par re\u0123istr\u0101cijas atlik\u0161anu konstat\u0113to tr\u016bkumu d\u0113\u013c? M\u016bsu eksperti veiks dokumentu labo\u0161anu.\",\"breadcrumb\":{\"@id\":\"https:\/\/uronline.lv\/products\/dokumentu-labosana\/#breadcrumb\"},\"inLanguage\":\"en-US\",\"potentialAction\":[{\"@type\":\"ReadAction\",\"target\":[\"https:\/\/uronline.lv\/products\/dokumentu-labosana\/\"]}]},{\"@type\":\"ImageObject\",\"inLanguage\":\"en-US\",\"@id\":\"https:\/\/uronline.lv\/products\/dokumentu-labosana\/#primaryimage\",\"url\":\"https:\/\/uronline.lv\/wp-content\/uploads\/2025\/02\/Dokumentu-pirmsparbaude.png\",\"contentUrl\":\"https:\/\/uronline.lv\/wp-content\/uploads\/2025\/02\/Dokumentu-pirmsparbaude.png\",\"width\":940,\"height\":788},{\"@type\":\"BreadcrumbList\",\"@id\":\"https:\/\/uronline.lv\/products\/dokumentu-labosana\/#breadcrumb\",\"itemListElement\":[{\"@type\":\"ListItem\",\"position\":1,\"name\":\"Home\",\"item\":\"https:\/\/uronline.lv\/\"},{\"@type\":\"ListItem\",\"position\":2,\"name\":\"Pakalpojumi\",\"item\":\"https:\/\/uronline.lv\/shop\/\"},{\"@type\":\"ListItem\",\"position\":3,\"name\":\"Dokumentu labo\u0161ana\"}]},{\"@type\":\"WebSite\",\"@id\":\"https:\/\/uronline.lv\/#website\",\"url\":\"https:\/\/uronline.lv\/\",\"name\":\"UR Online Uz\u0146\u0113mumu Re\u0123istra pakalpojumi\",\"description\":\"Online Uz\u0146\u0113mumu Re\u0123istra pakalpojumi\",\"publisher\":{\"@id\":\"https:\/\/uronline.lv\/#organization\"},\"potentialAction\":[{\"@type\":\"SearchAction\",\"target\":{\"@type\":\"EntryPoint\",\"urlTemplate\":\"https:\/\/uronline.lv\/?s={search_term_string}\"},\"query-input\":{\"@type\":\"PropertyValueSpecification\",\"valueRequired\":true,\"valueName\":\"search_term_string\"}}],\"inLanguage\":\"en-US\"},{\"@type\":\"Organization\",\"@id\":\"https:\/\/uronline.lv\/#organization\",\"name\":\"Global V\",\"url\":\"https:\/\/uronline.lv\/\",\"logo\":{\"@type\":\"ImageObject\",\"inLanguage\":\"en-US\",\"@id\":\"https:\/\/uronline.lv\/#\/schema\/logo\/image\/\",\"url\":\"https:\/\/uronline.lv\/wp-content\/uploads\/2023\/07\/Untitled-design.png\",\"contentUrl\":\"https:\/\/uronline.lv\/wp-content\/uploads\/2023\/07\/Untitled-design.png\",\"width\":1200,\"height\":500,\"caption\":\"Global V\"},\"image\":{\"@id\":\"https:\/\/uronline.lv\/#\/schema\/logo\/image\/\"},\"sameAs\":[\"https:\/\/www.facebook.com\/profile.php?id=100094762527243\"]}]}<\/script>\n<!-- \/ Yoast SEO Premium plugin. -->","yoast_head_json":{"title":"Correction of documents * UR Online Business Register services","description":"Have you received a notice from the Register of Companies (UR) suspending your registration due to deficiencies? Our experts will correct the documents.","robots":{"index":"index","follow":"follow","max-snippet":"max-snippet:-1","max-image-preview":"max-image-preview:large","max-video-preview":"max-video-preview:-1"},"canonical":"https:\/\/uronline.lv\/en\/product\/document-amendment\/","og_locale":"en_US","og_type":"article","og_title":"Dokumentu labo\u0161ana","og_description":"Vai esat sa\u0146\u0113mis no Uz\u0146\u0113mumu Re\u0123istra (UR) zi\u0146u par re\u0123istr\u0101cijas atlik\u0161anu konstat\u0113to tr\u016bkumu d\u0113\u013c? M\u016bsu eksperti veiks dokumentu labo\u0161anu.","og_url":"https:\/\/uronline.lv\/en\/product\/document-amendment\/","og_site_name":"UR Online Uz\u0146\u0113mumu Re\u0123istra pakalpojumi","article_publisher":"https:\/\/www.facebook.com\/profile.php?id=100094762527243","article_modified_time":"2026-03-03T11:02:38+00:00","og_image":[{"width":940,"height":788,"url":"https:\/\/uronline.lv\/wp-content\/uploads\/2025\/02\/Dokumentu-pirmsparbaude.png","type":"image\/png"}],"twitter_card":"summary_large_image","twitter_misc":{"Est. reading time":"2 minutes"},"schema":{"@context":"https:\/\/schema.org","@graph":[{"@type":"WebPage","@id":"https:\/\/uronline.lv\/products\/dokumentu-labosana\/","url":"https:\/\/uronline.lv\/products\/dokumentu-labosana\/","name":"Correction of documents * UR Online Business Register services","isPartOf":{"@id":"https:\/\/uronline.lv\/#website"},"primaryImageOfPage":{"@id":"https:\/\/uronline.lv\/products\/dokumentu-labosana\/#primaryimage"},"image":{"@id":"https:\/\/uronline.lv\/products\/dokumentu-labosana\/#primaryimage"},"thumbnailUrl":"https:\/\/uronline.lv\/wp-content\/uploads\/2025\/02\/Dokumentu-pirmsparbaude.png","datePublished":"2026-02-12T10:04:36+00:00","dateModified":"2026-03-03T11:02:38+00:00","description":"Have you received a notice from the Register of Companies (UR) suspending your registration due to deficiencies? Our experts will correct the documents.","breadcrumb":{"@id":"https:\/\/uronline.lv\/products\/dokumentu-labosana\/#breadcrumb"},"inLanguage":"en-US","potentialAction":[{"@type":"ReadAction","target":["https:\/\/uronline.lv\/products\/dokumentu-labosana\/"]}]},{"@type":"ImageObject","inLanguage":"en-US","@id":"https:\/\/uronline.lv\/products\/dokumentu-labosana\/#primaryimage","url":"https:\/\/uronline.lv\/wp-content\/uploads\/2025\/02\/Dokumentu-pirmsparbaude.png","contentUrl":"https:\/\/uronline.lv\/wp-content\/uploads\/2025\/02\/Dokumentu-pirmsparbaude.png","width":940,"height":788},{"@type":"BreadcrumbList","@id":"https:\/\/uronline.lv\/products\/dokumentu-labosana\/#breadcrumb","itemListElement":[{"@type":"ListItem","position":1,"name":"Home","item":"https:\/\/uronline.lv\/"},{"@type":"ListItem","position":2,"name":"Pakalpojumi","item":"https:\/\/uronline.lv\/shop\/"},{"@type":"ListItem","position":3,"name":"Dokumentu labo\u0161ana"}]},{"@type":"WebSite","@id":"https:\/\/uronline.lv\/#website","url":"https:\/\/uronline.lv\/","name":"UR Online Business Register services","description":"Online Business Register services","publisher":{"@id":"https:\/\/uronline.lv\/#organization"},"potentialAction":[{"@type":"SearchAction","target":{"@type":"EntryPoint","urlTemplate":"https:\/\/uronline.lv\/?s={search_term_string}"},"query-input":{"@type":"PropertyValueSpecification","valueRequired":true,"valueName":"search_term_string"}}],"inLanguage":"en-US"},{"@type":"Organization","@id":"https:\/\/uronline.lv\/#organization","name":"Global V","url":"https:\/\/uronline.lv\/","logo":{"@type":"ImageObject","inLanguage":"en-US","@id":"https:\/\/uronline.lv\/#\/schema\/logo\/image\/","url":"https:\/\/uronline.lv\/wp-content\/uploads\/2023\/07\/Untitled-design.png","contentUrl":"https:\/\/uronline.lv\/wp-content\/uploads\/2023\/07\/Untitled-design.png","width":1200,"height":500,"caption":"Global V"},"image":{"@id":"https:\/\/uronline.lv\/#\/schema\/logo\/image\/"},"sameAs":["https:\/\/www.facebook.com\/profile.php?id=100094762527243"]}]}},"jetpack_sharing_enabled":true,"_links":{"self":[{"href":"https:\/\/uronline.lv\/en\/wp-json\/wp\/v2\/product\/1532","targetHints":{"allow":["GET"]}}],"collection":[{"href":"https:\/\/uronline.lv\/en\/wp-json\/wp\/v2\/product"}],"about":[{"href":"https:\/\/uronline.lv\/en\/wp-json\/wp\/v2\/types\/product"}],"replies":[{"embeddable":true,"href":"https:\/\/uronline.lv\/en\/wp-json\/wp\/v2\/comments?post=1532"}],"wp:featuredmedia":[{"embeddable":true,"href":"https:\/\/uronline.lv\/en\/wp-json\/wp\/v2\/media\/2704"}],"wp:attachment":[{"href":"https:\/\/uronline.lv\/en\/wp-json\/wp\/v2\/media?parent=1532"}],"wp:term":[{"taxonomy":"product_brand","embeddable":true,"href":"https:\/\/uronline.lv\/en\/wp-json\/wp\/v2\/product_brand?post=1532"},{"taxonomy":"product_cat","embeddable":true,"href":"https:\/\/uronline.lv\/en\/wp-json\/wp\/v2\/product_cat?post=1532"},{"taxonomy":"product_tag","embeddable":true,"href":"https:\/\/uronline.lv\/en\/wp-json\/wp\/v2\/product_tag?post=1532"}],"curies":[{"name":"wp","href":"https:\/\/api.w.org\/{rel}","templated":true}]}}