{"id":916,"date":"2023-08-03T09:58:43","date_gmt":"2023-08-03T06:58:43","guid":{"rendered":"https:\/\/uronline.lv\/?page_id=916"},"modified":"2025-06-10T13:49:41","modified_gmt":"2025-06-10T10:49:41","slug":"increase-in-the-share-capital-of-sia","status":"publish","type":"page","link":"https:\/\/uronline.lv\/en\/increase-in-the-share-capital-of-sia\/","title":{"rendered":"Form of increase in the share capital of a limited liability company"},"content":{"rendered":"<div data-elementor-type=\"wp-page\" data-elementor-id=\"916\" class=\"elementor elementor-916\" data-elementor-post-type=\"page\">\n\t\t\t\t<div data-particle_enable=\"false\" data-particle-mobile-disabled=\"false\" class=\"elementor-element elementor-element-43ea69b1 e-flex e-con-boxed e-con e-parent\" data-id=\"43ea69b1\" data-element_type=\"container\" data-e-type=\"container\">\n\t\t\t\t\t<div class=\"e-con-inner\">\n\t\t\t\t<div class=\"elementor-element elementor-element-4fc320f6 elementor-widget elementor-widget-spacer\" data-id=\"4fc320f6\" data-element_type=\"widget\" data-e-type=\"widget\" data-widget_type=\"spacer.default\">\n\t\t\t\t<div class=\"elementor-widget-container\">\n\t\t\t\t\t\t\t<div class=\"elementor-spacer\">\n\t\t\t<div class=\"elementor-spacer-inner\"><\/div>\n\t\t<\/div>\n\t\t\t\t\t\t<\/div>\n\t\t\t\t<\/div>\n\t\t\t\t\t<\/div>\n\t\t\t\t<\/div>\n\t\t<div data-particle_enable=\"false\" data-particle-mobile-disabled=\"false\" class=\"elementor-element elementor-element-5e5ebbb9 e-flex e-con-boxed e-con e-parent\" data-id=\"5e5ebbb9\" data-element_type=\"container\" data-e-type=\"container\">\n\t\t\t\t\t<div class=\"e-con-inner\">\n\t\t\t\t<div class=\"elementor-element elementor-element-afb8248 elementor-widget elementor-widget-heading\" data-id=\"afb8248\" data-element_type=\"widget\" data-e-type=\"widget\" data-widget_type=\"heading.default\">\n\t\t\t\t<div class=\"elementor-widget-container\">\n\t\t\t\t\t<h2 class=\"elementor-heading-title elementor-size-default\">Form of increase in the share capital of a limited liability company<\/h2>\t\t\t\t<\/div>\n\t\t\t\t<\/div>\n\t\t\t\t\t<\/div>\n\t\t\t\t<\/div>\n\t\t<div data-particle_enable=\"false\" data-particle-mobile-disabled=\"false\" class=\"elementor-element elementor-element-21250b35 e-flex e-con-boxed e-con e-parent\" data-id=\"21250b35\" data-element_type=\"container\" data-e-type=\"container\">\n\t\t\t\t\t<div class=\"e-con-inner\">\n\t\t\t\t<div class=\"elementor-element elementor-element-de89fcc elementor-widget elementor-widget-text-editor\" data-id=\"de89fcc\" data-element_type=\"widget\" data-e-type=\"widget\" data-widget_type=\"text-editor.default\">\n\t\t\t\t<div class=\"elementor-widget-container\">\n\t\t\t\t\t\t\t\t\t<p><strong>At uronline.lv we understand the importance of trust and transparency in any business relationship. We want to assure you that your data is treated with the utmost care and confidentiality. Protecting your personal information is our top priority and we adhere to strict data protection measures.<\/strong><\/p>\t\t\t\t\t\t\t\t<\/div>\n\t\t\t\t<\/div>\n\t\t\t\t\t<\/div>\n\t\t\t\t<\/div>\n\t\t<div data-particle_enable=\"false\" data-particle-mobile-disabled=\"false\" class=\"elementor-element elementor-element-6c1ff08b e-flex e-con-boxed e-con e-parent\" data-id=\"6c1ff08b\" data-element_type=\"container\" data-e-type=\"container\">\n\t\t\t\t\t<div class=\"e-con-inner\">\n\t\t\t\t<div class=\"elementor-element elementor-element-368e42d9 elementor-widget elementor-widget-text-editor\" data-id=\"368e42d9\" data-element_type=\"widget\" data-e-type=\"widget\" data-widget_type=\"text-editor.default\">\n\t\t\t\t<div class=\"elementor-widget-container\">\n\t\t\t\t\t\t\t\t\t<p><strong>Please fill in the form before or after payment!<\/strong><\/p>\t\t\t\t\t\t\t\t<\/div>\n\t\t\t\t<\/div>\n\t\t\t\t<div class=\"elementor-element elementor-element-2037c49f elementor-widget elementor-widget-text-editor\" data-id=\"2037c49f\" data-element_type=\"widget\" data-e-type=\"widget\" data-widget_type=\"text-editor.default\">\n\t\t\t\t<div class=\"elementor-widget-container\">\n\t\t\t\t\t\t\t\t\t<p><b>The form takes up to 1 minute to complete.<\/b><\/p>\t\t\t\t\t\t\t\t<\/div>\n\t\t\t\t<\/div>\n\t\t\t\t\t<\/div>\n\t\t\t\t<\/div>\n\t\t<div data-particle_enable=\"false\" data-particle-mobile-disabled=\"false\" class=\"elementor-element elementor-element-19800c8d e-flex e-con-boxed e-con e-parent\" data-id=\"19800c8d\" data-element_type=\"container\" data-e-type=\"container\">\n\t\t\t\t\t<div class=\"e-con-inner\">\n\t\t\t\t<div class=\"elementor-element elementor-element-1ddf5b21 elementor-button-align-stretch elementor-widget elementor-widget-form\" data-id=\"1ddf5b21\" data-element_type=\"widget\" data-e-type=\"widget\" data-settings=\"{&quot;step_next_label&quot;:&quot;Tal\\u0101k&quot;,&quot;step_previous_label&quot;:&quot;Atpaka\\u013c&quot;,&quot;step_type&quot;:&quot;number&quot;,&quot;button_width&quot;:&quot;100&quot;,&quot;step_icon_shape&quot;:&quot;circle&quot;}\" data-widget_type=\"form.default\">\n\t\t\t\t<div class=\"elementor-widget-container\">\n\t\t\t\t\t\t\t<form class=\"elementor-form\" method=\"post\" name=\"New Form\" aria-label=\"New Form\" action=\"\">\n\t\t\t<input type=\"hidden\" name=\"post_id\" value=\"916\"\/>\n\t\t\t<input type=\"hidden\" name=\"form_id\" value=\"1ddf5b21\"\/>\n\t\t\t<input type=\"hidden\" name=\"referer_title\" value=\"UR Online Uz\u0146\u0113mumu Re\u0123istra pakalpojumi\" \/>\n\n\t\t\t\n\t\t\t<div class=\"elementor-form-fields-wrapper elementor-labels-above\">\n\t\t\t\t\t\t\t\t<div class=\"elementor-field-type-step elementor-field-group elementor-column elementor-field-group-field_270da63 elementor-col-100\">\n\t\t\t\t\t\t\t<div class=\"e-field-step elementor-hidden\" data-label=\"\" data-previousbutton=\"\" data-nextbutton=\"\" data-iconurl=\"\" data-iconlibrary=\"fas fa-star\" data-icon=\"\" ><\/div>\n\n\t\t\t\t\t\t<\/div>\n\t\t\t\t\t\t\t\t<div class=\"elementor-field-type-email elementor-field-group elementor-column elementor-field-group-field_d75df8c elementor-col-50 elementor-field-required elementor-mark-required\">\n\t\t\t\t\t\t\t\t\t\t\t\t<label for=\"form-field-field_d75df8c\" class=\"elementor-field-label\">\n\t\t\t\t\t\t\t\tYour e-mail\t\t\t\t\t\t\t<\/label>\n\t\t\t\t\t\t\t\t\t\t\t\t\t\t<input size=\"1\" type=\"email\" name=\"form_fields[field_d75df8c]\" id=\"form-field-field_d75df8c\" class=\"elementor-field elementor-size-sm  elementor-field-textual\" placeholder=\"E-mail\" required=\"required\">\n\t\t\t\t\t\t\t\t\t\t\t<\/div>\n\t\t\t\t\t\t\t\t<div class=\"elementor-field-type-step elementor-field-group elementor-column elementor-field-group-field_eea94e6 elementor-col-100\">\n\t\t\t\t\t\t\t<div class=\"e-field-step elementor-hidden\" data-label=\"&gt;&gt;&gt; Juridisk\u0101 adreses\" data-previousbutton=\"\" data-nextbutton=\"\" data-iconurl=\"\" data-iconlibrary=\"fas fa-arrow-right\" data-icon=\"\" ><\/div>\n\n\t\t\t\t\t\t<\/div>\n\t\t\t\t\t\t\t\t<div class=\"elementor-field-type-text elementor-field-group elementor-column elementor-field-group-name elementor-col-50 elementor-field-required elementor-mark-required\">\n\t\t\t\t\t\t\t\t\t\t\t\t<label for=\"form-field-name\" class=\"elementor-field-label\">\n\t\t\t\t\t\t\t\tName or registration number of the SIA\t\t\t\t\t\t\t<\/label>\n\t\t\t\t\t\t\t\t\t\t\t\t\t\t<input size=\"1\" type=\"text\" name=\"form_fields[name]\" id=\"form-field-name\" class=\"elementor-field elementor-size-sm  elementor-field-textual\" placeholder=\"Name or registration number of the SIA\" required=\"required\">\n\t\t\t\t\t\t\t\t\t\t\t<\/div>\n\t\t\t\t\t\t\t\t<div class=\"elementor-field-type-step elementor-field-group elementor-column elementor-field-group-field_e386011 elementor-col-100\">\n\t\t\t\t\t\t\t<div class=\"e-field-step elementor-hidden\" data-label=\"\" data-previousbutton=\"\" data-nextbutton=\"\" data-iconurl=\"\" data-iconlibrary=\"fas fa-star\" data-icon=\"\" ><\/div>\n\n\t\t\t\t\t\t<\/div>\n\t\t\t\t\t\t\t\t<div class=\"elementor-field-type-radio elementor-field-group elementor-column elementor-field-group-field_7847672 elementor-col-100 elementor-field-required elementor-mark-required\">\n\t\t\t\t\t\t\t\t\t\t\t\t<label for=\"form-field-field_7847672\" class=\"elementor-field-label\">\n\t\t\t\t\t\t\t\tType of share capital increase\t\t\t\t\t\t\t<\/label>\n\t\t\t\t\t\t<div class=\"elementor-field-subgroup\"><span class=\"elementor-field-option\"><input type=\"radio\" value=\"Skaidra naud\u0101\" id=\"form-field-field_7847672-0\" name=\"form_fields[field_7847672]\" required=\"required\"> <label for=\"form-field-field_7847672-0\">Cash<\/label><\/span><span class=\"elementor-field-option\"><input type=\"radio\" value=\"Ieguld\u012bjums bankas kont\u0101\" id=\"form-field-field_7847672-1\" name=\"form_fields[field_7847672]\" required=\"required\"> <label for=\"form-field-field_7847672-1\">Investment in a bank account<\/label><\/span><span class=\"elementor-field-option\"><input type=\"radio\" value=\"Mantiskais ieguld\u012bjums\" id=\"form-field-field_7847672-2\" name=\"form_fields[field_7847672]\" required=\"required\"> <label for=\"form-field-field_7847672-2\">Material contribution<\/label><\/span><span class=\"elementor-field-option\"><input type=\"radio\" value=\"No uzkr\u0101t\u0101m rezerv\u0113m\" id=\"form-field-field_7847672-3\" name=\"form_fields[field_7847672]\" required=\"required\"> <label for=\"form-field-field_7847672-3\">From accumulated reserves<\/label><\/span><\/div>\t\t\t\t<\/div>\n\t\t\t\t\t\t\t\t<div class=\"elementor-field-type-step elementor-field-group elementor-column elementor-field-group-field_6b8dba7 elementor-col-100\">\n\t\t\t\t\t\t\t<div class=\"e-field-step elementor-hidden\" data-label=\"\" data-previousbutton=\"\" data-nextbutton=\"\" data-iconurl=\"\" data-iconlibrary=\"fas fa-star\" data-icon=\"\" ><\/div>\n\n\t\t\t\t\t\t<\/div>\n\t\t\t\t\t\t\t\t<div class=\"elementor-field-type-number elementor-field-group elementor-column elementor-field-group-field_2eeb025 elementor-col-30 elementor-field-required elementor-mark-required\">\n\t\t\t\t\t\t\t\t\t\t\t\t<label for=\"form-field-field_2eeb025\" class=\"elementor-field-label\">\n\t\t\t\t\t\t\t\tNew Share Capital (EUR)\t\t\t\t\t\t\t<\/label>\n\t\t\t\t\t\t\t\t\t<input type=\"number\" name=\"form_fields[field_2eeb025]\" id=\"form-field-field_2eeb025\" class=\"elementor-field elementor-size-sm  elementor-field-textual\" placeholder=\"EUR\" required=\"required\" min=\"\" max=\"\" >\n\t\t\t\t\t\t<\/div>\n\t\t\t\t\t\t\t\t<div class=\"elementor-field-type-step elementor-field-group elementor-column elementor-field-group-field_fd8a4f0 elementor-col-100\">\n\t\t\t\t\t\t\t<div class=\"e-field-step elementor-hidden\" data-label=\"\" data-previousbutton=\"\" data-nextbutton=\"\" data-iconurl=\"\" data-iconlibrary=\"fas fa-star\" data-icon=\"\" ><\/div>\n\n\t\t\t\t\t\t<\/div>\n\t\t\t\t\t\t\t\t<div class=\"elementor-field-type-radio elementor-field-group elementor-column elementor-field-group-field_32b37e3 elementor-col-30 elementor-field-required elementor-mark-required\">\n\t\t\t\t\t\t\t\t\t\t\t\t<label for=\"form-field-field_32b37e3\" class=\"elementor-field-label\">\n\t\t\t\t\t\t\t\tShould the statutes include the possibility of extraordinary dividend payments?\t\t\t\t\t\t\t<\/label>\n\t\t\t\t\t\t<div class=\"elementor-field-subgroup\"><span class=\"elementor-field-option\"><input type=\"radio\" value=\"Iek\u013caut\" id=\"form-field-field_32b37e3-0\" name=\"form_fields[field_32b37e3]\" required=\"required\"> <label for=\"form-field-field_32b37e3-0\">Include<\/label><\/span><span class=\"elementor-field-option\"><input type=\"radio\" value=\"Neiek\u013caut\" id=\"form-field-field_32b37e3-1\" name=\"form_fields[field_32b37e3]\" required=\"required\"> <label for=\"form-field-field_32b37e3-1\">Exclude<\/label><\/span><\/div>\t\t\t\t<\/div>\n\t\t\t\t\t\t\t\t<div class=\"elementor-field-type-step elementor-field-group elementor-column elementor-field-group-field_e6b6457 elementor-col-100\">\n\t\t\t\t\t\t\t<div class=\"e-field-step elementor-hidden\" data-label=\"\" data-previousbutton=\"\" data-nextbutton=\"\" data-iconurl=\"\" data-iconlibrary=\"fas fa-star\" data-icon=\"\" ><\/div>\n\n\t\t\t\t\t\t<\/div>\n\t\t\t\t\t\t\t\t<div class=\"elementor-field-type-textarea elementor-field-group elementor-column elementor-field-group-field_b84157e elementor-col-100\">\n\t\t\t\t\t\t\t\t\t\t\t\t<label for=\"form-field-field_b84157e\" class=\"elementor-field-label\">\n\t\t\t\t\t\t\t\tAdditional information or comments\t\t\t\t\t\t\t<\/label>\n\t\t\t\t\t\t<textarea class=\"elementor-field-textual elementor-field  elementor-size-sm\" name=\"form_fields[field_b84157e]\" id=\"form-field-field_b84157e\" rows=\"4\"><\/textarea>\t\t\t\t<\/div>\n\t\t\t\t\t\t\t\t<div class=\"elementor-field-group elementor-column elementor-field-type-submit elementor-col-100 e-form__buttons\">\n\t\t\t\t\t<button class=\"elementor-button elementor-size-sm\" type=\"submit\">\n\t\t\t\t\t\t<span class=\"elementor-button-content-wrapper\">\n\t\t\t\t\t\t\t\t\t\t\t\t\t\t\t\t\t\t\t\t\t\t<span class=\"elementor-button-text\">Submit to<\/span>\n\t\t\t\t\t\t\t\t\t\t\t\t\t<\/span>\n\t\t\t\t\t<\/button>\n\t\t\t\t<\/div>\n\t\t\t<\/div>\n\t\t<input type=\"hidden\" name=\"trp-form-language\" value=\"en\"\/><\/form>\n\t\t\t\t\t\t<\/div>\n\t\t\t\t<\/div>\n\t\t\t\t\t<\/div>\n\t\t\t\t<\/div>\n\t\t\t\t<\/div>","protected":false},"excerpt":{"rendered":"<p>SIA Share Capital Increase Form at uronline.lv We understand the importance of trust and transparency in any business relationship. We would like to assure you that your data is treated with the utmost care and confidentiality. Protecting your personal information is our top priority and we adhere to strict data protection measures. Please fill in the form before or after payment! Time to fill in the form [...]<\/p>","protected":false},"author":1,"featured_media":0,"parent":0,"menu_order":0,"comment_status":"closed","ping_status":"closed","template":"","meta":{"_acf_changed":false,"footnotes":""},"class_list":["post-916","page","type-page","status-publish","hentry"],"acf":[],"yoast_head":"<!-- This site is optimized with the Yoast SEO Premium plugin v25.7.1 (Yoast SEO v25.7) - https:\/\/yoast.com\/wordpress\/plugins\/seo\/ -->\n<title>SIA pamatkapit\u0101la palielin\u0101\u0161anas forma * UR Online Uz\u0146\u0113mumu Re\u0123istra pakalpojumi<\/title>\n<meta name=\"robots\" content=\"noindex, follow\" \/>\n<meta property=\"og:locale\" content=\"en_US\" \/>\n<meta property=\"og:type\" content=\"article\" \/>\n<meta property=\"og:title\" content=\"SIA pamatkapit\u0101la palielin\u0101\u0161anas forma\" \/>\n<meta property=\"og:description\" content=\"SIA pamatkapit\u0101la palielin\u0101\u0161anas forma uronline.lv vietn\u0113 m\u0113s saprotam uztic\u012bbas un p\u0101rskat\u0101m\u012bbas noz\u012bmi jebkur\u0101s biznesa attiec\u012bb\u0101s. M\u0113s v\u0113lamies jums apliecin\u0101t, ka j\u016bsu dati tiek apstr\u0101d\u0101ti ar visliel\u0101ko r\u016bp\u012bbu un konfidencialit\u0101ti. J\u016bsu personas inform\u0101cijas aizsardz\u012bba ir m\u016bsu galven\u0101 priorit\u0101te, un m\u0113s iev\u0113rojam stingrus datu aizsardz\u012bbas pas\u0101kumus. L\u016bdzu aizpildiet formu pirms vai p\u0113c pakalpojuma apmaksas! Formas aizpild\u012b\u0161anas laiks [&hellip;]\" \/>\n<meta property=\"og:url\" content=\"https:\/\/uronline.lv\/en\/increase-in-the-share-capital-of-sia\/\" \/>\n<meta property=\"og:site_name\" content=\"UR Online Uz\u0146\u0113mumu Re\u0123istra pakalpojumi\" \/>\n<meta property=\"article:publisher\" content=\"https:\/\/www.facebook.com\/profile.php?id=100094762527243\" \/>\n<meta property=\"article:modified_time\" content=\"2025-06-10T10:49:41+00:00\" \/>\n<meta name=\"twitter:card\" content=\"summary_large_image\" \/>\n<meta name=\"twitter:label1\" content=\"Est. reading time\" \/>\n\t<meta name=\"twitter:data1\" content=\"1 minute\" \/>\n<script type=\"application\/ld+json\" class=\"yoast-schema-graph\">{\"@context\":\"https:\/\/schema.org\",\"@graph\":[{\"@type\":\"WebPage\",\"@id\":\"https:\/\/uronline.lv\/sia-pamatkapitala-palielinasana\/\",\"url\":\"https:\/\/uronline.lv\/sia-pamatkapitala-palielinasana\/\",\"name\":\"SIA pamatkapit\u0101la palielin\u0101\u0161anas forma * UR Online Uz\u0146\u0113mumu Re\u0123istra pakalpojumi\",\"isPartOf\":{\"@id\":\"https:\/\/uronline.lv\/#website\"},\"datePublished\":\"2023-08-03T06:58:43+00:00\",\"dateModified\":\"2025-06-10T10:49:41+00:00\",\"breadcrumb\":{\"@id\":\"https:\/\/uronline.lv\/sia-pamatkapitala-palielinasana\/#breadcrumb\"},\"inLanguage\":\"en-US\",\"potentialAction\":[{\"@type\":\"ReadAction\",\"target\":[\"https:\/\/uronline.lv\/sia-pamatkapitala-palielinasana\/\"]}]},{\"@type\":\"BreadcrumbList\",\"@id\":\"https:\/\/uronline.lv\/sia-pamatkapitala-palielinasana\/#breadcrumb\",\"itemListElement\":[{\"@type\":\"ListItem\",\"position\":1,\"name\":\"Home\",\"item\":\"https:\/\/uronline.lv\/\"},{\"@type\":\"ListItem\",\"position\":2,\"name\":\"SIA pamatkapit\u0101la palielin\u0101\u0161anas forma\"}]},{\"@type\":\"WebSite\",\"@id\":\"https:\/\/uronline.lv\/#website\",\"url\":\"https:\/\/uronline.lv\/\",\"name\":\"UR Online Uz\u0146\u0113mumu Re\u0123istra pakalpojumi\",\"description\":\"Online Uz\u0146\u0113mumu Re\u0123istra pakalpojumi\",\"publisher\":{\"@id\":\"https:\/\/uronline.lv\/#organization\"},\"potentialAction\":[{\"@type\":\"SearchAction\",\"target\":{\"@type\":\"EntryPoint\",\"urlTemplate\":\"https:\/\/uronline.lv\/?s={search_term_string}\"},\"query-input\":{\"@type\":\"PropertyValueSpecification\",\"valueRequired\":true,\"valueName\":\"search_term_string\"}}],\"inLanguage\":\"en-US\"},{\"@type\":\"Organization\",\"@id\":\"https:\/\/uronline.lv\/#organization\",\"name\":\"Global V\",\"url\":\"https:\/\/uronline.lv\/\",\"logo\":{\"@type\":\"ImageObject\",\"inLanguage\":\"en-US\",\"@id\":\"https:\/\/uronline.lv\/#\/schema\/logo\/image\/\",\"url\":\"https:\/\/uronline.lv\/wp-content\/uploads\/2023\/07\/Untitled-design.png\",\"contentUrl\":\"https:\/\/uronline.lv\/wp-content\/uploads\/2023\/07\/Untitled-design.png\",\"width\":1200,\"height\":500,\"caption\":\"Global V\"},\"image\":{\"@id\":\"https:\/\/uronline.lv\/#\/schema\/logo\/image\/\"},\"sameAs\":[\"https:\/\/www.facebook.com\/profile.php?id=100094762527243\"]}]}<\/script>\n<!-- \/ Yoast SEO Premium plugin. -->","yoast_head_json":{"title":"Form for increasing the share capital of a limited liability company * UR Online Business Register Services","robots":{"index":"noindex","follow":"follow"},"og_locale":"en_US","og_type":"article","og_title":"SIA pamatkapit\u0101la palielin\u0101\u0161anas forma","og_description":"SIA pamatkapit\u0101la palielin\u0101\u0161anas forma uronline.lv vietn\u0113 m\u0113s saprotam uztic\u012bbas un p\u0101rskat\u0101m\u012bbas noz\u012bmi jebkur\u0101s biznesa attiec\u012bb\u0101s. M\u0113s v\u0113lamies jums apliecin\u0101t, ka j\u016bsu dati tiek apstr\u0101d\u0101ti ar visliel\u0101ko r\u016bp\u012bbu un konfidencialit\u0101ti. J\u016bsu personas inform\u0101cijas aizsardz\u012bba ir m\u016bsu galven\u0101 priorit\u0101te, un m\u0113s iev\u0113rojam stingrus datu aizsardz\u012bbas pas\u0101kumus. L\u016bdzu aizpildiet formu pirms vai p\u0113c pakalpojuma apmaksas! Formas aizpild\u012b\u0161anas laiks [&hellip;]","og_url":"https:\/\/uronline.lv\/en\/increase-in-the-share-capital-of-sia\/","og_site_name":"UR Online Uz\u0146\u0113mumu Re\u0123istra pakalpojumi","article_publisher":"https:\/\/www.facebook.com\/profile.php?id=100094762527243","article_modified_time":"2025-06-10T10:49:41+00:00","twitter_card":"summary_large_image","twitter_misc":{"Est. reading time":"1 minute"},"schema":{"@context":"https:\/\/schema.org","@graph":[{"@type":"WebPage","@id":"https:\/\/uronline.lv\/sia-pamatkapitala-palielinasana\/","url":"https:\/\/uronline.lv\/sia-pamatkapitala-palielinasana\/","name":"Form for increasing the share capital of a limited liability company * UR Online Business Register Services","isPartOf":{"@id":"https:\/\/uronline.lv\/#website"},"datePublished":"2023-08-03T06:58:43+00:00","dateModified":"2025-06-10T10:49:41+00:00","breadcrumb":{"@id":"https:\/\/uronline.lv\/sia-pamatkapitala-palielinasana\/#breadcrumb"},"inLanguage":"en-US","potentialAction":[{"@type":"ReadAction","target":["https:\/\/uronline.lv\/sia-pamatkapitala-palielinasana\/"]}]},{"@type":"BreadcrumbList","@id":"https:\/\/uronline.lv\/sia-pamatkapitala-palielinasana\/#breadcrumb","itemListElement":[{"@type":"ListItem","position":1,"name":"Home","item":"https:\/\/uronline.lv\/"},{"@type":"ListItem","position":2,"name":"SIA pamatkapit\u0101la palielin\u0101\u0161anas forma"}]},{"@type":"WebSite","@id":"https:\/\/uronline.lv\/#website","url":"https:\/\/uronline.lv\/","name":"UR Online Business Register services","description":"Online Business Register services","publisher":{"@id":"https:\/\/uronline.lv\/#organization"},"potentialAction":[{"@type":"SearchAction","target":{"@type":"EntryPoint","urlTemplate":"https:\/\/uronline.lv\/?s={search_term_string}"},"query-input":{"@type":"PropertyValueSpecification","valueRequired":true,"valueName":"search_term_string"}}],"inLanguage":"en-US"},{"@type":"Organization","@id":"https:\/\/uronline.lv\/#organization","name":"Global V","url":"https:\/\/uronline.lv\/","logo":{"@type":"ImageObject","inLanguage":"en-US","@id":"https:\/\/uronline.lv\/#\/schema\/logo\/image\/","url":"https:\/\/uronline.lv\/wp-content\/uploads\/2023\/07\/Untitled-design.png","contentUrl":"https:\/\/uronline.lv\/wp-content\/uploads\/2023\/07\/Untitled-design.png","width":1200,"height":500,"caption":"Global V"},"image":{"@id":"https:\/\/uronline.lv\/#\/schema\/logo\/image\/"},"sameAs":["https:\/\/www.facebook.com\/profile.php?id=100094762527243"]}]}},"jetpack_sharing_enabled":true,"_links":{"self":[{"href":"https:\/\/uronline.lv\/en\/wp-json\/wp\/v2\/pages\/916","targetHints":{"allow":["GET"]}}],"collection":[{"href":"https:\/\/uronline.lv\/en\/wp-json\/wp\/v2\/pages"}],"about":[{"href":"https:\/\/uronline.lv\/en\/wp-json\/wp\/v2\/types\/page"}],"author":[{"embeddable":true,"href":"https:\/\/uronline.lv\/en\/wp-json\/wp\/v2\/users\/1"}],"replies":[{"embeddable":true,"href":"https:\/\/uronline.lv\/en\/wp-json\/wp\/v2\/comments?post=916"}],"version-history":[{"count":23,"href":"https:\/\/uronline.lv\/en\/wp-json\/wp\/v2\/pages\/916\/revisions"}],"predecessor-version":[{"id":3299,"href":"https:\/\/uronline.lv\/en\/wp-json\/wp\/v2\/pages\/916\/revisions\/3299"}],"wp:attachment":[{"href":"https:\/\/uronline.lv\/en\/wp-json\/wp\/v2\/media?parent=916"}],"curies":[{"name":"wp","href":"https:\/\/api.w.org\/{rel}","templated":true}]}}