{"id":445,"date":"2023-07-28T14:15:16","date_gmt":"2023-07-28T11:15:16","guid":{"rendered":"https:\/\/uronline.lv\/?page_id=445"},"modified":"2023-08-15T14:14:35","modified_gmt":"2023-08-15T11:14:35","slug":"guarantee","status":"publish","type":"page","link":"https:\/\/uronline.lv\/en\/guarantee\/","title":{"rendered":"Service Guarantee"},"content":{"rendered":"<div data-elementor-type=\"wp-page\" data-elementor-id=\"445\" class=\"elementor elementor-445\" data-elementor-post-type=\"page\">\n\t\t\t\t<div data-particle_enable=\"false\" data-particle-mobile-disabled=\"false\" class=\"elementor-element elementor-element-09e8c7a e-flex e-con-boxed e-con e-parent\" data-id=\"09e8c7a\" data-element_type=\"container\" data-e-type=\"container\">\n\t\t\t\t\t<div class=\"e-con-inner\">\n\t\t\t\t<div class=\"elementor-element elementor-element-ff8d1da elementor-widget elementor-widget-spacer\" data-id=\"ff8d1da\" data-element_type=\"widget\" data-e-type=\"widget\" data-widget_type=\"spacer.default\">\n\t\t\t\t<div class=\"elementor-widget-container\">\n\t\t\t\t\t\t\t<div class=\"elementor-spacer\">\n\t\t\t<div class=\"elementor-spacer-inner\"><\/div>\n\t\t<\/div>\n\t\t\t\t\t\t<\/div>\n\t\t\t\t<\/div>\n\t\t\t\t\t<\/div>\n\t\t\t\t<\/div>\n\t\t<div data-particle_enable=\"false\" data-particle-mobile-disabled=\"false\" class=\"elementor-element elementor-element-4c43d22 e-flex e-con-boxed e-con e-parent\" data-id=\"4c43d22\" data-element_type=\"container\" data-e-type=\"container\">\n\t\t\t\t\t<div class=\"e-con-inner\">\n\t\t\t\t<div class=\"elementor-element elementor-element-79a8319 elementor-widget elementor-widget-heading\" data-id=\"79a8319\" data-element_type=\"widget\" data-e-type=\"widget\" data-widget_type=\"heading.default\">\n\t\t\t\t<div class=\"elementor-widget-container\">\n\t\t\t\t\t<h2 class=\"elementor-heading-title elementor-size-default\">Service Guarantee<\/h2>\t\t\t\t<\/div>\n\t\t\t\t<\/div>\n\t\t\t\t<div class=\"elementor-element elementor-element-7ed35af elementor-widget elementor-widget-text-editor\" data-id=\"7ed35af\" data-element_type=\"widget\" data-e-type=\"widget\" data-widget_type=\"text-editor.default\">\n\t\t\t\t<div class=\"elementor-widget-container\">\n\t\t\t\t\t\t\t\t\t<p>At uronline.lv we strive to provide high quality services and customer satisfaction.\u00a0<\/p>\t\t\t\t\t\t\t\t<\/div>\n\t\t\t\t<\/div>\n\t\t\t\t\t<\/div>\n\t\t\t\t<\/div>\n\t\t<div data-particle_enable=\"false\" data-particle-mobile-disabled=\"false\" class=\"elementor-element elementor-element-37f63d0 e-flex e-con-boxed e-con e-parent\" data-id=\"37f63d0\" data-element_type=\"container\" data-e-type=\"container\">\n\t\t\t\t\t<div class=\"e-con-inner\">\n\t\t\t\t<div class=\"elementor-element elementor-element-4bd9da0 elementor-widget elementor-widget-heading\" data-id=\"4bd9da0\" data-element_type=\"widget\" data-e-type=\"widget\" data-widget_type=\"heading.default\">\n\t\t\t\t<div class=\"elementor-widget-container\">\n\t\t\t\t\t<h2 class=\"elementor-heading-title elementor-size-default\">Warranty terms:<\/h2>\t\t\t\t<\/div>\n\t\t\t\t<\/div>\n\t\t\t\t<div class=\"elementor-element elementor-element-efcc8b4 elementor-widget elementor-widget-text-editor\" data-id=\"efcc8b4\" data-element_type=\"widget\" data-e-type=\"widget\" data-widget_type=\"text-editor.default\">\n\t\t\t\t<div class=\"elementor-widget-container\">\n\t\t\t\t\t\t\t\t\t<p>All uronline.lv services are covered by a Warranty.<\/p><p>We guarantee that our services will be delivered professionally in accordance with industry standards.<\/p><p>The guarantee consists in the free reworking of erroneous documents.<\/p>\t\t\t\t\t\t\t\t<\/div>\n\t\t\t\t<\/div>\n\t\t\t\t<div class=\"elementor-element elementor-element-3fca6eb elementor-widget elementor-widget-heading\" data-id=\"3fca6eb\" data-element_type=\"widget\" data-e-type=\"widget\" data-widget_type=\"heading.default\">\n\t\t\t\t<div class=\"elementor-widget-container\">\n\t\t\t\t\t<h2 class=\"elementor-heading-title elementor-size-default\">Warranty conditions:<\/h2>\t\t\t\t<\/div>\n\t\t\t\t<\/div>\n\t\t\t\t<div class=\"elementor-element elementor-element-81542f1 elementor-widget elementor-widget-text-editor\" data-id=\"81542f1\" data-element_type=\"widget\" data-e-type=\"widget\" data-widget_type=\"text-editor.default\">\n\t\t\t\t<div class=\"elementor-widget-container\">\n\t\t\t\t\t\t\t\t\t<p>When you receive the service, please check carefully that the documents correctly reflect the information you have provided.<\/p><p>You have the right to request a correction if:<\/p><ul><li>a postponement decision has been received from the Registrar of Companies<\/li><li>you have checked the information in the documents you received and found discrepancies or errors.<\/li><\/ul><p>No warranty will be provided if the contents of the document have been altered in any way after it has come into the buyer's possession.<\/p>\t\t\t\t\t\t\t\t<\/div>\n\t\t\t\t<\/div>\n\t\t\t\t<div class=\"elementor-element elementor-element-4c9ec82 elementor-widget elementor-widget-text-editor\" data-id=\"4c9ec82\" data-element_type=\"widget\" data-e-type=\"widget\" data-widget_type=\"text-editor.default\">\n\t\t\t\t<div class=\"elementor-widget-container\">\n\t\t\t\t\t\t\t\t\t<p>We reserve the right to change or update this service guarantee policy at any time without prior notice. Any changes will be posted on our website.<\/p><p>By using our services, you acknowledge and agree to be bound by the terms and conditions of this warranty policy.<\/p><p>If you have any questions about this warranty policy, please contact our customer support team at info@uronline.lv.<\/p>\t\t\t\t\t\t\t\t<\/div>\n\t\t\t\t<\/div>\n\t\t\t\t\t<\/div>\n\t\t\t\t<\/div>\n\t\t\t\t<\/div>","protected":false},"excerpt":{"rendered":"<p>Service Guarantee at uronline.lv We strive to provide high quality service and customer satisfaction.  All uronline.lv services are covered by a Warranty. We guarantee that our services will be provided in a professional manner in accordance with industry standards. The guarantee is expressed in the fact that the reworking of erroneous documents is free of charge. Warranty Terms. You must [...]<\/p>","protected":false},"author":1,"featured_media":0,"parent":0,"menu_order":0,"comment_status":"closed","ping_status":"closed","template":"","meta":{"_acf_changed":false,"footnotes":""},"class_list":["post-445","page","type-page","status-publish","hentry"],"acf":[],"yoast_head":"<!-- This site is optimized with the Yoast SEO Premium plugin v25.7.1 (Yoast SEO v25.7) - https:\/\/yoast.com\/wordpress\/plugins\/seo\/ -->\n<title>Pakalpojumu Garantija * UR Online Uz\u0146\u0113mumu Re\u0123istra pakalpojumi<\/title>\n<meta name=\"robots\" content=\"index, follow, max-snippet:-1, max-image-preview:large, max-video-preview:-1\" \/>\n<link rel=\"canonical\" href=\"https:\/\/uronline.lv\/en\/guarantee\/\" \/>\n<meta property=\"og:locale\" content=\"en_US\" \/>\n<meta property=\"og:type\" content=\"article\" \/>\n<meta property=\"og:title\" content=\"Pakalpojumu Garantija\" \/>\n<meta property=\"og:description\" content=\"Pakalpojumu Garantija uronline.lv m\u0113s cen\u0161amies nodro\u0161in\u0101t augstas kvalit\u0101tes pakalpojumus un klientu apmierin\u0101t\u012bbu.\u00a0 Garantijas noteikumi: Visiem uronline.lv pakalpojumiem tiek nodro\u0161in\u0101ta Garantija. M\u0113s garant\u0113jam, ka m\u016bsu pakalpojumi tiks sniegti profesion\u0101li saska\u0146\u0101 ar nozares standartiem. Garantija izpau\u017eas, ka k\u013c\u016bdaino dokumentu p\u0101rstr\u0101d\u0101\u0161ana bezmaksas. Garantijas nosac\u012bjumi: Sa\u0146emot pakalpojumu, uzman\u012bgi p\u0101rbaudiet vai dokumentos ir pareizi atspogu\u013cota J\u016bsu iesniegt\u0101 inform\u0101cija. Jums ir [&hellip;]\" \/>\n<meta property=\"og:url\" content=\"https:\/\/uronline.lv\/en\/guarantee\/\" \/>\n<meta property=\"og:site_name\" content=\"UR Online Uz\u0146\u0113mumu Re\u0123istra pakalpojumi\" \/>\n<meta property=\"article:publisher\" content=\"https:\/\/www.facebook.com\/profile.php?id=100094762527243\" \/>\n<meta property=\"article:modified_time\" content=\"2023-08-15T11:14:35+00:00\" \/>\n<meta name=\"twitter:card\" content=\"summary_large_image\" \/>\n<meta name=\"twitter:label1\" content=\"Est. reading time\" \/>\n\t<meta name=\"twitter:data1\" content=\"1 minute\" \/>\n<script type=\"application\/ld+json\" class=\"yoast-schema-graph\">{\"@context\":\"https:\/\/schema.org\",\"@graph\":[{\"@type\":\"WebPage\",\"@id\":\"https:\/\/uronline.lv\/garantija\/\",\"url\":\"https:\/\/uronline.lv\/garantija\/\",\"name\":\"Pakalpojumu Garantija * UR Online Uz\u0146\u0113mumu Re\u0123istra pakalpojumi\",\"isPartOf\":{\"@id\":\"https:\/\/uronline.lv\/#website\"},\"datePublished\":\"2023-07-28T11:15:16+00:00\",\"dateModified\":\"2023-08-15T11:14:35+00:00\",\"breadcrumb\":{\"@id\":\"https:\/\/uronline.lv\/garantija\/#breadcrumb\"},\"inLanguage\":\"en-US\",\"potentialAction\":[{\"@type\":\"ReadAction\",\"target\":[\"https:\/\/uronline.lv\/garantija\/\"]}]},{\"@type\":\"BreadcrumbList\",\"@id\":\"https:\/\/uronline.lv\/garantija\/#breadcrumb\",\"itemListElement\":[{\"@type\":\"ListItem\",\"position\":1,\"name\":\"Home\",\"item\":\"https:\/\/uronline.lv\/\"},{\"@type\":\"ListItem\",\"position\":2,\"name\":\"Pakalpojumu Garantija\"}]},{\"@type\":\"WebSite\",\"@id\":\"https:\/\/uronline.lv\/#website\",\"url\":\"https:\/\/uronline.lv\/\",\"name\":\"UR Online Uz\u0146\u0113mumu Re\u0123istra pakalpojumi\",\"description\":\"Online Uz\u0146\u0113mumu Re\u0123istra pakalpojumi\",\"publisher\":{\"@id\":\"https:\/\/uronline.lv\/#organization\"},\"potentialAction\":[{\"@type\":\"SearchAction\",\"target\":{\"@type\":\"EntryPoint\",\"urlTemplate\":\"https:\/\/uronline.lv\/?s={search_term_string}\"},\"query-input\":{\"@type\":\"PropertyValueSpecification\",\"valueRequired\":true,\"valueName\":\"search_term_string\"}}],\"inLanguage\":\"en-US\"},{\"@type\":\"Organization\",\"@id\":\"https:\/\/uronline.lv\/#organization\",\"name\":\"Global V\",\"url\":\"https:\/\/uronline.lv\/\",\"logo\":{\"@type\":\"ImageObject\",\"inLanguage\":\"en-US\",\"@id\":\"https:\/\/uronline.lv\/#\/schema\/logo\/image\/\",\"url\":\"https:\/\/uronline.lv\/wp-content\/uploads\/2023\/07\/Untitled-design.png\",\"contentUrl\":\"https:\/\/uronline.lv\/wp-content\/uploads\/2023\/07\/Untitled-design.png\",\"width\":1200,\"height\":500,\"caption\":\"Global V\"},\"image\":{\"@id\":\"https:\/\/uronline.lv\/#\/schema\/logo\/image\/\"},\"sameAs\":[\"https:\/\/www.facebook.com\/profile.php?id=100094762527243\"]}]}<\/script>\n<!-- \/ Yoast SEO Premium plugin. -->","yoast_head_json":{"title":"Service Guarantee * UR Online Business Register services","robots":{"index":"index","follow":"follow","max-snippet":"max-snippet:-1","max-image-preview":"max-image-preview:large","max-video-preview":"max-video-preview:-1"},"canonical":"https:\/\/uronline.lv\/en\/guarantee\/","og_locale":"en_US","og_type":"article","og_title":"Pakalpojumu Garantija","og_description":"Pakalpojumu Garantija uronline.lv m\u0113s cen\u0161amies nodro\u0161in\u0101t augstas kvalit\u0101tes pakalpojumus un klientu apmierin\u0101t\u012bbu.\u00a0 Garantijas noteikumi: Visiem uronline.lv pakalpojumiem tiek nodro\u0161in\u0101ta Garantija. M\u0113s garant\u0113jam, ka m\u016bsu pakalpojumi tiks sniegti profesion\u0101li saska\u0146\u0101 ar nozares standartiem. Garantija izpau\u017eas, ka k\u013c\u016bdaino dokumentu p\u0101rstr\u0101d\u0101\u0161ana bezmaksas. Garantijas nosac\u012bjumi: Sa\u0146emot pakalpojumu, uzman\u012bgi p\u0101rbaudiet vai dokumentos ir pareizi atspogu\u013cota J\u016bsu iesniegt\u0101 inform\u0101cija. Jums ir [&hellip;]","og_url":"https:\/\/uronline.lv\/en\/guarantee\/","og_site_name":"UR Online Uz\u0146\u0113mumu Re\u0123istra pakalpojumi","article_publisher":"https:\/\/www.facebook.com\/profile.php?id=100094762527243","article_modified_time":"2023-08-15T11:14:35+00:00","twitter_card":"summary_large_image","twitter_misc":{"Est. reading time":"1 minute"},"schema":{"@context":"https:\/\/schema.org","@graph":[{"@type":"WebPage","@id":"https:\/\/uronline.lv\/garantija\/","url":"https:\/\/uronline.lv\/garantija\/","name":"Service Guarantee * UR Online Business Register services","isPartOf":{"@id":"https:\/\/uronline.lv\/#website"},"datePublished":"2023-07-28T11:15:16+00:00","dateModified":"2023-08-15T11:14:35+00:00","breadcrumb":{"@id":"https:\/\/uronline.lv\/garantija\/#breadcrumb"},"inLanguage":"en-US","potentialAction":[{"@type":"ReadAction","target":["https:\/\/uronline.lv\/garantija\/"]}]},{"@type":"BreadcrumbList","@id":"https:\/\/uronline.lv\/garantija\/#breadcrumb","itemListElement":[{"@type":"ListItem","position":1,"name":"Home","item":"https:\/\/uronline.lv\/"},{"@type":"ListItem","position":2,"name":"Pakalpojumu Garantija"}]},{"@type":"WebSite","@id":"https:\/\/uronline.lv\/#website","url":"https:\/\/uronline.lv\/","name":"UR Online Business Register services","description":"Online Business Register services","publisher":{"@id":"https:\/\/uronline.lv\/#organization"},"potentialAction":[{"@type":"SearchAction","target":{"@type":"EntryPoint","urlTemplate":"https:\/\/uronline.lv\/?s={search_term_string}"},"query-input":{"@type":"PropertyValueSpecification","valueRequired":true,"valueName":"search_term_string"}}],"inLanguage":"en-US"},{"@type":"Organization","@id":"https:\/\/uronline.lv\/#organization","name":"Global V","url":"https:\/\/uronline.lv\/","logo":{"@type":"ImageObject","inLanguage":"en-US","@id":"https:\/\/uronline.lv\/#\/schema\/logo\/image\/","url":"https:\/\/uronline.lv\/wp-content\/uploads\/2023\/07\/Untitled-design.png","contentUrl":"https:\/\/uronline.lv\/wp-content\/uploads\/2023\/07\/Untitled-design.png","width":1200,"height":500,"caption":"Global V"},"image":{"@id":"https:\/\/uronline.lv\/#\/schema\/logo\/image\/"},"sameAs":["https:\/\/www.facebook.com\/profile.php?id=100094762527243"]}]}},"jetpack_sharing_enabled":true,"_links":{"self":[{"href":"https:\/\/uronline.lv\/en\/wp-json\/wp\/v2\/pages\/445","targetHints":{"allow":["GET"]}}],"collection":[{"href":"https:\/\/uronline.lv\/en\/wp-json\/wp\/v2\/pages"}],"about":[{"href":"https:\/\/uronline.lv\/en\/wp-json\/wp\/v2\/types\/page"}],"author":[{"embeddable":true,"href":"https:\/\/uronline.lv\/en\/wp-json\/wp\/v2\/users\/1"}],"replies":[{"embeddable":true,"href":"https:\/\/uronline.lv\/en\/wp-json\/wp\/v2\/comments?post=445"}],"version-history":[{"count":20,"href":"https:\/\/uronline.lv\/en\/wp-json\/wp\/v2\/pages\/445\/revisions"}],"predecessor-version":[{"id":1351,"href":"https:\/\/uronline.lv\/en\/wp-json\/wp\/v2\/pages\/445\/revisions\/1351"}],"wp:attachment":[{"href":"https:\/\/uronline.lv\/en\/wp-json\/wp\/v2\/media?parent=445"}],"curies":[{"name":"wp","href":"https:\/\/api.w.org\/{rel}","templated":true}]}}