{"id":2318,"date":"2024-08-26T10:45:39","date_gmt":"2024-08-26T07:45:39","guid":{"rendered":"https:\/\/uronline.lv\/?page_id=2318"},"modified":"2025-06-10T12:50:10","modified_gmt":"2025-06-10T09:50:10","slug":"2318-2","status":"publish","type":"page","link":"https:\/\/uronline.lv\/en\/2318-2\/","title":{"rendered":"IC registration"},"content":{"rendered":"<div data-elementor-type=\"wp-page\" data-elementor-id=\"2318\" class=\"elementor elementor-2318\" data-elementor-post-type=\"page\">\n\t\t\t\t<div data-particle_enable=\"false\" data-particle-mobile-disabled=\"false\" class=\"elementor-element elementor-element-44f9e994 e-flex e-con-boxed e-con e-parent\" data-id=\"44f9e994\" data-element_type=\"container\" data-e-type=\"container\">\n\t\t\t\t\t<div class=\"e-con-inner\">\n\t\t\t\t<div class=\"elementor-element elementor-element-6ad31277 elementor-widget elementor-widget-spacer\" data-id=\"6ad31277\" data-element_type=\"widget\" data-e-type=\"widget\" data-widget_type=\"spacer.default\">\n\t\t\t\t<div class=\"elementor-widget-container\">\n\t\t\t\t\t\t\t<div class=\"elementor-spacer\">\n\t\t\t<div class=\"elementor-spacer-inner\"><\/div>\n\t\t<\/div>\n\t\t\t\t\t\t<\/div>\n\t\t\t\t<\/div>\n\t\t\t\t\t<\/div>\n\t\t\t\t<\/div>\n\t\t<div data-particle_enable=\"false\" data-particle-mobile-disabled=\"false\" class=\"elementor-element elementor-element-71034225 e-flex e-con-boxed e-con e-parent\" data-id=\"71034225\" data-element_type=\"container\" data-e-type=\"container\">\n\t\t\t\t\t<div class=\"e-con-inner\">\n\t\t\t\t<div class=\"elementor-element elementor-element-7d113021 elementor-widget elementor-widget-heading\" data-id=\"7d113021\" data-element_type=\"widget\" data-e-type=\"widget\" data-widget_type=\"heading.default\">\n\t\t\t\t<div class=\"elementor-widget-container\">\n\t\t\t\t\t<h2 class=\"elementor-heading-title elementor-size-default\">IC registration form<\/h2>\t\t\t\t<\/div>\n\t\t\t\t<\/div>\n\t\t\t\t\t<\/div>\n\t\t\t\t<\/div>\n\t\t<div data-particle_enable=\"false\" data-particle-mobile-disabled=\"false\" class=\"elementor-element elementor-element-46469b83 e-flex e-con-boxed e-con e-parent\" data-id=\"46469b83\" data-element_type=\"container\" data-e-type=\"container\">\n\t\t\t\t\t<div class=\"e-con-inner\">\n\t\t\t\t<div class=\"elementor-element elementor-element-3308c410 elementor-widget elementor-widget-text-editor\" data-id=\"3308c410\" data-element_type=\"widget\" data-e-type=\"widget\" data-widget_type=\"text-editor.default\">\n\t\t\t\t<div class=\"elementor-widget-container\">\n\t\t\t\t\t\t\t\t\t<p><strong>At uronline.lv we understand the importance of trust and transparency in any business relationship. We want to assure you that your data is treated with the utmost care and confidentiality. Protecting your personal information is our top priority and we adhere to strict data protection measures.<\/strong><\/p>\t\t\t\t\t\t\t\t<\/div>\n\t\t\t\t<\/div>\n\t\t\t\t\t<\/div>\n\t\t\t\t<\/div>\n\t\t<div data-particle_enable=\"false\" data-particle-mobile-disabled=\"false\" class=\"elementor-element elementor-element-5c92348b e-flex e-con-boxed e-con e-parent\" data-id=\"5c92348b\" data-element_type=\"container\" data-e-type=\"container\">\n\t\t\t\t\t<div class=\"e-con-inner\">\n\t\t\t\t<div class=\"elementor-element elementor-element-77501376 elementor-widget elementor-widget-text-editor\" data-id=\"77501376\" data-element_type=\"widget\" data-e-type=\"widget\" data-widget_type=\"text-editor.default\">\n\t\t\t\t<div class=\"elementor-widget-container\">\n\t\t\t\t\t\t\t\t\t<p><strong>Please fill in the form before or after payment!<\/strong><\/p>\t\t\t\t\t\t\t\t<\/div>\n\t\t\t\t<\/div>\n\t\t\t\t<div class=\"elementor-element elementor-element-51f3f280 elementor-widget elementor-widget-text-editor\" data-id=\"51f3f280\" data-element_type=\"widget\" data-e-type=\"widget\" data-widget_type=\"text-editor.default\">\n\t\t\t\t<div class=\"elementor-widget-container\">\n\t\t\t\t\t\t\t\t\t<p><strong>The registration form takes up to 1 minute to complete.<\/strong><\/p>\t\t\t\t\t\t\t\t<\/div>\n\t\t\t\t<\/div>\n\t\t\t\t\t<\/div>\n\t\t\t\t<\/div>\n\t\t<div data-particle_enable=\"false\" data-particle-mobile-disabled=\"false\" class=\"elementor-element elementor-element-7c71e6de e-flex e-con-boxed e-con e-parent\" data-id=\"7c71e6de\" data-element_type=\"container\" data-e-type=\"container\">\n\t\t\t\t\t<div class=\"e-con-inner\">\n\t\t\t\t<div class=\"elementor-element elementor-element-6f60464f elementor-button-align-stretch elementor-widget elementor-widget-form\" data-id=\"6f60464f\" data-element_type=\"widget\" data-e-type=\"widget\" data-settings=\"{&quot;step_next_label&quot;:&quot;Tal\\u0101k&quot;,&quot;step_previous_label&quot;:&quot;Atpaka\\u013c&quot;,&quot;step_type&quot;:&quot;number&quot;,&quot;button_width&quot;:&quot;100&quot;,&quot;step_icon_shape&quot;:&quot;circle&quot;}\" data-widget_type=\"form.default\">\n\t\t\t\t<div class=\"elementor-widget-container\">\n\t\t\t\t\t\t\t<form class=\"elementor-form\" method=\"post\" name=\"New Form\" aria-label=\"New Form\" action=\"\">\n\t\t\t<input type=\"hidden\" name=\"post_id\" value=\"2318\"\/>\n\t\t\t<input type=\"hidden\" name=\"form_id\" value=\"6f60464f\"\/>\n\t\t\t<input type=\"hidden\" name=\"referer_title\" value=\"UR Online Uz\u0146\u0113mumu Re\u0123istra pakalpojumi\" \/>\n\n\t\t\t\n\t\t\t<div class=\"elementor-form-fields-wrapper elementor-labels-above\">\n\t\t\t\t\t\t\t\t<div class=\"elementor-field-type-step elementor-field-group elementor-column elementor-field-group-field_270da63 elementor-col-100\">\n\t\t\t\t\t\t\t<div class=\"e-field-step elementor-hidden\" data-label=\"\" data-previousbutton=\"\" data-nextbutton=\"\" data-iconurl=\"\" data-iconlibrary=\"fas fa-star\" data-icon=\"\" ><\/div>\n\n\t\t\t\t\t\t<\/div>\n\t\t\t\t\t\t\t\t<div class=\"elementor-field-type-email elementor-field-group elementor-column elementor-field-group-field_d75df8c elementor-col-50 elementor-field-required elementor-mark-required\">\n\t\t\t\t\t\t\t\t\t\t\t\t<label for=\"form-field-field_d75df8c\" class=\"elementor-field-label\">\n\t\t\t\t\t\t\t\tYour e-mail\t\t\t\t\t\t\t<\/label>\n\t\t\t\t\t\t\t\t\t\t\t\t\t\t<input size=\"1\" type=\"email\" name=\"form_fields[field_d75df8c]\" id=\"form-field-field_d75df8c\" class=\"elementor-field elementor-size-sm  elementor-field-textual\" placeholder=\"E-mail\" required=\"required\">\n\t\t\t\t\t\t\t\t\t\t\t<\/div>\n\t\t\t\t\t\t\t\t<div class=\"elementor-field-type-step elementor-field-group elementor-column elementor-field-group-field_eea94e6 elementor-col-100\">\n\t\t\t\t\t\t\t<div class=\"e-field-step elementor-hidden\" data-label=\"&gt;&gt;&gt; Juridisk\u0101 adreses\" data-previousbutton=\"\" data-nextbutton=\"\" data-iconurl=\"\" data-iconlibrary=\"fas fa-arrow-right\" data-icon=\"\" ><\/div>\n\n\t\t\t\t\t\t<\/div>\n\t\t\t\t\t\t\t\t<div class=\"elementor-field-type-text elementor-field-group elementor-column elementor-field-group-name elementor-col-50 elementor-field-required elementor-mark-required\">\n\t\t\t\t\t\t\t\t\t\t\t\t<label for=\"form-field-name\" class=\"elementor-field-label\">\n\t\t\t\t\t\t\t\tName of the CI\t\t\t\t\t\t\t<\/label>\n\t\t\t\t\t\t\t\t\t\t\t\t\t\t<input size=\"1\" type=\"text\" name=\"form_fields[name]\" id=\"form-field-name\" class=\"elementor-field elementor-size-sm  elementor-field-textual\" placeholder=\"Name\" required=\"required\">\n\t\t\t\t\t\t\t\t\t\t\t<\/div>\n\t\t\t\t\t\t\t\t<div class=\"elementor-field-type-html elementor-field-group elementor-column elementor-field-group-field_2b1be01 elementor-col-100\">\n\t\t\t\t\t<p><b>Don't worry, we'll check your chosen name against the Companies Register guidelines!<\/b>\t\t\t\t<\/div>\n\t\t\t\t\t\t\t\t<div class=\"elementor-field-type-step elementor-field-group elementor-column elementor-field-group-field_e386011 elementor-col-100\">\n\t\t\t\t\t\t\t<div class=\"e-field-step elementor-hidden\" data-label=\"\" data-previousbutton=\"\" data-nextbutton=\"\" data-iconurl=\"\" data-iconlibrary=\"fas fa-star\" data-icon=\"\" ><\/div>\n\n\t\t\t\t\t\t<\/div>\n\t\t\t\t\t\t\t\t<div class=\"elementor-field-type-text elementor-field-group elementor-column elementor-field-group-field_481e776 elementor-col-75 elementor-field-required elementor-mark-required\">\n\t\t\t\t\t\t\t\t\t\t\t\t<label for=\"form-field-field_481e776\" class=\"elementor-field-label\">\n\t\t\t\t\t\t\t\tLegal Address\t\t\t\t\t\t\t<\/label>\n\t\t\t\t\t\t\t\t\t\t\t\t\t\t<input size=\"1\" type=\"text\" name=\"form_fields[field_481e776]\" id=\"form-field-field_481e776\" class=\"elementor-field elementor-size-sm  elementor-field-textual\" placeholder=\"Address in Latvia\" required=\"required\">\n\t\t\t\t\t\t\t\t\t\t\t<\/div>\n\t\t\t\t\t\t\t\t<div class=\"elementor-field-type-step elementor-field-group elementor-column elementor-field-group-field_6b8dba7 elementor-col-100\">\n\t\t\t\t\t\t\t<div class=\"e-field-step elementor-hidden\" data-label=\"\" data-previousbutton=\"\" data-nextbutton=\"\" data-iconurl=\"\" data-iconlibrary=\"fas fa-star\" data-icon=\"\" ><\/div>\n\n\t\t\t\t\t\t<\/div>\n\t\t\t\t\t\t\t\t<div class=\"elementor-field-type-text elementor-field-group elementor-column elementor-field-group-field_178159a elementor-col-50 elementor-field-required elementor-mark-required\">\n\t\t\t\t\t\t\t\t\t\t\t\t<label for=\"form-field-field_178159a\" class=\"elementor-field-label\">\n\t\t\t\t\t\t\t\tIC founder\t\t\t\t\t\t\t<\/label>\n\t\t\t\t\t\t\t\t\t\t\t\t\t\t<input size=\"1\" type=\"text\" name=\"form_fields[field_178159a]\" id=\"form-field-field_178159a\" class=\"elementor-field elementor-size-sm  elementor-field-textual\" placeholder=\"Name, Surname or SIA\" required=\"required\">\n\t\t\t\t\t\t\t\t\t\t\t<\/div>\n\t\t\t\t\t\t\t\t<div class=\"elementor-field-type-text elementor-field-group elementor-column elementor-field-group-field_c8e2422 elementor-col-50 elementor-field-required elementor-mark-required\">\n\t\t\t\t\t\t\t\t\t\t\t\t<label for=\"form-field-field_c8e2422\" class=\"elementor-field-label\">\n\t\t\t\t\t\t\t\tPersonal code\t\t\t\t\t\t\t<\/label>\n\t\t\t\t\t\t\t\t\t\t\t\t\t\t<input size=\"1\" type=\"text\" name=\"form_fields[field_c8e2422]\" id=\"form-field-field_c8e2422\" class=\"elementor-field elementor-size-sm  elementor-field-textual\" placeholder=\"123456-22222\" required=\"required\">\n\t\t\t\t\t\t\t\t\t\t\t<\/div>\n\t\t\t\t\t\t\t\t<div class=\"elementor-field-type-text elementor-field-group elementor-column elementor-field-group-field_ba8bb4d elementor-col-80 elementor-field-required elementor-mark-required\">\n\t\t\t\t\t\t\t\t\t\t\t\t<label for=\"form-field-field_ba8bb4d\" class=\"elementor-field-label\">\n\t\t\t\t\t\t\t\tDeclared place of residence\t\t\t\t\t\t\t<\/label>\n\t\t\t\t\t\t\t\t\t\t\t\t\t\t<input size=\"1\" type=\"text\" name=\"form_fields[field_ba8bb4d]\" id=\"form-field-field_ba8bb4d\" class=\"elementor-field elementor-size-sm  elementor-field-textual\" placeholder=\"Address\" required=\"required\">\n\t\t\t\t\t\t\t\t\t\t\t<\/div>\n\t\t\t\t\t\t\t\t<div class=\"elementor-field-type-step elementor-field-group elementor-column elementor-field-group-field_afbc6a2 elementor-col-100\">\n\t\t\t\t\t\t\t<div class=\"e-field-step elementor-hidden\" data-label=\"\" data-previousbutton=\"\" data-nextbutton=\"\" data-iconurl=\"\" data-iconlibrary=\"fas fa-star\" data-icon=\"\" ><\/div>\n\n\t\t\t\t\t\t<\/div>\n\t\t\t\t\t\t\t\t<div class=\"elementor-field-type-textarea elementor-field-group elementor-column elementor-field-group-field_b84157e elementor-col-100\">\n\t\t\t\t\t\t\t\t\t\t\t\t<label for=\"form-field-field_b84157e\" class=\"elementor-field-label\">\n\t\t\t\t\t\t\t\tAdditional information or comments\t\t\t\t\t\t\t<\/label>\n\t\t\t\t\t\t<textarea class=\"elementor-field-textual elementor-field  elementor-size-sm\" name=\"form_fields[field_b84157e]\" id=\"form-field-field_b84157e\" rows=\"4\"><\/textarea>\t\t\t\t<\/div>\n\t\t\t\t\t\t\t\t<div class=\"elementor-field-group elementor-column elementor-field-type-submit elementor-col-100 e-form__buttons\">\n\t\t\t\t\t<button class=\"elementor-button elementor-size-sm\" type=\"submit\">\n\t\t\t\t\t\t<span class=\"elementor-button-content-wrapper\">\n\t\t\t\t\t\t\t\t\t\t\t\t\t\t\t\t\t\t\t\t\t\t<span class=\"elementor-button-text\">Submit to<\/span>\n\t\t\t\t\t\t\t\t\t\t\t\t\t<\/span>\n\t\t\t\t\t<\/button>\n\t\t\t\t<\/div>\n\t\t\t<\/div>\n\t\t<input type=\"hidden\" name=\"trp-form-language\" value=\"en\"\/><\/form>\n\t\t\t\t\t\t<\/div>\n\t\t\t\t<\/div>\n\t\t\t\t\t<\/div>\n\t\t\t\t<\/div>\n\t\t\t\t<\/div>","protected":false},"excerpt":{"rendered":"<p>IK registration form at uronline.lv We understand the importance of trust and transparency in any business relationship. We want to assure you that your data is treated with the utmost care and confidentiality. Protecting your personal information is our top priority and we adhere to strict data protection measures. Please fill in the form before or after payment! Registration form [...]<\/p>","protected":false},"author":1,"featured_media":0,"parent":0,"menu_order":0,"comment_status":"closed","ping_status":"closed","template":"","meta":{"_acf_changed":false,"footnotes":""},"class_list":["post-2318","page","type-page","status-publish","hentry"],"acf":[],"yoast_head":"<!-- This site is optimized with the Yoast SEO Premium plugin v25.7.1 (Yoast SEO v25.7) - https:\/\/yoast.com\/wordpress\/plugins\/seo\/ -->\n<title>IK re\u0123istr\u0101cija * UR Online Uz\u0146\u0113mumu Re\u0123istra pakalpojumi<\/title>\n<meta name=\"robots\" content=\"index, follow, max-snippet:-1, max-image-preview:large, max-video-preview:-1\" \/>\n<link rel=\"canonical\" href=\"https:\/\/uronline.lv\/en\/2318-2\/\" \/>\n<meta property=\"og:locale\" content=\"en_US\" \/>\n<meta property=\"og:type\" content=\"article\" \/>\n<meta property=\"og:title\" content=\"IK re\u0123istr\u0101cija\" \/>\n<meta property=\"og:description\" content=\"IK re\u0123istr\u0101cijas forma uronline.lv vietn\u0113 m\u0113s saprotam uztic\u012bbas un p\u0101rskat\u0101m\u012bbas noz\u012bmi jebkur\u0101s biznesa attiec\u012bb\u0101s. M\u0113s v\u0113lamies jums apliecin\u0101t, ka j\u016bsu dati tiek apstr\u0101d\u0101ti ar visliel\u0101ko r\u016bp\u012bbu un konfidencialit\u0101ti. J\u016bsu personas inform\u0101cijas aizsardz\u012bba ir m\u016bsu galven\u0101 priorit\u0101te, un m\u0113s iev\u0113rojam stingrus datu aizsardz\u012bbas pas\u0101kumus. L\u016bdzu aizpildiet formu pirms vai p\u0113c pakalpojuma apmaksas! Re\u0123istr\u0101cijas formas aizpild\u012b\u0161anas laiks [&hellip;]\" \/>\n<meta property=\"og:url\" content=\"https:\/\/uronline.lv\/en\/2318-2\/\" \/>\n<meta property=\"og:site_name\" content=\"UR Online Uz\u0146\u0113mumu Re\u0123istra pakalpojumi\" \/>\n<meta property=\"article:publisher\" content=\"https:\/\/www.facebook.com\/profile.php?id=100094762527243\" \/>\n<meta property=\"article:modified_time\" content=\"2025-06-10T09:50:10+00:00\" \/>\n<meta name=\"twitter:card\" content=\"summary_large_image\" \/>\n<meta name=\"twitter:label1\" content=\"Est. reading time\" \/>\n\t<meta name=\"twitter:data1\" content=\"1 minute\" \/>\n<script type=\"application\/ld+json\" class=\"yoast-schema-graph\">{\"@context\":\"https:\/\/schema.org\",\"@graph\":[{\"@type\":\"WebPage\",\"@id\":\"https:\/\/uronline.lv\/2318-2\/\",\"url\":\"https:\/\/uronline.lv\/2318-2\/\",\"name\":\"IK re\u0123istr\u0101cija * UR Online Uz\u0146\u0113mumu Re\u0123istra pakalpojumi\",\"isPartOf\":{\"@id\":\"https:\/\/uronline.lv\/#website\"},\"datePublished\":\"2024-08-26T07:45:39+00:00\",\"dateModified\":\"2025-06-10T09:50:10+00:00\",\"breadcrumb\":{\"@id\":\"https:\/\/uronline.lv\/2318-2\/#breadcrumb\"},\"inLanguage\":\"en-US\",\"potentialAction\":[{\"@type\":\"ReadAction\",\"target\":[\"https:\/\/uronline.lv\/2318-2\/\"]}]},{\"@type\":\"BreadcrumbList\",\"@id\":\"https:\/\/uronline.lv\/2318-2\/#breadcrumb\",\"itemListElement\":[{\"@type\":\"ListItem\",\"position\":1,\"name\":\"Home\",\"item\":\"https:\/\/uronline.lv\/\"},{\"@type\":\"ListItem\",\"position\":2,\"name\":\"IK re\u0123istr\u0101cija\"}]},{\"@type\":\"WebSite\",\"@id\":\"https:\/\/uronline.lv\/#website\",\"url\":\"https:\/\/uronline.lv\/\",\"name\":\"UR Online Uz\u0146\u0113mumu Re\u0123istra pakalpojumi\",\"description\":\"Online Uz\u0146\u0113mumu Re\u0123istra pakalpojumi\",\"publisher\":{\"@id\":\"https:\/\/uronline.lv\/#organization\"},\"potentialAction\":[{\"@type\":\"SearchAction\",\"target\":{\"@type\":\"EntryPoint\",\"urlTemplate\":\"https:\/\/uronline.lv\/?s={search_term_string}\"},\"query-input\":{\"@type\":\"PropertyValueSpecification\",\"valueRequired\":true,\"valueName\":\"search_term_string\"}}],\"inLanguage\":\"en-US\"},{\"@type\":\"Organization\",\"@id\":\"https:\/\/uronline.lv\/#organization\",\"name\":\"Global V\",\"url\":\"https:\/\/uronline.lv\/\",\"logo\":{\"@type\":\"ImageObject\",\"inLanguage\":\"en-US\",\"@id\":\"https:\/\/uronline.lv\/#\/schema\/logo\/image\/\",\"url\":\"https:\/\/uronline.lv\/wp-content\/uploads\/2023\/07\/Untitled-design.png\",\"contentUrl\":\"https:\/\/uronline.lv\/wp-content\/uploads\/2023\/07\/Untitled-design.png\",\"width\":1200,\"height\":500,\"caption\":\"Global V\"},\"image\":{\"@id\":\"https:\/\/uronline.lv\/#\/schema\/logo\/image\/\"},\"sameAs\":[\"https:\/\/www.facebook.com\/profile.php?id=100094762527243\"]}]}<\/script>\n<!-- \/ Yoast SEO Premium plugin. -->","yoast_head_json":{"title":"IK registration * UR Online Business Register services","robots":{"index":"index","follow":"follow","max-snippet":"max-snippet:-1","max-image-preview":"max-image-preview:large","max-video-preview":"max-video-preview:-1"},"canonical":"https:\/\/uronline.lv\/en\/2318-2\/","og_locale":"en_US","og_type":"article","og_title":"IK re\u0123istr\u0101cija","og_description":"IK re\u0123istr\u0101cijas forma uronline.lv vietn\u0113 m\u0113s saprotam uztic\u012bbas un p\u0101rskat\u0101m\u012bbas noz\u012bmi jebkur\u0101s biznesa attiec\u012bb\u0101s. M\u0113s v\u0113lamies jums apliecin\u0101t, ka j\u016bsu dati tiek apstr\u0101d\u0101ti ar visliel\u0101ko r\u016bp\u012bbu un konfidencialit\u0101ti. J\u016bsu personas inform\u0101cijas aizsardz\u012bba ir m\u016bsu galven\u0101 priorit\u0101te, un m\u0113s iev\u0113rojam stingrus datu aizsardz\u012bbas pas\u0101kumus. L\u016bdzu aizpildiet formu pirms vai p\u0113c pakalpojuma apmaksas! Re\u0123istr\u0101cijas formas aizpild\u012b\u0161anas laiks [&hellip;]","og_url":"https:\/\/uronline.lv\/en\/2318-2\/","og_site_name":"UR Online Uz\u0146\u0113mumu Re\u0123istra pakalpojumi","article_publisher":"https:\/\/www.facebook.com\/profile.php?id=100094762527243","article_modified_time":"2025-06-10T09:50:10+00:00","twitter_card":"summary_large_image","twitter_misc":{"Est. reading time":"1 minute"},"schema":{"@context":"https:\/\/schema.org","@graph":[{"@type":"WebPage","@id":"https:\/\/uronline.lv\/2318-2\/","url":"https:\/\/uronline.lv\/2318-2\/","name":"IK registration * UR Online Business Register services","isPartOf":{"@id":"https:\/\/uronline.lv\/#website"},"datePublished":"2024-08-26T07:45:39+00:00","dateModified":"2025-06-10T09:50:10+00:00","breadcrumb":{"@id":"https:\/\/uronline.lv\/2318-2\/#breadcrumb"},"inLanguage":"en-US","potentialAction":[{"@type":"ReadAction","target":["https:\/\/uronline.lv\/2318-2\/"]}]},{"@type":"BreadcrumbList","@id":"https:\/\/uronline.lv\/2318-2\/#breadcrumb","itemListElement":[{"@type":"ListItem","position":1,"name":"Home","item":"https:\/\/uronline.lv\/"},{"@type":"ListItem","position":2,"name":"IK re\u0123istr\u0101cija"}]},{"@type":"WebSite","@id":"https:\/\/uronline.lv\/#website","url":"https:\/\/uronline.lv\/","name":"UR Online Business Register services","description":"Online Business Register services","publisher":{"@id":"https:\/\/uronline.lv\/#organization"},"potentialAction":[{"@type":"SearchAction","target":{"@type":"EntryPoint","urlTemplate":"https:\/\/uronline.lv\/?s={search_term_string}"},"query-input":{"@type":"PropertyValueSpecification","valueRequired":true,"valueName":"search_term_string"}}],"inLanguage":"en-US"},{"@type":"Organization","@id":"https:\/\/uronline.lv\/#organization","name":"Global V","url":"https:\/\/uronline.lv\/","logo":{"@type":"ImageObject","inLanguage":"en-US","@id":"https:\/\/uronline.lv\/#\/schema\/logo\/image\/","url":"https:\/\/uronline.lv\/wp-content\/uploads\/2023\/07\/Untitled-design.png","contentUrl":"https:\/\/uronline.lv\/wp-content\/uploads\/2023\/07\/Untitled-design.png","width":1200,"height":500,"caption":"Global V"},"image":{"@id":"https:\/\/uronline.lv\/#\/schema\/logo\/image\/"},"sameAs":["https:\/\/www.facebook.com\/profile.php?id=100094762527243"]}]}},"jetpack_sharing_enabled":true,"_links":{"self":[{"href":"https:\/\/uronline.lv\/en\/wp-json\/wp\/v2\/pages\/2318","targetHints":{"allow":["GET"]}}],"collection":[{"href":"https:\/\/uronline.lv\/en\/wp-json\/wp\/v2\/pages"}],"about":[{"href":"https:\/\/uronline.lv\/en\/wp-json\/wp\/v2\/types\/page"}],"author":[{"embeddable":true,"href":"https:\/\/uronline.lv\/en\/wp-json\/wp\/v2\/users\/1"}],"replies":[{"embeddable":true,"href":"https:\/\/uronline.lv\/en\/wp-json\/wp\/v2\/comments?post=2318"}],"version-history":[{"count":20,"href":"https:\/\/uronline.lv\/en\/wp-json\/wp\/v2\/pages\/2318\/revisions"}],"predecessor-version":[{"id":3267,"href":"https:\/\/uronline.lv\/en\/wp-json\/wp\/v2\/pages\/2318\/revisions\/3267"}],"wp:attachment":[{"href":"https:\/\/uronline.lv\/en\/wp-json\/wp\/v2\/media?parent=2318"}],"curies":[{"name":"wp","href":"https:\/\/api.w.org\/{rel}","templated":true}]}}