{"id":1089,"date":"2023-08-04T15:14:30","date_gmt":"2023-08-04T12:14:30","guid":{"rendered":"https:\/\/uronline.lv\/?page_id=1089"},"modified":"2026-03-04T11:13:19","modified_gmt":"2026-03-04T09:13:19","slug":"posts","status":"publish","type":"page","link":"https:\/\/uronline.lv\/en\/posts\/","title":{"rendered":"Articles"},"content":{"rendered":"<div data-elementor-type=\"wp-page\" data-elementor-id=\"1089\" class=\"elementor elementor-1089\" data-elementor-post-type=\"page\">\n\t\t\t\t<div data-particle_enable=\"false\" data-particle-mobile-disabled=\"false\" class=\"elementor-element elementor-element-e0f5115 e-flex e-con-boxed e-con e-parent\" data-id=\"e0f5115\" data-element_type=\"container\" data-e-type=\"container\">\n\t\t\t\t\t<div class=\"e-con-inner\">\n\t\t\t\t<div class=\"elementor-element elementor-element-6bbbaf3 elementor-grid-eael-col-2 elementor-grid-tablet-eael-col-2 elementor-grid-mobile-eael-col-1 elementor-widget elementor-widget-eael-post-grid\" data-id=\"6bbbaf3\" data-element_type=\"widget\" data-e-type=\"widget\" data-settings=\"{&quot;eael_post_grid_columns&quot;:&quot;eael-col-2&quot;,&quot;eael_post_grid_columns_tablet&quot;:&quot;eael-col-2&quot;,&quot;eael_post_grid_columns_mobile&quot;:&quot;eael-col-1&quot;}\" data-widget_type=\"eael-post-grid.default\">\n\t\t\t\t<div class=\"elementor-widget-container\">\n\t\t\t\t\t<div id=\"eael-post-grid-6bbbaf3\" class=\"eael-post-grid-container\">\n            <div class=\"eael-post-grid eael-post-appender eael-post-appender-6bbbaf3 eael-post-grid-style-three\" data-layout-mode=\"masonry\"><article class=\"eael-grid-post  eael-post-grid-column eael-pg-post-4514 category-uncategorized-lv\" data-id=\"4514\">\n        <div class=\"eael-grid-post-holder\">\n            <div class=\"eael-grid-post-holder-inner\"><div class=\"eael-entry-media\"><div class=\"eael-entry-overlay fade-in\"><i class=\"fas fa-long-arrow-alt-right\" aria-hidden=\"true\"><\/i><a href=\"https:\/\/uronline.lv\/en\/pardod-sia\/\"><\/a><\/div><div class=\"eael-entry-thumbnail\">\n                 <img fetchpriority=\"high\" decoding=\"async\" width=\"768\" height=\"644\" src=\"https:\/\/uronline.lv\/wp-content\/uploads\/2026\/03\/Pardod-SIA-ar-PVN-768x644.jpg\" class=\"attachment-medium_large size-medium_large wp-image-4519\" alt=\"Sold Ltd with VAT\" srcset=\"https:\/\/uronline.lv\/wp-content\/uploads\/2026\/03\/Pardod-SIA-ar-PVN-768x644.jpg 768w, https:\/\/uronline.lv\/wp-content\/uploads\/2026\/03\/Pardod-SIA-ar-PVN-300x251.jpg 300w, https:\/\/uronline.lv\/wp-content\/uploads\/2026\/03\/Pardod-SIA-ar-PVN-14x12.jpg 14w, https:\/\/uronline.lv\/wp-content\/uploads\/2026\/03\/Pardod-SIA-ar-PVN-600x503.jpg 600w, https:\/\/uronline.lv\/wp-content\/uploads\/2026\/03\/Pardod-SIA-ar-PVN.jpg 940w\" sizes=\"(max-width: 768px) 100vw, 768px\" \/>\n             <\/div>\n        <\/div><div class=\"eael-entry-wrapper\"><header class=\"eael-entry-header\"><h2 class=\"eael-entry-title\"><a class=\"eael-grid-post-link\" href=\"https:\/\/uronline.lv\/en\/pardod-sia\/\" title=\"For sale SIA\">For sale SIA<\/a><\/h2><\/header><div class=\"eael-entry-meta\"><span class=\"eael-posted-by\"><a href=\"https:\/\/uronline.lv\/en\/author\/siaexpert-lv\/\" title=\"Posts by uronline.lv\" rel=\"author\">uronline.lv<\/a><\/span><span class=\"eael-posted-on\"><time datetime=\"10 March 2026\">10 March 2026<\/time><\/span><\/div><\/div><\/div>\n        <\/div>\n    <\/article><article class=\"eael-grid-post  eael-post-grid-column eael-pg-post-3059 category-uncategorized-lv\" data-id=\"3059\">\n        <div class=\"eael-grid-post-holder\">\n            <div class=\"eael-grid-post-holder-inner\"><div class=\"eael-entry-media\"><div class=\"eael-entry-overlay fade-in\"><i class=\"fas fa-long-arrow-alt-right\" aria-hidden=\"true\"><\/i><a href=\"https:\/\/uronline.lv\/en\/arkart-dividends\/\"><\/a><\/div><div class=\"eael-entry-thumbnail\">\n                 <img decoding=\"async\" width=\"768\" height=\"644\" src=\"https:\/\/uronline.lv\/wp-content\/uploads\/2025\/08\/arkartas-dividendes-768x644.jpg\" class=\"attachment-medium_large size-medium_large wp-image-4500\" alt=\"out-of-pocket dividends\" srcset=\"https:\/\/uronline.lv\/wp-content\/uploads\/2025\/08\/arkartas-dividendes-768x644.jpg 768w, https:\/\/uronline.lv\/wp-content\/uploads\/2025\/08\/arkartas-dividendes-300x251.jpg 300w, https:\/\/uronline.lv\/wp-content\/uploads\/2025\/08\/arkartas-dividendes-14x12.jpg 14w, https:\/\/uronline.lv\/wp-content\/uploads\/2025\/08\/arkartas-dividendes-600x503.jpg 600w, https:\/\/uronline.lv\/wp-content\/uploads\/2025\/08\/arkartas-dividendes.jpg 940w\" sizes=\"(max-width: 768px) 100vw, 768px\" \/>\n             <\/div>\n        <\/div><div class=\"eael-entry-wrapper\"><header class=\"eael-entry-header\"><h2 class=\"eael-entry-title\"><a class=\"eael-grid-post-link\" href=\"https:\/\/uronline.lv\/en\/arkart-dividends\/\" title=\"What is an extraordinary dividend? (2026)\">What is an extraordinary dividend? (2026)<\/a><\/h2><\/header><div class=\"eael-entry-meta\"><span class=\"eael-posted-by\"><a href=\"https:\/\/uronline.lv\/en\/author\/jurists\/\" title=\"Posts by J\u0101nis Liepi\u0146\u0161\" rel=\"author\">lawyer J\u0101nis Liepi\u0146\u0161<\/a><\/span><span class=\"eael-posted-on\"><time datetime=\"10 March 2026\">10 March 2026<\/time><\/span><\/div><\/div><\/div>\n        <\/div>\n    <\/article><article class=\"eael-grid-post  eael-post-grid-column eael-pg-post-2973 category-uncategorized-lv\" data-id=\"2973\">\n        <div class=\"eael-grid-post-holder\">\n            <div class=\"eael-grid-post-holder-inner\"><div class=\"eael-entry-media\"><div class=\"eael-entry-overlay fade-in\"><i class=\"fas fa-long-arrow-alt-right\" aria-hidden=\"true\"><\/i><a href=\"https:\/\/uronline.lv\/en\/the-purchase-of-a-subsidiary\/\"><\/a><\/div><div class=\"eael-entry-thumbnail\">\n                 <img decoding=\"async\" width=\"768\" height=\"427\" src=\"https:\/\/uronline.lv\/wp-content\/uploads\/2025\/03\/Screenshot-2025-04-23-101458-768x427.jpg\" class=\"attachment-medium_large size-medium_large wp-image-3110\" alt=\"for sale buy a company SIA\" srcset=\"https:\/\/uronline.lv\/wp-content\/uploads\/2025\/03\/Screenshot-2025-04-23-101458-768x427.jpg 768w, https:\/\/uronline.lv\/wp-content\/uploads\/2025\/03\/Screenshot-2025-04-23-101458-300x167.jpg 300w, https:\/\/uronline.lv\/wp-content\/uploads\/2025\/03\/Screenshot-2025-04-23-101458-600x333.jpg 600w, https:\/\/uronline.lv\/wp-content\/uploads\/2025\/03\/Screenshot-2025-04-23-101458.jpg 968w\" sizes=\"(max-width: 768px) 100vw, 768px\" \/>\n             <\/div>\n        <\/div><div class=\"eael-entry-wrapper\"><header class=\"eael-entry-header\"><h2 class=\"eael-entry-title\"><a class=\"eael-grid-post-link\" href=\"https:\/\/uronline.lv\/en\/the-purchase-of-a-subsidiary\/\" title=\"Buy a company (SIA)\">Buy a company (SIA)<\/a><\/h2><\/header><div class=\"eael-entry-meta\"><span class=\"eael-posted-by\"><a href=\"https:\/\/uronline.lv\/en\/author\/jurists\/\" title=\"Posts by J\u0101nis Liepi\u0146\u0161\" rel=\"author\">lawyer J\u0101nis Liepi\u0146\u0161<\/a><\/span><span class=\"eael-posted-on\"><time datetime=\"10 March 2026\">10 March 2026<\/time><\/span><\/div><\/div><\/div>\n        <\/div>\n    <\/article><article class=\"eael-grid-post  eael-post-grid-column eael-pg-post-4459 category-uncategorized-lv\" data-id=\"4459\">\n        <div class=\"eael-grid-post-holder\">\n            <div class=\"eael-grid-post-holder-inner\"><div class=\"eael-entry-media\"><div class=\"eael-entry-overlay fade-in\"><i class=\"fas fa-long-arrow-alt-right\" aria-hidden=\"true\"><\/i><a href=\"https:\/\/uronline.lv\/en\/increase-in-share-capital\/\"><\/a><\/div><div class=\"eael-entry-thumbnail\">\n                 <img loading=\"lazy\" decoding=\"async\" width=\"768\" height=\"644\" src=\"https:\/\/uronline.lv\/wp-content\/uploads\/2026\/03\/Pamatkapitala-palielinasana-2026-768x644.jpg\" class=\"attachment-medium_large size-medium_large wp-image-4461\" alt=\"Increase in share capital\" srcset=\"https:\/\/uronline.lv\/wp-content\/uploads\/2026\/03\/Pamatkapitala-palielinasana-2026-768x644.jpg 768w, https:\/\/uronline.lv\/wp-content\/uploads\/2026\/03\/Pamatkapitala-palielinasana-2026-300x251.jpg 300w, https:\/\/uronline.lv\/wp-content\/uploads\/2026\/03\/Pamatkapitala-palielinasana-2026-14x12.jpg 14w, https:\/\/uronline.lv\/wp-content\/uploads\/2026\/03\/Pamatkapitala-palielinasana-2026-600x503.jpg 600w, https:\/\/uronline.lv\/wp-content\/uploads\/2026\/03\/Pamatkapitala-palielinasana-2026.jpg 940w\" sizes=\"(max-width: 768px) 100vw, 768px\" \/>\n             <\/div>\n        <\/div><div class=\"eael-entry-wrapper\"><header class=\"eael-entry-header\"><h2 class=\"eael-entry-title\"><a class=\"eael-grid-post-link\" href=\"https:\/\/uronline.lv\/en\/increase-in-share-capital\/\" title=\"Share capital increase 2026: How to do it?\">Share capital increase 2026: How to do it?<\/a><\/h2><\/header><div class=\"eael-entry-meta\"><span class=\"eael-posted-by\"><a href=\"https:\/\/uronline.lv\/en\/author\/siaexpert-lv\/\" title=\"Posts by uronline.lv\" rel=\"author\">uronline.lv<\/a><\/span><span class=\"eael-posted-on\"><time datetime=\"10 March 2026\">10 March 2026<\/time><\/span><\/div><\/div><\/div>\n        <\/div>\n    <\/article><\/div>\n            <div class=\"clearfix\"><\/div>\n        <\/div>            <div class=\"eael-load-more-button-wrap eael-infinity-scroll\" data-offset=\"-200\">\n                <button class=\"eael-load-more-button\" id=\"eael-load-more-btn-6bbbaf3\" data-widget-id=\"6bbbaf3\" data-widget=\"6bbbaf3\" data-page-id=\"1089\" data-template=\"{&quot;dir&quot;:&quot;lite&quot;,&quot;file_name&quot;:&quot;three.php&quot;,&quot;name&quot;:&quot;Post-Grid&quot;}\" data-class=\"Essential_Addons_Elementor\\Elements\\Post_Grid\" data-layout=\"masonry\" data-page=\"1\" data-args=\"orderby=date&amp;order=desc&amp;ignore_sticky_posts=1&amp;post_status=publish&amp;posts_per_page=4&amp;offset=0&amp;post_type=post\" data-max-page=\"3\">\n                    <span class=\"eael-btn-loader button__loader\"><\/span>\n                    <span class=\"eael_load_more_text\">Load More<\/span>\n                <\/button>\n            <\/div>\n            \t\t\t\t<\/div>\n\t\t\t\t<\/div>\n\t\t\t\t\t<\/div>\n\t\t\t\t<\/div>\n\t\t\t\t<\/div>","protected":false},"excerpt":{"rendered":"<p>Establishment and Registration of a Limited Liability Company [2026] J\u0101nis Liepi\u0146\u01613 March 2026 Opening a Temporary Account 2026: Tips and Solutions J\u0101nis Liepi\u0146\u01613 March 2026 Share Capital of an LLC 2026: Tips and Options J\u0101nis Liepi\u0146\u01613 March 2026 Liquidation of a Company (LLC) 2026: Step by Step Guide J\u0101nis Liepi\u0146\u016128 February 2026 Load More<\/p>","protected":false},"author":1,"featured_media":0,"parent":0,"menu_order":0,"comment_status":"closed","ping_status":"closed","template":"","meta":{"_acf_changed":false,"footnotes":""},"class_list":["post-1089","page","type-page","status-publish","hentry"],"acf":[],"yoast_head":"<!-- This site is optimized with the Yoast SEO Premium plugin v25.7.1 (Yoast SEO v25.7) - https:\/\/yoast.com\/wordpress\/plugins\/seo\/ -->\n<title>Raksti * UR Online Uz\u0146\u0113mumu Re\u0123istra pakalpojumi<\/title>\n<meta name=\"robots\" content=\"index, follow, max-snippet:-1, max-image-preview:large, max-video-preview:-1\" \/>\n<link rel=\"canonical\" href=\"https:\/\/uronline.lv\/en\/posts\/\" \/>\n<meta property=\"og:locale\" content=\"en_US\" \/>\n<meta property=\"og:type\" content=\"article\" \/>\n<meta property=\"og:title\" content=\"Raksti\" \/>\n<meta property=\"og:description\" content=\"Uz\u0146\u0113muma SIA dibin\u0101\u0161ana un re\u0123istr\u0101cija [2026] jurists J\u0101nis Liepi\u0146\u01613 marts 2026 Pagaidu konta atv\u0113r\u0161ana 2026: Padomi un risin\u0101jumi jurists J\u0101nis Liepi\u0146\u01613 marts 2026 SIA pamatkapit\u0101ls 2026: Padomi un Iesp\u0113jas. jurists J\u0101nis Liepi\u0146\u01613 marts 2026 Uz\u0146\u0113muma (SIA) Likvid\u0101cija 2026: Soli pa Solim Ce\u013cvedis jurists J\u0101nis Liepi\u0146\u016128 febru\u0101ris 2026 Load More\" \/>\n<meta property=\"og:url\" content=\"https:\/\/uronline.lv\/en\/posts\/\" \/>\n<meta property=\"og:site_name\" content=\"UR Online Uz\u0146\u0113mumu Re\u0123istra pakalpojumi\" \/>\n<meta property=\"article:publisher\" content=\"https:\/\/www.facebook.com\/profile.php?id=100094762527243\" \/>\n<meta property=\"article:modified_time\" content=\"2026-03-04T09:13:19+00:00\" \/>\n<meta property=\"og:image\" content=\"https:\/\/uronline.lv\/wp-content\/uploads\/2025\/08\/Uznemuma-SIA-dibinasana-un-registracija-2026.jpg\" \/>\n\t<meta property=\"og:image:width\" content=\"940\" \/>\n\t<meta property=\"og:image:height\" content=\"788\" \/>\n\t<meta property=\"og:image:type\" content=\"image\/jpeg\" \/>\n<meta name=\"twitter:card\" content=\"summary_large_image\" \/>\n<meta name=\"twitter:label1\" content=\"Est. reading time\" \/>\n\t<meta name=\"twitter:data1\" content=\"2 minutes\" \/>\n<script type=\"application\/ld+json\" class=\"yoast-schema-graph\">{\"@context\":\"https:\/\/schema.org\",\"@graph\":[{\"@type\":\"WebPage\",\"@id\":\"https:\/\/uronline.lv\/posts\/\",\"url\":\"https:\/\/uronline.lv\/posts\/\",\"name\":\"Raksti * UR Online Uz\u0146\u0113mumu Re\u0123istra pakalpojumi\",\"isPartOf\":{\"@id\":\"https:\/\/uronline.lv\/#website\"},\"primaryImageOfPage\":{\"@id\":\"https:\/\/uronline.lv\/posts\/#primaryimage\"},\"image\":{\"@id\":\"https:\/\/uronline.lv\/posts\/#primaryimage\"},\"thumbnailUrl\":\"https:\/\/uronline.lv\/wp-content\/uploads\/2025\/08\/Uznemuma-SIA-dibinasana-un-registracija-2026-768x644.jpg\",\"datePublished\":\"2023-08-04T12:14:30+00:00\",\"dateModified\":\"2026-03-04T09:13:19+00:00\",\"breadcrumb\":{\"@id\":\"https:\/\/uronline.lv\/posts\/#breadcrumb\"},\"inLanguage\":\"en-US\",\"potentialAction\":[{\"@type\":\"ReadAction\",\"target\":[\"https:\/\/uronline.lv\/posts\/\"]}]},{\"@type\":\"ImageObject\",\"inLanguage\":\"en-US\",\"@id\":\"https:\/\/uronline.lv\/posts\/#primaryimage\",\"url\":\"https:\/\/uronline.lv\/wp-content\/uploads\/2025\/08\/Uznemuma-SIA-dibinasana-un-registracija-2026-768x644.jpg\",\"contentUrl\":\"https:\/\/uronline.lv\/wp-content\/uploads\/2025\/08\/Uznemuma-SIA-dibinasana-un-registracija-2026-768x644.jpg\"},{\"@type\":\"BreadcrumbList\",\"@id\":\"https:\/\/uronline.lv\/posts\/#breadcrumb\",\"itemListElement\":[{\"@type\":\"ListItem\",\"position\":1,\"name\":\"Home\",\"item\":\"https:\/\/uronline.lv\/\"},{\"@type\":\"ListItem\",\"position\":2,\"name\":\"Raksti\"}]},{\"@type\":\"WebSite\",\"@id\":\"https:\/\/uronline.lv\/#website\",\"url\":\"https:\/\/uronline.lv\/\",\"name\":\"UR Online Uz\u0146\u0113mumu Re\u0123istra pakalpojumi\",\"description\":\"Online Uz\u0146\u0113mumu Re\u0123istra pakalpojumi\",\"publisher\":{\"@id\":\"https:\/\/uronline.lv\/#organization\"},\"potentialAction\":[{\"@type\":\"SearchAction\",\"target\":{\"@type\":\"EntryPoint\",\"urlTemplate\":\"https:\/\/uronline.lv\/?s={search_term_string}\"},\"query-input\":{\"@type\":\"PropertyValueSpecification\",\"valueRequired\":true,\"valueName\":\"search_term_string\"}}],\"inLanguage\":\"en-US\"},{\"@type\":\"Organization\",\"@id\":\"https:\/\/uronline.lv\/#organization\",\"name\":\"Global V\",\"url\":\"https:\/\/uronline.lv\/\",\"logo\":{\"@type\":\"ImageObject\",\"inLanguage\":\"en-US\",\"@id\":\"https:\/\/uronline.lv\/#\/schema\/logo\/image\/\",\"url\":\"https:\/\/uronline.lv\/wp-content\/uploads\/2023\/07\/Untitled-design.png\",\"contentUrl\":\"https:\/\/uronline.lv\/wp-content\/uploads\/2023\/07\/Untitled-design.png\",\"width\":1200,\"height\":500,\"caption\":\"Global V\"},\"image\":{\"@id\":\"https:\/\/uronline.lv\/#\/schema\/logo\/image\/\"},\"sameAs\":[\"https:\/\/www.facebook.com\/profile.php?id=100094762527243\"]}]}<\/script>\n<!-- \/ Yoast SEO Premium plugin. -->","yoast_head_json":{"title":"Articles * UR Online Business Register Services","robots":{"index":"index","follow":"follow","max-snippet":"max-snippet:-1","max-image-preview":"max-image-preview:large","max-video-preview":"max-video-preview:-1"},"canonical":"https:\/\/uronline.lv\/en\/posts\/","og_locale":"en_US","og_type":"article","og_title":"Raksti","og_description":"Uz\u0146\u0113muma SIA dibin\u0101\u0161ana un re\u0123istr\u0101cija [2026] jurists J\u0101nis Liepi\u0146\u01613 marts 2026 Pagaidu konta atv\u0113r\u0161ana 2026: Padomi un risin\u0101jumi jurists J\u0101nis Liepi\u0146\u01613 marts 2026 SIA pamatkapit\u0101ls 2026: Padomi un Iesp\u0113jas. jurists J\u0101nis Liepi\u0146\u01613 marts 2026 Uz\u0146\u0113muma (SIA) Likvid\u0101cija 2026: Soli pa Solim Ce\u013cvedis jurists J\u0101nis Liepi\u0146\u016128 febru\u0101ris 2026 Load More","og_url":"https:\/\/uronline.lv\/en\/posts\/","og_site_name":"UR Online Uz\u0146\u0113mumu Re\u0123istra pakalpojumi","article_publisher":"https:\/\/www.facebook.com\/profile.php?id=100094762527243","article_modified_time":"2026-03-04T09:13:19+00:00","og_image":[{"width":940,"height":788,"url":"https:\/\/uronline.lv\/wp-content\/uploads\/2025\/08\/Uznemuma-SIA-dibinasana-un-registracija-2026.jpg","type":"image\/jpeg"}],"twitter_card":"summary_large_image","twitter_misc":{"Est. reading time":"2 minutes"},"schema":{"@context":"https:\/\/schema.org","@graph":[{"@type":"WebPage","@id":"https:\/\/uronline.lv\/posts\/","url":"https:\/\/uronline.lv\/posts\/","name":"Articles * UR Online Business Register Services","isPartOf":{"@id":"https:\/\/uronline.lv\/#website"},"primaryImageOfPage":{"@id":"https:\/\/uronline.lv\/posts\/#primaryimage"},"image":{"@id":"https:\/\/uronline.lv\/posts\/#primaryimage"},"thumbnailUrl":"https:\/\/uronline.lv\/wp-content\/uploads\/2025\/08\/Uznemuma-SIA-dibinasana-un-registracija-2026-768x644.jpg","datePublished":"2023-08-04T12:14:30+00:00","dateModified":"2026-03-04T09:13:19+00:00","breadcrumb":{"@id":"https:\/\/uronline.lv\/posts\/#breadcrumb"},"inLanguage":"en-US","potentialAction":[{"@type":"ReadAction","target":["https:\/\/uronline.lv\/posts\/"]}]},{"@type":"ImageObject","inLanguage":"en-US","@id":"https:\/\/uronline.lv\/posts\/#primaryimage","url":"https:\/\/uronline.lv\/wp-content\/uploads\/2025\/08\/Uznemuma-SIA-dibinasana-un-registracija-2026-768x644.jpg","contentUrl":"https:\/\/uronline.lv\/wp-content\/uploads\/2025\/08\/Uznemuma-SIA-dibinasana-un-registracija-2026-768x644.jpg"},{"@type":"BreadcrumbList","@id":"https:\/\/uronline.lv\/posts\/#breadcrumb","itemListElement":[{"@type":"ListItem","position":1,"name":"Home","item":"https:\/\/uronline.lv\/"},{"@type":"ListItem","position":2,"name":"Raksti"}]},{"@type":"WebSite","@id":"https:\/\/uronline.lv\/#website","url":"https:\/\/uronline.lv\/","name":"UR Online Business Register services","description":"Online Business Register services","publisher":{"@id":"https:\/\/uronline.lv\/#organization"},"potentialAction":[{"@type":"SearchAction","target":{"@type":"EntryPoint","urlTemplate":"https:\/\/uronline.lv\/?s={search_term_string}"},"query-input":{"@type":"PropertyValueSpecification","valueRequired":true,"valueName":"search_term_string"}}],"inLanguage":"en-US"},{"@type":"Organization","@id":"https:\/\/uronline.lv\/#organization","name":"Global V","url":"https:\/\/uronline.lv\/","logo":{"@type":"ImageObject","inLanguage":"en-US","@id":"https:\/\/uronline.lv\/#\/schema\/logo\/image\/","url":"https:\/\/uronline.lv\/wp-content\/uploads\/2023\/07\/Untitled-design.png","contentUrl":"https:\/\/uronline.lv\/wp-content\/uploads\/2023\/07\/Untitled-design.png","width":1200,"height":500,"caption":"Global V"},"image":{"@id":"https:\/\/uronline.lv\/#\/schema\/logo\/image\/"},"sameAs":["https:\/\/www.facebook.com\/profile.php?id=100094762527243"]}]}},"jetpack_sharing_enabled":true,"_links":{"self":[{"href":"https:\/\/uronline.lv\/en\/wp-json\/wp\/v2\/pages\/1089","targetHints":{"allow":["GET"]}}],"collection":[{"href":"https:\/\/uronline.lv\/en\/wp-json\/wp\/v2\/pages"}],"about":[{"href":"https:\/\/uronline.lv\/en\/wp-json\/wp\/v2\/types\/page"}],"author":[{"embeddable":true,"href":"https:\/\/uronline.lv\/en\/wp-json\/wp\/v2\/users\/1"}],"replies":[{"embeddable":true,"href":"https:\/\/uronline.lv\/en\/wp-json\/wp\/v2\/comments?post=1089"}],"version-history":[{"count":23,"href":"https:\/\/uronline.lv\/en\/wp-json\/wp\/v2\/pages\/1089\/revisions"}],"predecessor-version":[{"id":4362,"href":"https:\/\/uronline.lv\/en\/wp-json\/wp\/v2\/pages\/1089\/revisions\/4362"}],"wp:attachment":[{"href":"https:\/\/uronline.lv\/en\/wp-json\/wp\/v2\/media?parent=1089"}],"curies":[{"name":"wp","href":"https:\/\/api.w.org\/{rel}","templated":true}]}}